{"id":354,"date":"2021-04-18T16:21:20","date_gmt":"2021-04-18T14:21:20","guid":{"rendered":"http:\/\/twofeetadventures.de\/?page_id=354"},"modified":"2022-12-17T13:22:22","modified_gmt":"2022-12-17T12:22:22","slug":"wer-wir-sind","status":"publish","type":"page","link":"https:\/\/twofeetadventures.de\/de_de\/wer-wir-sind\/","title":{"rendered":"WER WIR SIND"},"content":{"rendered":"\n<figure class=\"wp-block-image size-large is-resized\"><img loading=\"lazy\" decoding=\"async\" data-attachment-id=\"1023\" data-permalink=\"https:\/\/twofeetadventures.de\/de_de\/sequenz-01-00_06_44_25-standbild007\/\" data-orig-file=\"https:\/\/twofeetadventures.de\/wp-content\/uploads\/2021\/05\/Sequenz-01.00_06_44_25.Standbild007-scaled.jpg\" data-orig-size=\"2560,1440\" data-comments-opened=\"1\" data-image-meta=\"{&quot;aperture&quot;:&quot;0&quot;,&quot;credit&quot;:&quot;&quot;,&quot;camera&quot;:&quot;&quot;,&quot;caption&quot;:&quot;&quot;,&quot;created_timestamp&quot;:&quot;0&quot;,&quot;copyright&quot;:&quot;&quot;,&quot;focal_length&quot;:&quot;0&quot;,&quot;iso&quot;:&quot;0&quot;,&quot;shutter_speed&quot;:&quot;0&quot;,&quot;title&quot;:&quot;&quot;,&quot;orientation&quot;:&quot;0&quot;}\" data-image-title=\"Sequenz 01.00_06_44_25.Standbild007\" data-image-description=\"\" data-image-caption=\"\" data-medium-file=\"https:\/\/twofeetadventures.de\/wp-content\/uploads\/2021\/05\/Sequenz-01.00_06_44_25.Standbild007-300x169.jpg\" data-large-file=\"https:\/\/twofeetadventures.de\/wp-content\/uploads\/2021\/05\/Sequenz-01.00_06_44_25.Standbild007-1024x576.jpg\" src=\"http:\/\/twofeetadventures.de\/wp-content\/uploads\/2021\/05\/Sequenz-01.00_06_44_25.Standbild007-1024x576.jpg\" alt=\"\" class=\"wp-image-1023\" width=\"1180\" height=\"664\" srcset=\"https:\/\/twofeetadventures.de\/wp-content\/uploads\/2021\/05\/Sequenz-01.00_06_44_25.Standbild007-1024x576.jpg 1024w, https:\/\/twofeetadventures.de\/wp-content\/uploads\/2021\/05\/Sequenz-01.00_06_44_25.Standbild007-300x169.jpg 300w, https:\/\/twofeetadventures.de\/wp-content\/uploads\/2021\/05\/Sequenz-01.00_06_44_25.Standbild007-768x432.jpg 768w, https:\/\/twofeetadventures.de\/wp-content\/uploads\/2021\/05\/Sequenz-01.00_06_44_25.Standbild007-1536x864.jpg 1536w, https:\/\/twofeetadventures.de\/wp-content\/uploads\/2021\/05\/Sequenz-01.00_06_44_25.Standbild007-2048x1152.jpg 2048w, https:\/\/twofeetadventures.de\/wp-content\/uploads\/2021\/05\/Sequenz-01.00_06_44_25.Standbild007-541x304.jpg 541w\" sizes=\"auto, (max-width: 1180px) 100vw, 1180px\" \/><\/figure>\n\n\n\n<p><\/p>\n\n\n\n<figure class=\"wp-block-pullquote has-text-align-left has-background has-sitebg-background-color is-style-solid-color has-headings-color has-text-color\" style=\"font-size:14px\"><blockquote><p>Des Wanderns Lust ist, dass man die Zwecklosigkeit genie\u00dft. Gen\u00fcge im eigenen Selbst zu finden, das ist des Wanderns h\u00f6chste Stufe.<\/p><cite>Lieh Tse<\/cite><\/blockquote><\/figure>\n\n\n\n<h1 class=\"wp-block-heading\"><br><br><strong>\u00dcber <em>two feet adventures<\/em><\/strong><\/h1>\n\n\n\n<p>Das Wandern ist unsere Leidenschaft, die Abenteuer auf zwei F\u00fc\u00dfen. Auf den Pfaden der Welt kleine und gro\u00dfe Dinge entdecken.  Verbunden sein mit der Natur. Das Leben abseits des allt\u00e4glichen Trubels auf ein Minimum reduzieren. Die Welt und Natur bewusst und wahrhaftig erleben und genie\u00dfen.<\/p>\n\n\n\n<h1 class=\"wp-block-heading\"><strong>Die Anf\u00e4nge<\/strong><\/h1>\n\n\n\n<p>Bereits seit vielen Jahren sind wir wandernd unterwegs. Meistens waren es kleine Wanderungen wie Premium Rundwanderwege, die wir an einem Sonntagnachmittag absolviert haben. So blieb es \u00fcber viele Jahre und immer war da ein Traum,  diese Schwelle der normalen Rundwege zu \u00fcberwinden und gr\u00f6\u00dfere Pfade zu betreten. Im Jahr 2020 begannen wir unsere Touren zu verl\u00e4ngern und eigene, selbst erstellte Routen zu wandern. Zuerst wollten wir unseren eigenen, langj\u00e4hrigen Rekord von 36 Kilometer am St\u00fcck knacken. Das geschah relativ schnell. Die n\u00e4chsten Ziele +40 und +50 waren kaum sp\u00e4ter geschafft und so liegt unsere aktuelle Bestmarke bei 56 Kilometer an einem Tag. <\/p>\n\n\n\n<p>Die neu erlangte Kondition befl\u00fcgelte uns nun dazu den alten Traum anzugehen, n\u00e4mlich den Rucksack mit Zelt, Schlafsack und Kocher zu packen und die Landschaft \u00fcber mehrere Tage am St\u00fcck zu entdecken. Irgendwie fehlte immer der letzte Schritt, das auszuprobieren und so haben wir doch viel zu lange gewartet um mit unserer heutigen Leidenschaft anzufangen &#8211; dem Thru-Hiking. Dieser Begriff umschreibt allgemein verst\u00e4ndlich, einen Weit- oder Fernwanderweg zusammenh\u00e4ngend vom Anfang bis zum Ende zu bewandern. <br><br><\/p>\n\n\n\n<figure class=\"wp-block-image size-large is-resized\"><img loading=\"lazy\" decoding=\"async\" data-attachment-id=\"1017\" data-permalink=\"https:\/\/twofeetadventures.de\/de_de\/cropped-cropped-dsc00228_a-scaled-1-jpg\/\" data-orig-file=\"https:\/\/twofeetadventures.de\/wp-content\/uploads\/2021\/04\/cropped-cropped-DSC00228_a-scaled-1.jpg\" data-orig-size=\"1920,1080\" data-comments-opened=\"1\" data-image-meta=\"{&quot;aperture&quot;:&quot;0&quot;,&quot;credit&quot;:&quot;&quot;,&quot;camera&quot;:&quot;&quot;,&quot;caption&quot;:&quot;&quot;,&quot;created_timestamp&quot;:&quot;0&quot;,&quot;copyright&quot;:&quot;&quot;,&quot;focal_length&quot;:&quot;0&quot;,&quot;iso&quot;:&quot;0&quot;,&quot;shutter_speed&quot;:&quot;0&quot;,&quot;title&quot;:&quot;&quot;,&quot;orientation&quot;:&quot;0&quot;}\" data-image-title=\"cropped-cropped-DSC00228_a-scaled-1.jpg\" data-image-description=\"\" data-image-caption=\"\" data-medium-file=\"https:\/\/twofeetadventures.de\/wp-content\/uploads\/2021\/04\/cropped-cropped-DSC00228_a-scaled-1-300x169.jpg\" data-large-file=\"https:\/\/twofeetadventures.de\/wp-content\/uploads\/2021\/04\/cropped-cropped-DSC00228_a-scaled-1-1024x576.jpg\" src=\"http:\/\/twofeetadventures.de\/wp-content\/uploads\/2021\/04\/cropped-cropped-DSC00228_a-scaled-1-1024x576.jpg\" alt=\"\" class=\"wp-image-1017\" width=\"1179\" height=\"663\" srcset=\"https:\/\/twofeetadventures.de\/wp-content\/uploads\/2021\/04\/cropped-cropped-DSC00228_a-scaled-1-1024x576.jpg 1024w, https:\/\/twofeetadventures.de\/wp-content\/uploads\/2021\/04\/cropped-cropped-DSC00228_a-scaled-1-300x169.jpg 300w, https:\/\/twofeetadventures.de\/wp-content\/uploads\/2021\/04\/cropped-cropped-DSC00228_a-scaled-1-768x432.jpg 768w, https:\/\/twofeetadventures.de\/wp-content\/uploads\/2021\/04\/cropped-cropped-DSC00228_a-scaled-1-1536x864.jpg 1536w, https:\/\/twofeetadventures.de\/wp-content\/uploads\/2021\/04\/cropped-cropped-DSC00228_a-scaled-1-541x304.jpg 541w, https:\/\/twofeetadventures.de\/wp-content\/uploads\/2021\/04\/cropped-cropped-DSC00228_a-scaled-1.jpg 1920w\" sizes=\"auto, (max-width: 1179px) 100vw, 1179px\" \/><\/figure>\n\n\n\n<h1 class=\"wp-block-heading\"><br><strong>Der Eifelsteig<\/strong><\/h1>\n\n\n\n<p>Unseren ersten Schritt wagten wir im Jahr 2020 mit dem Thru-Hike des Eifelsteiges. 319 Kilometer waren wir am St\u00fcck unterwegs innerhalb von 11 Tagen. Eine komplett neue Dimension des Wanderns stand vor uns. Bei der Planung stand von Anfang an fest, dass wir die Priorit\u00e4t auf das \u00dcbernachten in der freien Natur legen werden. <\/p>\n\n\n\n<p>Bei neun von zehn N\u00e4chten hatten wir das Gl\u00fcck am Ende jedes Tages eine Schutzh\u00fctte gefunden zu haben, die uns als Nachtlager diente. Eine v\u00f6llig neue Erfahrung, morgens in den Tag zu starten mit einem diffusen Ziel am Abend. Gibt es die in der Karte eingezeichnete H\u00fctte wirklich? Wenn ja ist sie vielleicht belegt und wir m\u00fcssen etwas anderes suchen? Oder kommen wir \u00fcberhaupt so weit? Nat\u00fcrlich hatten wir als Notfall unser Zelt dabei,  doch auspackt haben wir es kein einziges Mal. Wir k\u00f6nnen jedem Wanderer, der Lust auf eine solche Tour hat,  die Schutzh\u00fctten der Eifel nur empfehlen. Sie sind meistens sauber, bieten ein tolles landschaftliches Panorama. Wer Gl\u00fcck hat, findet sogar H\u00fctten mit einem in der Erde eingelassenen Bierk\u00fchlschrank. Klappe auf, einen Euro in die Kasse und man genie\u00dft am Abend nach der langen Wanderung ein wohl temperiertes Bier. <\/p>\n\n\n\n<p>Unsere Rucks\u00e4cke waren bis zum Maximum gepackt mit dem Notwendigsten, aber auch vielen Dingen, die sich im nachhinein als zu schwer und unn\u00f6tig erwiesen. Dazu muss man sagen, dass wir mit zwei Hunden unterwegs sind und diese nat\u00fcrlich auch versorgt werden m\u00fcssen mit Wasser und Futter. So lag das Grundgewicht ohne Wasser und Proviant zwischen 10 und 13 Kilo. Inklusive dem Wasserbedarf und Vorrat f\u00fcr zwei Personen plus zwei Hunde auf Touren gr\u00f6\u00dfer 30 Kilometer am Tag im Sommer, lagen wir teilweise bei Tagesstartgewichten von 18 Kilo (Marion) und 20 Kilo (Carsten). R\u00fcckenschmerzen blieben also nicht aus und es war eine m\u00e4chtige Anstrengung diese last \u00fcber mehrere Tage zu tragen. Trotzdem war der Eifelsteig eine Initialz\u00fcndung und so stand am Ende der Tour fest, dass die letzten 319 Kilometer wohl der Anfang von etwas ganz neuem sein wird. Soviel als R\u00fcckblick auf den Eifelsteig, unseren ersten Thru-Hike.<\/p>\n\n\n\n<h1 class=\"wp-block-heading\"><strong>Gewichtsreduktion<\/strong><\/h1>\n\n\n\n<p>Es folgten weitere Streckenwanderungen. Zum Jahreswechsel 2020\/2021 waren wir einige Tage auf dem GR6 im Luberon\/Frankreich unterwegs,  allerdings mit \u00dcbernachtungen im Fahrzeug. Mehrere Etappen auf dem <a href=\"http:\/\/twofeetadventures.de\/category\/adventures\/luxemburg\/gr5\/\" data-type=\"category\" data-id=\"30\">GR5 in Luxemburg<\/a>, wo wir wieder \u00fcber Nacht am Wochenende unterwegs waren. Im Fr\u00fchjahr 2020 ein Thru-Hike des <a href=\"http:\/\/twofeetadventures.de\/category\/adventures\/deutschland\/pfaelzer-weinsteig\/\" data-type=\"category\" data-id=\"28\">Pf\u00e4lzer Weinsteiges<\/a> und anschlie\u00dfend \u00fcber mehrere Wochenenden verteilt den <a href=\"http:\/\/twofeetadventures.de\/category\/adventures\/deutschland\/pfaelzer-waldpfad\/\" data-type=\"category\" data-id=\"29\">Pf\u00e4lzer Waldpfad<\/a>. Wir optimierten unsere Ausr\u00fcstung und suchten nach M\u00f6glichkeiten der Gewichtsreduzierung, vor allem in Hinblick auf das Wandern mit Hunden. Das omnipr\u00e4sente Thema Ultraleicht-Trekking (UL) treibt nat\u00fcrlich auch uns voran, doch ein Basisgewicht des Rucksacks von maximal 5 Kilo (Definition Ultraleicht) werden und wollen wir nicht erreichen, da wir auf einen gewissen Komfort, Technik und anst\u00e4ndige Versorgung der Hunde nicht verzichten wollen. Einen gro\u00dfen Schritt voran brachte uns die Abgabe von Gewicht an unsere Hunde. Diese sind durch viele Wanderkilometer fit genug und gew\u00f6hnten sich schnell an ihre neuen Hunderucks\u00e4cke. Wie auch der Mensch, kann der Hund bis zu 20% seines eigenen K\u00f6rpergewichtes selbst tragen. So konnten wir nun bis zu drei Kilo an unsere Wegbegleiter abgeben. Eine enorme Erleichterung f\u00fcr uns!<br><br><\/p>\n\n\n\n<p class=\"has-background\" style=\"background-color:#bdbdbd\">Link: Mehr zu unserer Ausr\u00fcstung mit Gewichtsangaben k\u00f6nnt Ihr hier Erfahren: <a href=\"http:\/\/twofeetadventures.de\/ausruestung\/\" data-type=\"page\" data-id=\"357\">AUSR\u00dcSTUNG<\/a><\/p>\n\n\n\n<p><br><\/p>\n\n\n\n<div class=\"wp-block-columns is-layout-flex wp-container-core-columns-is-layout-9d6595d7 wp-block-columns-is-layout-flex\">\n<div class=\"wp-block-column is-layout-flow wp-block-column-is-layout-flow\">\n<figure class=\"wp-block-image size-large\"><a href=\"http:\/\/twofeetadventures.de\/category\/adventures\/deutschland\/eifelsteig\/\"><img loading=\"lazy\" decoding=\"async\" width=\"300\" height=\"300\" data-attachment-id=\"1068\" data-permalink=\"https:\/\/twofeetadventures.de\/de_de\/wer-wir-sind\/eifelsteig\/\" data-orig-file=\"https:\/\/twofeetadventures.de\/wp-content\/uploads\/2021\/05\/eifelsteig.jpg\" data-orig-size=\"300,300\" data-comments-opened=\"1\" data-image-meta=\"{&quot;aperture&quot;:&quot;0&quot;,&quot;credit&quot;:&quot;&quot;,&quot;camera&quot;:&quot;&quot;,&quot;caption&quot;:&quot;&quot;,&quot;created_timestamp&quot;:&quot;0&quot;,&quot;copyright&quot;:&quot;&quot;,&quot;focal_length&quot;:&quot;0&quot;,&quot;iso&quot;:&quot;0&quot;,&quot;shutter_speed&quot;:&quot;0&quot;,&quot;title&quot;:&quot;&quot;,&quot;orientation&quot;:&quot;0&quot;}\" data-image-title=\"eifelsteig\" data-image-description=\"\" data-image-caption=\"\" data-medium-file=\"https:\/\/twofeetadventures.de\/wp-content\/uploads\/2021\/05\/eifelsteig.jpg\" data-large-file=\"https:\/\/twofeetadventures.de\/wp-content\/uploads\/2021\/05\/eifelsteig.jpg\" src=\"http:\/\/twofeetadventures.de\/wp-content\/uploads\/2021\/05\/eifelsteig.jpg\" alt=\"\" class=\"wp-image-1068\" srcset=\"https:\/\/twofeetadventures.de\/wp-content\/uploads\/2021\/05\/eifelsteig.jpg 300w, https:\/\/twofeetadventures.de\/wp-content\/uploads\/2021\/05\/eifelsteig-150x150.jpg 150w\" sizes=\"auto, (max-width: 300px) 100vw, 300px\" \/><\/a><\/figure>\n<\/div>\n\n\n\n<div class=\"wp-block-column is-layout-flow wp-block-column-is-layout-flow\">\n<figure class=\"wp-block-image size-large\"><a href=\"http:\/\/twofeetadventures.de\/category\/adventures\/frankreich\/auf-dem-gr6\/\"><img loading=\"lazy\" decoding=\"async\" width=\"300\" height=\"300\" data-attachment-id=\"1069\" data-permalink=\"https:\/\/twofeetadventures.de\/de_de\/wer-wir-sind\/gr6\/\" data-orig-file=\"https:\/\/twofeetadventures.de\/wp-content\/uploads\/2021\/05\/gr6.jpg\" data-orig-size=\"300,300\" data-comments-opened=\"1\" data-image-meta=\"{&quot;aperture&quot;:&quot;0&quot;,&quot;credit&quot;:&quot;&quot;,&quot;camera&quot;:&quot;&quot;,&quot;caption&quot;:&quot;&quot;,&quot;created_timestamp&quot;:&quot;0&quot;,&quot;copyright&quot;:&quot;&quot;,&quot;focal_length&quot;:&quot;0&quot;,&quot;iso&quot;:&quot;0&quot;,&quot;shutter_speed&quot;:&quot;0&quot;,&quot;title&quot;:&quot;&quot;,&quot;orientation&quot;:&quot;0&quot;}\" data-image-title=\"gr6\" data-image-description=\"\" data-image-caption=\"\" data-medium-file=\"https:\/\/twofeetadventures.de\/wp-content\/uploads\/2021\/05\/gr6.jpg\" data-large-file=\"https:\/\/twofeetadventures.de\/wp-content\/uploads\/2021\/05\/gr6.jpg\" src=\"http:\/\/twofeetadventures.de\/wp-content\/uploads\/2021\/05\/gr6.jpg\" alt=\"\" class=\"wp-image-1069\" srcset=\"https:\/\/twofeetadventures.de\/wp-content\/uploads\/2021\/05\/gr6.jpg 300w, https:\/\/twofeetadventures.de\/wp-content\/uploads\/2021\/05\/gr6-150x150.jpg 150w\" sizes=\"auto, (max-width: 300px) 100vw, 300px\" \/><\/a><\/figure>\n<\/div>\n\n\n\n<div class=\"wp-block-column is-layout-flow wp-block-column-is-layout-flow\">\n<figure class=\"wp-block-image size-large\"><a href=\"http:\/\/twofeetadventures.de\/category\/adventures\/deutschland\/pfaelzer-weinsteig\/\"><img loading=\"lazy\" decoding=\"async\" width=\"300\" height=\"300\" data-attachment-id=\"1070\" data-permalink=\"https:\/\/twofeetadventures.de\/de_de\/wer-wir-sind\/pfaelzer-weinsteig\/\" data-orig-file=\"https:\/\/twofeetadventures.de\/wp-content\/uploads\/2021\/05\/pfaelzer-weinsteig.jpg\" data-orig-size=\"300,300\" data-comments-opened=\"1\" data-image-meta=\"{&quot;aperture&quot;:&quot;0&quot;,&quot;credit&quot;:&quot;&quot;,&quot;camera&quot;:&quot;&quot;,&quot;caption&quot;:&quot;&quot;,&quot;created_timestamp&quot;:&quot;0&quot;,&quot;copyright&quot;:&quot;&quot;,&quot;focal_length&quot;:&quot;0&quot;,&quot;iso&quot;:&quot;0&quot;,&quot;shutter_speed&quot;:&quot;0&quot;,&quot;title&quot;:&quot;&quot;,&quot;orientation&quot;:&quot;0&quot;}\" data-image-title=\"pf\u00e4lzer-weinsteig\" data-image-description=\"\" data-image-caption=\"\" data-medium-file=\"https:\/\/twofeetadventures.de\/wp-content\/uploads\/2021\/05\/pfaelzer-weinsteig.jpg\" data-large-file=\"https:\/\/twofeetadventures.de\/wp-content\/uploads\/2021\/05\/pfaelzer-weinsteig.jpg\" src=\"http:\/\/twofeetadventures.de\/wp-content\/uploads\/2021\/05\/pfaelzer-weinsteig.jpg\" alt=\"\" class=\"wp-image-1070\" srcset=\"https:\/\/twofeetadventures.de\/wp-content\/uploads\/2021\/05\/pfaelzer-weinsteig.jpg 300w, https:\/\/twofeetadventures.de\/wp-content\/uploads\/2021\/05\/pfaelzer-weinsteig-150x150.jpg 150w\" sizes=\"auto, (max-width: 300px) 100vw, 300px\" \/><\/a><\/figure>\n<\/div>\n\n\n\n<div class=\"wp-block-column is-layout-flow wp-block-column-is-layout-flow\">\n<figure class=\"wp-block-image size-large\"><a href=\"http:\/\/twofeetadventures.de\/category\/adventures\/deutschland\/pfaelzer-waldpfad\/\"><img loading=\"lazy\" decoding=\"async\" width=\"300\" height=\"300\" data-attachment-id=\"1071\" data-permalink=\"https:\/\/twofeetadventures.de\/de_de\/wer-wir-sind\/pfaelzer-waldpfad\/\" data-orig-file=\"https:\/\/twofeetadventures.de\/wp-content\/uploads\/2021\/05\/pfaelzer-waldpfad.jpg\" data-orig-size=\"300,300\" data-comments-opened=\"1\" data-image-meta=\"{&quot;aperture&quot;:&quot;0&quot;,&quot;credit&quot;:&quot;&quot;,&quot;camera&quot;:&quot;&quot;,&quot;caption&quot;:&quot;&quot;,&quot;created_timestamp&quot;:&quot;0&quot;,&quot;copyright&quot;:&quot;&quot;,&quot;focal_length&quot;:&quot;0&quot;,&quot;iso&quot;:&quot;0&quot;,&quot;shutter_speed&quot;:&quot;0&quot;,&quot;title&quot;:&quot;&quot;,&quot;orientation&quot;:&quot;0&quot;}\" data-image-title=\"pf\u00e4lzer-waldpfad\" data-image-description=\"\" data-image-caption=\"\" data-medium-file=\"https:\/\/twofeetadventures.de\/wp-content\/uploads\/2021\/05\/pfaelzer-waldpfad.jpg\" data-large-file=\"https:\/\/twofeetadventures.de\/wp-content\/uploads\/2021\/05\/pfaelzer-waldpfad.jpg\" src=\"http:\/\/twofeetadventures.de\/wp-content\/uploads\/2021\/05\/pfaelzer-waldpfad.jpg\" alt=\"\" class=\"wp-image-1071\" srcset=\"https:\/\/twofeetadventures.de\/wp-content\/uploads\/2021\/05\/pfaelzer-waldpfad.jpg 300w, https:\/\/twofeetadventures.de\/wp-content\/uploads\/2021\/05\/pfaelzer-waldpfad-150x150.jpg 150w\" sizes=\"auto, (max-width: 300px) 100vw, 300px\" \/><\/a><\/figure>\n<\/div>\n<\/div>\n\n\n\n<figure class=\"wp-block-pullquote is-style-solid-color\" style=\"font-size:14px\"><blockquote><p>Der Sinn des Reisens ist es, an ein Ziel zu kommen, der Sinn des Wanderns ist es, unterwegs zu sein.<\/p><cite>Theodor Heuss<\/cite><\/blockquote><\/figure>\n\n\n\n<h1 class=\"wp-block-heading\"><strong>Aktuell<\/strong><\/h1>\n\n\n\n<p>Nach langen Vorbereitungen und einigen Monaten ohne Wandererlebnisse starteten wir im Dezember 2022 unsere gro\u00dfe Reise. Diesmal haben wir Unterst\u00fctzung durch unseren gro\u00dfen Camper bekommen, der uns an die sch\u00f6nsten Orte bringt &#8211; auch zum Wandern, aber noch viel mehr als das. Wir werden mindestens 1,5 Jahre unterwegs sein. Unsere Reiseroute geht \u00fcber Frankreich, Spanien, Marokko und Portugal \u00fcber den Winter 2022\/2023. Im Fr\u00fchjahr werden wir Deutschland wieder einen Kurzbesuch abstatten zur Reorganisation. Dann geht es nahtlos weiter Richtung Skandinavien, dem Baltikum und Osteuropa. Im Herbst 2023 f\u00fchrt unsere Route an das \u00f6stliche Mittelmeer mit dem Balkan, Griechenland und der T\u00fcrkei. <\/p>\n\n\n\n<h1 class=\"wp-block-heading\"><br><strong>Ausblick<\/strong><\/h1>\n\n\n\n<p>Ziele hat man bekanntlich viele in seinem Leben. Unser Traum ist es nat\u00fcrlich irgendwann einmal den PCT (Pacific Crest Trail, 4265 km) zu wandern. Aber auch kleinere Visionen, wie den GR5 etappenweise von der Nordsee bis an das Mittelmeer zu gehen, den GTA in Italien, oder auch den einen oder Steig in Deutschland zu erwandern.<br><br><\/p>\n\n\n\n<figure class=\"wp-block-image size-large is-resized\"><img loading=\"lazy\" decoding=\"async\" data-attachment-id=\"1059\" data-permalink=\"https:\/\/twofeetadventures.de\/de_de\/cropped-20210321_174734_a-scaled-1-jpg\/\" data-orig-file=\"https:\/\/twofeetadventures.de\/wp-content\/uploads\/2021\/04\/cropped-20210321_174734_a-scaled-1.jpg\" data-orig-size=\"1920,1080\" data-comments-opened=\"1\" data-image-meta=\"{&quot;aperture&quot;:&quot;0&quot;,&quot;credit&quot;:&quot;&quot;,&quot;camera&quot;:&quot;&quot;,&quot;caption&quot;:&quot;&quot;,&quot;created_timestamp&quot;:&quot;0&quot;,&quot;copyright&quot;:&quot;&quot;,&quot;focal_length&quot;:&quot;0&quot;,&quot;iso&quot;:&quot;0&quot;,&quot;shutter_speed&quot;:&quot;0&quot;,&quot;title&quot;:&quot;&quot;,&quot;orientation&quot;:&quot;0&quot;}\" data-image-title=\"cropped-20210321_174734_a-scaled-1.jpg\" data-image-description=\"\" data-image-caption=\"\" data-medium-file=\"https:\/\/twofeetadventures.de\/wp-content\/uploads\/2021\/04\/cropped-20210321_174734_a-scaled-1-300x169.jpg\" data-large-file=\"https:\/\/twofeetadventures.de\/wp-content\/uploads\/2021\/04\/cropped-20210321_174734_a-scaled-1-1024x576.jpg\" src=\"http:\/\/twofeetadventures.de\/wp-content\/uploads\/2021\/04\/cropped-20210321_174734_a-scaled-1-1024x576.jpg\" alt=\"\" class=\"wp-image-1059\" width=\"1179\" height=\"663\" srcset=\"https:\/\/twofeetadventures.de\/wp-content\/uploads\/2021\/04\/cropped-20210321_174734_a-scaled-1-1024x576.jpg 1024w, https:\/\/twofeetadventures.de\/wp-content\/uploads\/2021\/04\/cropped-20210321_174734_a-scaled-1-300x169.jpg 300w, https:\/\/twofeetadventures.de\/wp-content\/uploads\/2021\/04\/cropped-20210321_174734_a-scaled-1-768x432.jpg 768w, https:\/\/twofeetadventures.de\/wp-content\/uploads\/2021\/04\/cropped-20210321_174734_a-scaled-1-1536x864.jpg 1536w, https:\/\/twofeetadventures.de\/wp-content\/uploads\/2021\/04\/cropped-20210321_174734_a-scaled-1-541x304.jpg 541w, https:\/\/twofeetadventures.de\/wp-content\/uploads\/2021\/04\/cropped-20210321_174734_a-scaled-1.jpg 1920w\" sizes=\"auto, (max-width: 1179px) 100vw, 1179px\" \/><\/figure>\n","protected":false},"excerpt":{"rendered":"<p>Das Wandern ist unsere Leidenschaft, die Abenteuer auf zwei F\u00fc\u00dfen. Auf den Pfaden der Welt kleine und gro\u00dfe Dinge entdecken. Verbunden sein mit der Natur. Das Leben abseits des allt\u00e4glichen Trubels auf ein Minimum reduzieren. Die Welt und Natur bewusst und wahrhaftig erleben und genie\u00dfen.<\/p>\n<p>\u142f<br \/>\u142f<br \/>\u142f<\/p>\n","protected":false},"author":1,"featured_media":1023,"parent":0,"menu_order":0,"comment_status":"closed","ping_status":"closed","template":"","meta":{"ngg_post_thumbnail":0,"jetpack_post_was_ever_published":false,"footnotes":""},"class_list":["post-354","page","type-page","status-publish","has-post-thumbnail","hentry"],"jetpack_sharing_enabled":true,"jetpack_likes_enabled":true,"_links":{"self":[{"href":"https:\/\/twofeetadventures.de\/de_de\/wp-json\/wp\/v2\/pages\/354","targetHints":{"allow":["GET"]}}],"collection":[{"href":"https:\/\/twofeetadventures.de\/de_de\/wp-json\/wp\/v2\/pages"}],"about":[{"href":"https:\/\/twofeetadventures.de\/de_de\/wp-json\/wp\/v2\/types\/page"}],"author":[{"embeddable":true,"href":"https:\/\/twofeetadventures.de\/de_de\/wp-json\/wp\/v2\/users\/1"}],"replies":[{"embeddable":true,"href":"https:\/\/twofeetadventures.de\/de_de\/wp-json\/wp\/v2\/comments?post=354"}],"version-history":[{"count":19,"href":"https:\/\/twofeetadventures.de\/de_de\/wp-json\/wp\/v2\/pages\/354\/revisions"}],"predecessor-version":[{"id":1413,"href":"https:\/\/twofeetadventures.de\/de_de\/wp-json\/wp\/v2\/pages\/354\/revisions\/1413"}],"wp:featuredmedia":[{"embeddable":true,"href":"https:\/\/twofeetadventures.de\/de_de\/wp-json\/wp\/v2\/media\/1023"}],"wp:attachment":[{"href":"https:\/\/twofeetadventures.de\/de_de\/wp-json\/wp\/v2\/media?parent=354"}],"curies":[{"name":"wp","href":"https:\/\/api.w.org\/{rel}","templated":true}]}}