{"id":354,"date":"2021-04-18T16:21:20","date_gmt":"2021-04-18T14:21:20","guid":{"rendered":"http:\/\/twofeetadventures.de\/?page_id=354"},"modified":"2022-12-17T13:22:22","modified_gmt":"2022-12-17T12:22:22","slug":"wer-wir-sind","status":"publish","type":"page","link":"https:\/\/twofeetadventures.de\/fr\/qui-sommes-nous\/","title":{"rendered":"QUI NOUS SOMMES"},"content":{"rendered":"<figure class=\"wp-block-image size-large is-resized\"><img loading=\"lazy\" decoding=\"async\" data-attachment-id=\"1023\" data-permalink=\"https:\/\/twofeetadventures.de\/fr\/sequenz-01-00_06_44_25-standbild007\/\" data-orig-file=\"https:\/\/twofeetadventures.de\/wp-content\/uploads\/2021\/05\/Sequenz-01.00_06_44_25.Standbild007-scaled.jpg\" data-orig-size=\"2560,1440\" data-comments-opened=\"1\" data-image-meta=\"{&quot;aperture&quot;:&quot;0&quot;,&quot;credit&quot;:&quot;&quot;,&quot;camera&quot;:&quot;&quot;,&quot;caption&quot;:&quot;&quot;,&quot;created_timestamp&quot;:&quot;0&quot;,&quot;copyright&quot;:&quot;&quot;,&quot;focal_length&quot;:&quot;0&quot;,&quot;iso&quot;:&quot;0&quot;,&quot;shutter_speed&quot;:&quot;0&quot;,&quot;title&quot;:&quot;&quot;,&quot;orientation&quot;:&quot;0&quot;}\" data-image-title=\"Sequenz 01.00_06_44_25.Standbild007\" data-image-description=\"\" data-image-caption=\"\" data-medium-file=\"https:\/\/twofeetadventures.de\/wp-content\/uploads\/2021\/05\/Sequenz-01.00_06_44_25.Standbild007-300x169.jpg\" data-large-file=\"https:\/\/twofeetadventures.de\/wp-content\/uploads\/2021\/05\/Sequenz-01.00_06_44_25.Standbild007-1024x576.jpg\" src=\"http:\/\/twofeetadventures.de\/wp-content\/uploads\/2021\/05\/Sequenz-01.00_06_44_25.Standbild007-1024x576.jpg\" alt=\"\" class=\"wp-image-1023\" width=\"1180\" height=\"664\" srcset=\"https:\/\/twofeetadventures.de\/wp-content\/uploads\/2021\/05\/Sequenz-01.00_06_44_25.Standbild007-1024x576.jpg 1024w, https:\/\/twofeetadventures.de\/wp-content\/uploads\/2021\/05\/Sequenz-01.00_06_44_25.Standbild007-300x169.jpg 300w, https:\/\/twofeetadventures.de\/wp-content\/uploads\/2021\/05\/Sequenz-01.00_06_44_25.Standbild007-768x432.jpg 768w, https:\/\/twofeetadventures.de\/wp-content\/uploads\/2021\/05\/Sequenz-01.00_06_44_25.Standbild007-1536x864.jpg 1536w, https:\/\/twofeetadventures.de\/wp-content\/uploads\/2021\/05\/Sequenz-01.00_06_44_25.Standbild007-2048x1152.jpg 2048w, https:\/\/twofeetadventures.de\/wp-content\/uploads\/2021\/05\/Sequenz-01.00_06_44_25.Standbild007-541x304.jpg 541w\" sizes=\"auto, (max-width: 1180px) 100vw, 1180px\" \/><\/figure>\n\n\n\n<p><\/p>\n\n\n\n<figure class=\"wp-block-pullquote has-text-align-left has-background has-sitebg-background-color is-style-solid-color has-headings-color has-text-color\" style=\"font-size:14px\"><blockquote><p>Le plaisir de la randonn\u00e9e est de jouir de l'inutilit\u00e9. Trouver la satisfaction dans son propre moi, c'est le plus haut niveau de l'errance.<\/p><cite>Lieh Tse<\/cite><\/blockquote><\/figure>\n\n\n\n<h1 class=\"wp-block-heading\"><br><br><strong>Sur <em>two feet adventures<\/em><\/strong><\/h1>\n\n\n\n<p>La randonn\u00e9e est notre passion, l'aventure sur deux pieds. D\u00e9couvrir des petites et des grandes choses sur les sentiers du monde.  \u00catre connect\u00e9 \u00e0 la nature. R\u00e9duire au minimum la vie \u00e0 l'\u00e9cart de l'agitation quotidienne. Vivre et appr\u00e9cier le monde et la nature en conscience et en v\u00e9rit\u00e9.<\/p>\n\n\n\n<h1 class=\"wp-block-heading\"><strong>Les d\u00e9buts<\/strong><\/h1>\n\n\n\n<p>Cela fait d\u00e9j\u00e0 de nombreuses ann\u00e9es que nous faisons des randonn\u00e9es. La plupart du temps, il s'agissait de petites randonn\u00e9es, comme des circuits premium, que nous faisions un dimanche apr\u00e8s-midi. C'est rest\u00e9 ainsi pendant de nombreuses ann\u00e9es et il y a toujours eu un r\u00eave de franchir le seuil des circuits normaux et de s'aventurer sur de plus grands sentiers. En 2020, nous avons commenc\u00e9 \u00e0 prolonger nos randonn\u00e9es et \u00e0 cr\u00e9er nos propres itin\u00e9raires. Nous voulions d'abord battre notre propre record de longue date de 36 kilom\u00e8tres d'affil\u00e9e. Cela s'est fait relativement vite. Les objectifs suivants, +40 et +50, ont \u00e9t\u00e9 atteints \u00e0 peine plus tard et notre record actuel est donc de 56 kilom\u00e8tres en une journ\u00e9e. <\/p>\n\n\n\n<p>La nouvelle condition physique nous a donn\u00e9 des ailes pour r\u00e9aliser notre vieux r\u00eave : pr\u00e9parer notre sac \u00e0 dos avec tente, sac de couchage et r\u00e9chaud et partir \u00e0 la d\u00e9couverte du paysage pendant plusieurs jours d'affil\u00e9e. D'une certaine mani\u00e8re, il nous manquait toujours le dernier pas pour essayer et nous avons donc attendu bien trop longtemps avant de nous lancer dans notre passion actuelle : le thru-hiking. Ce terme d\u00e9signe g\u00e9n\u00e9ralement le fait de parcourir un sentier de grande randonn\u00e9e ou de randonn\u00e9e p\u00e9destre en continu, du d\u00e9but \u00e0 la fin. <br><br><\/p>\n\n\n\n<figure class=\"wp-block-image size-large is-resized\"><img loading=\"lazy\" decoding=\"async\" data-attachment-id=\"1017\" data-permalink=\"https:\/\/twofeetadventures.de\/fr\/cropped-cropped-dsc00228_a-scaled-1-jpg\/\" data-orig-file=\"https:\/\/twofeetadventures.de\/wp-content\/uploads\/2021\/04\/cropped-cropped-DSC00228_a-scaled-1.jpg\" data-orig-size=\"1920,1080\" data-comments-opened=\"1\" data-image-meta=\"{&quot;aperture&quot;:&quot;0&quot;,&quot;credit&quot;:&quot;&quot;,&quot;camera&quot;:&quot;&quot;,&quot;caption&quot;:&quot;&quot;,&quot;created_timestamp&quot;:&quot;0&quot;,&quot;copyright&quot;:&quot;&quot;,&quot;focal_length&quot;:&quot;0&quot;,&quot;iso&quot;:&quot;0&quot;,&quot;shutter_speed&quot;:&quot;0&quot;,&quot;title&quot;:&quot;&quot;,&quot;orientation&quot;:&quot;0&quot;}\" data-image-title=\"cropped-cropped-DSC00228_a-scaled-1.jpg\" data-image-description=\"\" data-image-caption=\"\" data-medium-file=\"https:\/\/twofeetadventures.de\/wp-content\/uploads\/2021\/04\/cropped-cropped-DSC00228_a-scaled-1-300x169.jpg\" data-large-file=\"https:\/\/twofeetadventures.de\/wp-content\/uploads\/2021\/04\/cropped-cropped-DSC00228_a-scaled-1-1024x576.jpg\" src=\"http:\/\/twofeetadventures.de\/wp-content\/uploads\/2021\/04\/cropped-cropped-DSC00228_a-scaled-1-1024x576.jpg\" alt=\"\" class=\"wp-image-1017\" width=\"1179\" height=\"663\" srcset=\"https:\/\/twofeetadventures.de\/wp-content\/uploads\/2021\/04\/cropped-cropped-DSC00228_a-scaled-1-1024x576.jpg 1024w, https:\/\/twofeetadventures.de\/wp-content\/uploads\/2021\/04\/cropped-cropped-DSC00228_a-scaled-1-300x169.jpg 300w, https:\/\/twofeetadventures.de\/wp-content\/uploads\/2021\/04\/cropped-cropped-DSC00228_a-scaled-1-768x432.jpg 768w, https:\/\/twofeetadventures.de\/wp-content\/uploads\/2021\/04\/cropped-cropped-DSC00228_a-scaled-1-1536x864.jpg 1536w, https:\/\/twofeetadventures.de\/wp-content\/uploads\/2021\/04\/cropped-cropped-DSC00228_a-scaled-1-541x304.jpg 541w, https:\/\/twofeetadventures.de\/wp-content\/uploads\/2021\/04\/cropped-cropped-DSC00228_a-scaled-1.jpg 1920w\" sizes=\"auto, (max-width: 1179px) 100vw, 1179px\" \/><\/figure>\n\n\n\n<h1 class=\"wp-block-heading\"><br><strong>Le sentier de l'Eifel<\/strong><\/h1>\n\n\n\n<p>Nous avons fait notre premier pas en 2020 avec le Thru-Hike de l'Eifelsteige. Nous avons parcouru 319 kilom\u00e8tres d'un seul tenant en 11 jours. Une toute nouvelle dimension de la randonn\u00e9e s'offrait \u00e0 nous. Lors de la planification, il \u00e9tait clair d\u00e8s le d\u00e9part que nous donnerions la priorit\u00e9 aux nuit\u00e9es en pleine nature. <\/p>\n\n\n\n<p>Neuf nuits sur dix, nous avons eu la chance de trouver un refuge \u00e0 la fin de chaque journ\u00e9e, qui nous a servi d'abri pour la nuit. Une exp\u00e9rience totalement nouvelle, commencer la journ\u00e9e le matin avec un objectif diffus le soir. Le refuge indiqu\u00e9 sur la carte existe-t-il vraiment ? Si oui, elle est peut-\u00eatre occup\u00e9e et nous devons chercher quelque chose d'autre ? Ou pouvons-nous m\u00eame aller aussi loin ? Bien s\u00fbr, nous avions emport\u00e9 notre tente en cas d'urgence, mais nous ne l'avons pas d\u00e9ball\u00e9e une seule fois. Nous ne pouvons que recommander les refuges de l'Eifel \u00e0 tous les randonneurs qui ont envie de faire une telle randonn\u00e9e. Ils sont g\u00e9n\u00e9ralement propres et offrent un superbe panorama. Les plus chanceux trouveront m\u00eame des refuges avec un r\u00e9frig\u00e9rateur \u00e0 bi\u00e8re encastr\u00e9 dans le sol. Ouvrez le clapet, mettez un euro dans la caisse et vous pourrez savourer une bi\u00e8re \u00e0 bonne temp\u00e9rature le soir apr\u00e8s une longue randonn\u00e9e. <\/p>\n\n\n\n<p>Nos sacs \u00e0 dos \u00e9taient remplis au maximum avec le strict n\u00e9cessaire, mais aussi de nombreuses choses qui se sont av\u00e9r\u00e9es trop lourdes et inutiles par la suite. Il faut dire que nous voyageons avec deux chiens et qu'il faut bien s\u00fbr leur fournir de l'eau et de la nourriture. Ainsi, le poids de base sans eau ni provisions se situait entre 10 et 13 kilos. En incluant les besoins en eau et les provisions pour deux personnes plus deux chiens lors de randonn\u00e9es de plus de 30 kilom\u00e8tres par jour en \u00e9t\u00e9, nous atteignions parfois des poids de d\u00e9part journaliers de 18 kilos (Marion) et 20 kilos (Carsten). Les douleurs dorsales \u00e9taient donc in\u00e9vitables et c'\u00e9tait un effort consid\u00e9rable de porter cette charge pendant plusieurs jours. Malgr\u00e9 tout, l'Eifelsteig a \u00e9t\u00e9 un d\u00e9clic et \u00e0 la fin de la randonn\u00e9e, il \u00e9tait clair que les 319 derniers kilom\u00e8tres seraient le d\u00e9but de quelque chose de tout \u00e0 fait nouveau. Voil\u00e0 pour la r\u00e9trospective de l'Eifelsteig, notre premier Thru-Hike.<\/p>\n\n\n\n<h1 class=\"wp-block-heading\"><strong>R\u00e9duction de poids<\/strong><\/h1>\n\n\n\n<p>D'autres randonn\u00e9es en ligne ont suivi. Pour la fin de l'ann\u00e9e 2020\/2021, nous avons pass\u00e9 quelques jours sur le GR6 dans le Luberon\/France, mais avec des nuit\u00e9es dans le v\u00e9hicule. Plusieurs \u00e9tapes sur le <a href=\"http:\/\/twofeetadventures.de\/fr\/category\/adventures\/luxemburg\/gr5\/\" data-type=\"category\" data-id=\"30\">GR5 au Luxembourg<\/a>o\u00f9 nous avons \u00e0 nouveau pass\u00e9 la nuit le week-end. Au printemps 2020, un thru-hike du <a href=\"http:\/\/twofeetadventures.de\/fr\/category\/adventures\/deutschland\/pfaelzer-weinsteig\/\" data-type=\"category\" data-id=\"28\">Le sentier viticole du Palatinat<\/a> et ensuite, r\u00e9partis sur plusieurs week-ends, les <a href=\"http:\/\/twofeetadventures.de\/fr\/category\/adventures\/deutschland\/pfaelzer-waldpfad\/\" data-type=\"category\" data-id=\"29\">Sentier forestier du Palatinat<\/a>. Nous avons optimis\u00e9 notre \u00e9quipement et recherch\u00e9 des possibilit\u00e9s de r\u00e9duction de poids, surtout dans l'optique de la randonn\u00e9e avec des chiens. L'omnipr\u00e9sence du th\u00e8me du trekking ultra-l\u00e9ger (UL) nous pousse naturellement \u00e0 aller de l'avant, mais nous ne voulons pas atteindre un poids de base du sac \u00e0 dos de 5 kilos maximum (d\u00e9finition de l'ultra-l\u00e9ger), car nous ne voulons pas renoncer \u00e0 un certain confort, \u00e0 la technique et \u00e0 des soins d\u00e9cents pour les chiens. La remise de poids \u00e0 nos chiens nous a permis de faire un grand pas en avant. Ceux-ci sont suffisamment en forme gr\u00e2ce \u00e0 de nombreux kilom\u00e8tres de randonn\u00e9e et se sont rapidement habitu\u00e9s \u00e0 leurs nouveaux sacs \u00e0 dos pour chiens. Comme l'homme, le chien peut porter jusqu'\u00e0 20% de son propre poids. Nous pouvions donc d\u00e9sormais confier jusqu'\u00e0 trois kilos \u00e0 nos compagnons de route. Un \u00e9norme soulagement pour nous !<br><br><\/p>\n\n\n\n<p class=\"has-background\" style=\"background-color:#bdbdbd\">Lien vers le site : Pour en savoir plus sur notre \u00e9quipement et son poids, cliquez ici : <a href=\"https:\/\/twofeetadventures.de\/fr\/equipement\/\" data-type=\"page\" data-id=\"357\">\u00c9QUIPEMENT<\/a><\/p>\n\n\n\n<p><br><\/p>\n\n\n\n<div class=\"wp-block-columns is-layout-flex wp-container-core-columns-is-layout-9d6595d7 wp-block-columns-is-layout-flex\">\n<div class=\"wp-block-column is-layout-flow wp-block-column-is-layout-flow\">\n<figure class=\"wp-block-image size-large\"><a href=\"http:\/\/twofeetadventures.de\/fr\/category\/adventures\/deutschland\/eifelsteig\/\"><img loading=\"lazy\" decoding=\"async\" width=\"300\" height=\"300\" data-attachment-id=\"1068\" data-permalink=\"https:\/\/twofeetadventures.de\/fr\/qui-sommes-nous\/eifelsteig\/\" data-orig-file=\"https:\/\/twofeetadventures.de\/wp-content\/uploads\/2021\/05\/eifelsteig.jpg\" data-orig-size=\"300,300\" data-comments-opened=\"1\" data-image-meta=\"{&quot;aperture&quot;:&quot;0&quot;,&quot;credit&quot;:&quot;&quot;,&quot;camera&quot;:&quot;&quot;,&quot;caption&quot;:&quot;&quot;,&quot;created_timestamp&quot;:&quot;0&quot;,&quot;copyright&quot;:&quot;&quot;,&quot;focal_length&quot;:&quot;0&quot;,&quot;iso&quot;:&quot;0&quot;,&quot;shutter_speed&quot;:&quot;0&quot;,&quot;title&quot;:&quot;&quot;,&quot;orientation&quot;:&quot;0&quot;}\" data-image-title=\"eifelsteig\" data-image-description=\"\" data-image-caption=\"\" data-medium-file=\"https:\/\/twofeetadventures.de\/wp-content\/uploads\/2021\/05\/eifelsteig.jpg\" data-large-file=\"https:\/\/twofeetadventures.de\/wp-content\/uploads\/2021\/05\/eifelsteig.jpg\" src=\"http:\/\/twofeetadventures.de\/wp-content\/uploads\/2021\/05\/eifelsteig.jpg\" alt=\"\" class=\"wp-image-1068\" srcset=\"https:\/\/twofeetadventures.de\/wp-content\/uploads\/2021\/05\/eifelsteig.jpg 300w, https:\/\/twofeetadventures.de\/wp-content\/uploads\/2021\/05\/eifelsteig-150x150.jpg 150w\" sizes=\"auto, (max-width: 300px) 100vw, 300px\" \/><\/a><\/figure>\n<\/div>\n\n\n\n<div class=\"wp-block-column is-layout-flow wp-block-column-is-layout-flow\">\n<figure class=\"wp-block-image size-large\"><a href=\"http:\/\/twofeetadventures.de\/fr\/category\/adventures\/frankreich\/auf-dem-gr6\/\"><img loading=\"lazy\" decoding=\"async\" width=\"300\" height=\"300\" data-attachment-id=\"1069\" data-permalink=\"https:\/\/twofeetadventures.de\/fr\/qui-sommes-nous\/gr6\/\" data-orig-file=\"https:\/\/twofeetadventures.de\/wp-content\/uploads\/2021\/05\/gr6.jpg\" data-orig-size=\"300,300\" data-comments-opened=\"1\" data-image-meta=\"{&quot;aperture&quot;:&quot;0&quot;,&quot;credit&quot;:&quot;&quot;,&quot;camera&quot;:&quot;&quot;,&quot;caption&quot;:&quot;&quot;,&quot;created_timestamp&quot;:&quot;0&quot;,&quot;copyright&quot;:&quot;&quot;,&quot;focal_length&quot;:&quot;0&quot;,&quot;iso&quot;:&quot;0&quot;,&quot;shutter_speed&quot;:&quot;0&quot;,&quot;title&quot;:&quot;&quot;,&quot;orientation&quot;:&quot;0&quot;}\" data-image-title=\"gr6\" data-image-description=\"\" data-image-caption=\"\" data-medium-file=\"https:\/\/twofeetadventures.de\/wp-content\/uploads\/2021\/05\/gr6.jpg\" data-large-file=\"https:\/\/twofeetadventures.de\/wp-content\/uploads\/2021\/05\/gr6.jpg\" src=\"http:\/\/twofeetadventures.de\/wp-content\/uploads\/2021\/05\/gr6.jpg\" alt=\"\" class=\"wp-image-1069\" srcset=\"https:\/\/twofeetadventures.de\/wp-content\/uploads\/2021\/05\/gr6.jpg 300w, https:\/\/twofeetadventures.de\/wp-content\/uploads\/2021\/05\/gr6-150x150.jpg 150w\" sizes=\"auto, (max-width: 300px) 100vw, 300px\" \/><\/a><\/figure>\n<\/div>\n\n\n\n<div class=\"wp-block-column is-layout-flow wp-block-column-is-layout-flow\">\n<figure class=\"wp-block-image size-large\"><a href=\"http:\/\/twofeetadventures.de\/fr\/category\/adventures\/deutschland\/pfaelzer-weinsteig\/\"><img loading=\"lazy\" decoding=\"async\" width=\"300\" height=\"300\" data-attachment-id=\"1070\" data-permalink=\"https:\/\/twofeetadventures.de\/fr\/qui-sommes-nous\/pfaelzer-weinsteig\/\" data-orig-file=\"https:\/\/twofeetadventures.de\/wp-content\/uploads\/2021\/05\/pfaelzer-weinsteig.jpg\" data-orig-size=\"300,300\" data-comments-opened=\"1\" data-image-meta=\"{&quot;aperture&quot;:&quot;0&quot;,&quot;credit&quot;:&quot;&quot;,&quot;camera&quot;:&quot;&quot;,&quot;caption&quot;:&quot;&quot;,&quot;created_timestamp&quot;:&quot;0&quot;,&quot;copyright&quot;:&quot;&quot;,&quot;focal_length&quot;:&quot;0&quot;,&quot;iso&quot;:&quot;0&quot;,&quot;shutter_speed&quot;:&quot;0&quot;,&quot;title&quot;:&quot;&quot;,&quot;orientation&quot;:&quot;0&quot;}\" data-image-title=\"pf\u00e4lzer-weinsteig\" data-image-description=\"\" data-image-caption=\"\" data-medium-file=\"https:\/\/twofeetadventures.de\/wp-content\/uploads\/2021\/05\/pfaelzer-weinsteig.jpg\" data-large-file=\"https:\/\/twofeetadventures.de\/wp-content\/uploads\/2021\/05\/pfaelzer-weinsteig.jpg\" src=\"http:\/\/twofeetadventures.de\/wp-content\/uploads\/2021\/05\/pfaelzer-weinsteig.jpg\" alt=\"\" class=\"wp-image-1070\" srcset=\"https:\/\/twofeetadventures.de\/wp-content\/uploads\/2021\/05\/pfaelzer-weinsteig.jpg 300w, https:\/\/twofeetadventures.de\/wp-content\/uploads\/2021\/05\/pfaelzer-weinsteig-150x150.jpg 150w\" sizes=\"auto, (max-width: 300px) 100vw, 300px\" \/><\/a><\/figure>\n<\/div>\n\n\n\n<div class=\"wp-block-column is-layout-flow wp-block-column-is-layout-flow\">\n<figure class=\"wp-block-image size-large\"><a href=\"http:\/\/twofeetadventures.de\/fr\/category\/adventures\/deutschland\/pfaelzer-waldpfad\/\"><img loading=\"lazy\" decoding=\"async\" width=\"300\" height=\"300\" data-attachment-id=\"1071\" data-permalink=\"https:\/\/twofeetadventures.de\/fr\/qui-sommes-nous\/pfaelzer-waldpfad\/\" data-orig-file=\"https:\/\/twofeetadventures.de\/wp-content\/uploads\/2021\/05\/pfaelzer-waldpfad.jpg\" data-orig-size=\"300,300\" data-comments-opened=\"1\" data-image-meta=\"{&quot;aperture&quot;:&quot;0&quot;,&quot;credit&quot;:&quot;&quot;,&quot;camera&quot;:&quot;&quot;,&quot;caption&quot;:&quot;&quot;,&quot;created_timestamp&quot;:&quot;0&quot;,&quot;copyright&quot;:&quot;&quot;,&quot;focal_length&quot;:&quot;0&quot;,&quot;iso&quot;:&quot;0&quot;,&quot;shutter_speed&quot;:&quot;0&quot;,&quot;title&quot;:&quot;&quot;,&quot;orientation&quot;:&quot;0&quot;}\" data-image-title=\"pf\u00e4lzer-waldpfad\" data-image-description=\"\" data-image-caption=\"\" data-medium-file=\"https:\/\/twofeetadventures.de\/wp-content\/uploads\/2021\/05\/pfaelzer-waldpfad.jpg\" data-large-file=\"https:\/\/twofeetadventures.de\/wp-content\/uploads\/2021\/05\/pfaelzer-waldpfad.jpg\" src=\"http:\/\/twofeetadventures.de\/wp-content\/uploads\/2021\/05\/pfaelzer-waldpfad.jpg\" alt=\"\" class=\"wp-image-1071\" srcset=\"https:\/\/twofeetadventures.de\/wp-content\/uploads\/2021\/05\/pfaelzer-waldpfad.jpg 300w, https:\/\/twofeetadventures.de\/wp-content\/uploads\/2021\/05\/pfaelzer-waldpfad-150x150.jpg 150w\" sizes=\"auto, (max-width: 300px) 100vw, 300px\" \/><\/a><\/figure>\n<\/div>\n<\/div>\n\n\n\n<figure class=\"wp-block-pullquote is-style-solid-color\" style=\"font-size:14px\"><blockquote><p>Le sens du voyage est d'arriver \u00e0 une destination, le sens de la randonn\u00e9e est d'\u00eatre en route.<\/p><cite>Theodor Heuss<\/cite><\/blockquote><\/figure>\n\n\n\n<h1 class=\"wp-block-heading\"><strong>Actuel<\/strong><\/h1>\n\n\n\n<p>Apr\u00e8s de longs pr\u00e9paratifs et quelques mois sans exp\u00e9rience de la randonn\u00e9e, nous avons entam\u00e9 notre grand voyage en d\u00e9cembre 2022. Cette fois, nous avons re\u00e7u le soutien de notre grand camping-car, qui nous emm\u00e8nera dans les plus beaux endroits - \u00e9galement pour faire de la randonn\u00e9e, mais bien plus que cela. Nous serons en route pendant au moins un an et demi. Notre itin\u00e9raire passe par la France, l'Espagne, le Maroc et le Portugal pendant l'hiver 2022\/2023. Au printemps, nous ferons \u00e0 nouveau une courte visite en Allemagne pour nous r\u00e9organiser. Ensuite, nous continuerons sans interruption vers la Scandinavie, les pays baltes et l'Europe de l'Est. En automne 2023, notre itin\u00e9raire nous m\u00e8nera vers la M\u00e9diterran\u00e9e orientale avec les Balkans, la Gr\u00e8ce et la Turquie. <\/p>\n\n\n\n<h1 class=\"wp-block-heading\"><br><strong>Perspectives<\/strong><\/h1>\n\n\n\n<p>Il est bien connu que l'on a de nombreux objectifs dans la vie. Notre r\u00eave est bien s\u00fbr de parcourir un jour le PCT (Pacific Crest Trail, 4265 km). Mais aussi des visions plus modestes, comme parcourir le GR5 par \u00e9tapes de la mer du Nord \u00e0 la M\u00e9diterran\u00e9e, le GTA en Italie, ou encore parcourir l'un ou l'autre sentier en Allemagne.<br><br><\/p>\n\n\n\n<figure class=\"wp-block-image size-large is-resized\"><img loading=\"lazy\" decoding=\"async\" data-attachment-id=\"1059\" data-permalink=\"https:\/\/twofeetadventures.de\/fr\/cropped-20210321_174734_a-scaled-1-jpg\/\" data-orig-file=\"https:\/\/twofeetadventures.de\/wp-content\/uploads\/2021\/04\/cropped-20210321_174734_a-scaled-1.jpg\" data-orig-size=\"1920,1080\" data-comments-opened=\"1\" data-image-meta=\"{&quot;aperture&quot;:&quot;0&quot;,&quot;credit&quot;:&quot;&quot;,&quot;camera&quot;:&quot;&quot;,&quot;caption&quot;:&quot;&quot;,&quot;created_timestamp&quot;:&quot;0&quot;,&quot;copyright&quot;:&quot;&quot;,&quot;focal_length&quot;:&quot;0&quot;,&quot;iso&quot;:&quot;0&quot;,&quot;shutter_speed&quot;:&quot;0&quot;,&quot;title&quot;:&quot;&quot;,&quot;orientation&quot;:&quot;0&quot;}\" data-image-title=\"cropped-20210321_174734_a-scaled-1.jpg\" data-image-description=\"\" data-image-caption=\"\" data-medium-file=\"https:\/\/twofeetadventures.de\/wp-content\/uploads\/2021\/04\/cropped-20210321_174734_a-scaled-1-300x169.jpg\" data-large-file=\"https:\/\/twofeetadventures.de\/wp-content\/uploads\/2021\/04\/cropped-20210321_174734_a-scaled-1-1024x576.jpg\" src=\"http:\/\/twofeetadventures.de\/wp-content\/uploads\/2021\/04\/cropped-20210321_174734_a-scaled-1-1024x576.jpg\" alt=\"\" class=\"wp-image-1059\" width=\"1179\" height=\"663\" srcset=\"https:\/\/twofeetadventures.de\/wp-content\/uploads\/2021\/04\/cropped-20210321_174734_a-scaled-1-1024x576.jpg 1024w, https:\/\/twofeetadventures.de\/wp-content\/uploads\/2021\/04\/cropped-20210321_174734_a-scaled-1-300x169.jpg 300w, https:\/\/twofeetadventures.de\/wp-content\/uploads\/2021\/04\/cropped-20210321_174734_a-scaled-1-768x432.jpg 768w, https:\/\/twofeetadventures.de\/wp-content\/uploads\/2021\/04\/cropped-20210321_174734_a-scaled-1-1536x864.jpg 1536w, https:\/\/twofeetadventures.de\/wp-content\/uploads\/2021\/04\/cropped-20210321_174734_a-scaled-1-541x304.jpg 541w, https:\/\/twofeetadventures.de\/wp-content\/uploads\/2021\/04\/cropped-20210321_174734_a-scaled-1.jpg 1920w\" sizes=\"auto, (max-width: 1179px) 100vw, 1179px\" \/><\/figure>","protected":false},"excerpt":{"rendered":"<p>La randonn\u00e9e est notre passion, l'aventure sur deux pieds. D\u00e9couvrir des petites et des grandes choses sur les sentiers du monde. \u00catre connect\u00e9 \u00e0 la nature. R\u00e9duire au minimum la vie \u00e0 l'\u00e9cart de l'agitation quotidienne. Vivre et appr\u00e9cier le monde et la nature en conscience et en v\u00e9rit\u00e9.<\/p>\n<p>\u142f<br \/>\u142f<br \/>\u142f<\/p>","protected":false},"author":1,"featured_media":1023,"parent":0,"menu_order":0,"comment_status":"closed","ping_status":"closed","template":"","meta":{"ngg_post_thumbnail":0,"jetpack_post_was_ever_published":false,"footnotes":""},"class_list":["post-354","page","type-page","status-publish","has-post-thumbnail","hentry"],"jetpack_sharing_enabled":true,"jetpack_likes_enabled":true,"_links":{"self":[{"href":"https:\/\/twofeetadventures.de\/fr\/wp-json\/wp\/v2\/pages\/354","targetHints":{"allow":["GET"]}}],"collection":[{"href":"https:\/\/twofeetadventures.de\/fr\/wp-json\/wp\/v2\/pages"}],"about":[{"href":"https:\/\/twofeetadventures.de\/fr\/wp-json\/wp\/v2\/types\/page"}],"author":[{"embeddable":true,"href":"https:\/\/twofeetadventures.de\/fr\/wp-json\/wp\/v2\/users\/1"}],"replies":[{"embeddable":true,"href":"https:\/\/twofeetadventures.de\/fr\/wp-json\/wp\/v2\/comments?post=354"}],"version-history":[{"count":19,"href":"https:\/\/twofeetadventures.de\/fr\/wp-json\/wp\/v2\/pages\/354\/revisions"}],"predecessor-version":[{"id":1413,"href":"https:\/\/twofeetadventures.de\/fr\/wp-json\/wp\/v2\/pages\/354\/revisions\/1413"}],"wp:featuredmedia":[{"embeddable":true,"href":"https:\/\/twofeetadventures.de\/fr\/wp-json\/wp\/v2\/media\/1023"}],"wp:attachment":[{"href":"https:\/\/twofeetadventures.de\/fr\/wp-json\/wp\/v2\/media?parent=354"}],"curies":[{"name":"wp","href":"https:\/\/api.w.org\/{rel}","templated":true}]}}