{"id":357,"date":"2021-04-18T16:22:54","date_gmt":"2021-04-18T14:22:54","guid":{"rendered":"http:\/\/twofeetadventures.de\/?page_id=357"},"modified":"2023-04-23T19:19:36","modified_gmt":"2023-04-23T17:19:36","slug":"ausruestung","status":"publish","type":"page","link":"https:\/\/twofeetadventures.de\/fr\/equipement\/","title":{"rendered":"\u00c9QUIPEMENT"},"content":{"rendered":"<figure class=\"wp-block-image size-large is-resized\"><img loading=\"lazy\" decoding=\"async\" data-attachment-id=\"1082\" data-permalink=\"https:\/\/twofeetadventures.de\/fr\/equipement\/20210325_062919_a-2\/\" data-orig-file=\"https:\/\/twofeetadventures.de\/wp-content\/uploads\/2021\/05\/20210325_062919_a.jpg\" data-orig-size=\"1500,845\" data-comments-opened=\"1\" data-image-meta=\"{&quot;aperture&quot;:&quot;0&quot;,&quot;credit&quot;:&quot;&quot;,&quot;camera&quot;:&quot;&quot;,&quot;caption&quot;:&quot;&quot;,&quot;created_timestamp&quot;:&quot;0&quot;,&quot;copyright&quot;:&quot;&quot;,&quot;focal_length&quot;:&quot;0&quot;,&quot;iso&quot;:&quot;0&quot;,&quot;shutter_speed&quot;:&quot;0&quot;,&quot;title&quot;:&quot;&quot;,&quot;orientation&quot;:&quot;0&quot;}\" data-image-title=\"20210325_062919_a\" data-image-description=\"\" data-image-caption=\"\" data-medium-file=\"https:\/\/twofeetadventures.de\/wp-content\/uploads\/2021\/05\/20210325_062919_a-300x169.jpg\" data-large-file=\"https:\/\/twofeetadventures.de\/wp-content\/uploads\/2021\/05\/20210325_062919_a-1024x577.jpg\" src=\"http:\/\/twofeetadventures.de\/wp-content\/uploads\/2021\/05\/20210325_062919_a-1024x577.jpg\" alt=\"\" class=\"wp-image-1082\" width=\"1179\" height=\"664\" srcset=\"https:\/\/twofeetadventures.de\/wp-content\/uploads\/2021\/05\/20210325_062919_a-1024x577.jpg 1024w, https:\/\/twofeetadventures.de\/wp-content\/uploads\/2021\/05\/20210325_062919_a-300x169.jpg 300w, https:\/\/twofeetadventures.de\/wp-content\/uploads\/2021\/05\/20210325_062919_a-768x433.jpg 768w, https:\/\/twofeetadventures.de\/wp-content\/uploads\/2021\/05\/20210325_062919_a-541x305.jpg 541w, https:\/\/twofeetadventures.de\/wp-content\/uploads\/2021\/05\/20210325_062919_a.jpg 1500w\" sizes=\"auto, (max-width: 1179px) 100vw, 1179px\" \/><\/figure>\n\n\n\n<h1 class=\"wp-block-heading\"><br>L'\u00e9quipement de <strong><em>twofeetadventures<\/em><\/strong><\/h1>\n\n\n\n<p>Lorsque nous avons commenc\u00e9 le premier Thru-Hike de l'Eifelsteiges en 2020, nous marchions avec un poids de base (sans provisions ni eau) compris entre 12 et 15 kilos. Entre-temps, nous avons r\u00e9duit le poids \u00e0 environ 8 kilos. Nous avons banni les objets inutiles et remplac\u00e9 divers \u00e9quipements par des produits l\u00e9gers ou ultral\u00e9gers. <\/p>\n\n\n\n<p>Dans l'aper\u00e7u suivant, nous \u00e9num\u00e9rons notre \u00e9quipement standard. Tous les \u00e9l\u00e9ments ne sont pas emport\u00e9s pour chaque randonn\u00e9e, mais varient en fonction des exigences et des besoins de la randonn\u00e9e. Nous avons marqu\u00e9 les objets ultra-l\u00e9gers d'un (UL) et les objets l\u00e9gers d'un (LW). Nous tenons n\u00e9anmoins \u00e0 pr\u00e9ciser que notre objectif principal n'est pas de faire de la randonn\u00e9e UL, mais de r\u00e9duire notre poids autant que possible.  Encore un mot sur la randonn\u00e9e ultral\u00e9g\u00e8re. On parle d'ultral\u00e9ger lorsque tous les ustensiles dont on a besoin pour le thru-hike, c'est-\u00e0-dire avec la tente, le sac de couchage, le matelas de sol, etc. mais sans l'eau et les provisions, p\u00e8sent moins de 5 kilos. Si le poids se situe entre 5 et 9 kilos, on parle de trekking l\u00e9ger, pour tout ce qui est sup\u00e9rieur, on parle de trekking traditionnel.<\/p>\n\n\n\n<p>Vous avez des questions sur les diff\u00e9rentes pi\u00e8ces d'\u00e9quipement ? Laissez un commentaire ou envoyez-nous un <a href=\"https:\/\/twofeetadventures.de\/fr\/contact\/\" data-type=\"page\" data-id=\"43\">Message<\/a>.<br><\/p>\n\n\n\n<h3 class=\"wp-block-heading\">Sac \u00e0 dos, sac de couchage, tente, etc.<\/h3>\n\n\n\n<style type=\"text\/css\">\n.tg  {border-collapse:collapse;border-spacing:0;}\n.tg td{border-style:solid;border-width:0px;font-family:Arial, sans-serif;font-size:14px;overflow:hidden;\n  padding:10px 5px;word-break:normal;}\n.tg th{border-style:solid;border-width:0px;font-family:Arial, sans-serif;font-size:14px;font-weight:normal;\n  overflow:hidden;padding:10px 5px;word-break:normal;}\n.tg .tg-hzho{background-color:#efefef;font-size:12px;font-weight:bold;text-align:left;vertical-align:top}\n.tg .tg-z9od{font-size:12px;text-align:left;vertical-align:top}\n.tg .tg-aabp{background-color:#efefef;font-size:12px;text-align:left;vertical-align:top}\n<\/style>\n<table class=\"tg\" style=\"undefined;table-layout: fixed; width: 100%\">\n<colgroup>\n<col style=\"width: 55%\">\n<col style=\"width: 15%\">\n<col style=\"width: 15%\">\n<col style=\"width: 15&amp;\">\n<\/colgroup>\n<thead>\n  <tr>\n    <th class=\"tg-hzho\">Objet<\/th>\n    <th class=\"tg-hzho\">Lien<\/th>\n    <th class=\"tg-hzho\">Classification<\/th>\n    <th class=\"tg-hzho\">Poids<\/th>\n  <\/tr>\n<\/thead>\n<tbody>\n  <tr>\n    <td class=\"tg-z9od\">Sac \u00e0 dos Osprey Rook 65<\/td>\n    <td class=\"tg-z9od\"><a target=\"_blank\" href=\"https:\/\/www.amazon.de\/Osprey-Rook-Mens-Ventilated-Backpacking\/dp\/B07GH7KDSK\/ref=sr_1_2?__mk_de_DE=%25C3%2585M%25C3%2585%25C5%25BD%25C3%2595%25C3%2591&amp;crid=38CZVA2KRZVCF&amp;keywords=Rucksack%252BOsprey%252BRook%252B65&amp;qid=1682192169&amp;sprefix=rucksack%252Bosprey%252Brook%252B65%252Caps%252C142&amp;sr=8-2&amp;th=1&#038;_encoding=UTF8&#038;tag=300175-21&#038;linkCode=ur2&#038;linkId=6f2fdf49debd52c4a207c567b0e239a8&#038;camp=1638&#038;creative=6742\" rel=\"noopener\">Sac \u00e0 dos Osprey Rook 65<\/a> (annonce)<\/td>\n    <td class=\"tg-z9od\"><\/td>\n    <td class=\"tg-z9od\">1740g<\/td>\n  <\/tr>\n  <tr>\n    <td class=\"tg-aabp\">Sac \u00e0 dos Osprey Xena 70<\/td>\n    <td class=\"tg-aabp\"><a target=\"_blank\" href=\"https:\/\/www.amazon.de\/Osprey-Xena-Womens-Backpacking-Pack\/dp\/B077YQJX3B\/ref=sr_1_2?dchild=1&amp;amp&amp;keywords=osprey+xena+70&amp;amp&amp;qid=1621105102&amp;amp&amp;sr=8-2&#038;_encoding=UTF8&#038;tag=300175-21&#038;linkCode=ur2&#038;linkId=102ea403371cf771655c2a1186221b5e&#038;camp=1638&#038;creative=6742\" rel=\"noopener\">Sac \u00e0 dos Osprey Xena 70<\/a> (annonce)<\/td>\n    <td class=\"tg-aabp\"><\/td>\n    <td class=\"tg-aabp\">2260g<\/td>\n  <\/tr>\n  <tr>\n    <td class=\"tg-z9od\">Sac \u00e0 dos Deuter<\/td>\n    <td class=\"tg-z9od\"><\/td>\n    <td class=\"tg-z9od\"><\/td>\n    <td class=\"tg-z9od\"><\/td>\n  <\/tr>\n  <tr>\n    <td class=\"tg-aabp\">Sac de couchage Big Agnes Hitchens 850 UL, sac inclus<\/td>\n    <td class=\"tg-aabp\"><\/td>\n    <td class=\"tg-aabp\">(UL)<\/td>\n    <td class=\"tg-aabp\">850g<\/td>\n  <\/tr>\n  <tr>\n    <td class=\"tg-z9od\">Sac de couchage Y by Nordisk Passion Five<\/td>\n    <td class=\"tg-z9od\"><a target=\"_blank\" href=\"https:\/\/www.amazon.de\/Nordisk-Passion-Five-Daunenschlafsack-Mumienform\/dp\/B08V87CLXL\/ref=sr_1_1?__mk_de_DE=%25C3%2585M%25C3%2585%25C5%25BD%25C3%2595%25C3%2591&amp;crid=GTBRQQRZQZEI&amp;keywords=Schlafsack+Y+by+Nordisk+Passion+Five&amp;qid=1682192553&amp;sprefix=schlafsack+y+by+nordisk+passion+five%252Caps%252C206&amp;sr=8-1&#038;_encoding=UTF8&#038;tag=300175-21&#038;linkCode=ur2&#038;linkId=c3fdc0141245d2899253e50eeba833a4&#038;camp=1638&#038;creative=6742\" rel=\"noopener\">Sac de couchage Y by Nordisk Passion Five<\/a> (annonce)<\/td>\n    <td class=\"tg-z9od\">(UL)<\/td>\n    <td class=\"tg-z9od\">835g<\/td>\n  <\/tr>\n  <tr>\n    <td class=\"tg-aabp\">Matelas Therm-a-Rest NeoAir Xlite<\/td>\n    <td class=\"tg-aabp\"><a href=\"https:\/\/www.amazon.de\/Therm-Rest-THERMAREST-NeoAir%C2%AE-Winglock\/dp\/B07YFX3X31\/ref=sr_1_2?__mk_de_DE=%C3%85M%C3%85%C5%BD%C3%95%C3%91&amp;dchild=1&amp;keywords=thermarest+neoair+xlite&amp;qid=1621103962&amp;sr=8-2\" target=\"blank\" rel=\"noopener\">(Lien)<\/a><\/td>\n    <td class=\"tg-aabp\">(UL)<\/td>\n    <td class=\"tg-aabp\">420g<\/td>\n  <\/tr>\n  <tr>\n    <td class=\"tg-z9od\">Matelas Therm-a-Rest NeoAir XTherm<\/td>\n    <td class=\"tg-z9od\"><a href=\"https:\/\/www.amazon.de\/Therm-Rest-NeoAir-XTherm-Gr%C3%B6%C3%9Fe\/dp\/B07YDHLZZB\/ref=sr_1_1?__mk_de_DE=%C3%85M%C3%85%C5%BD%C3%95%C3%91&amp;dchild=1&amp;keywords=thermarest+neoair+xtherm&amp;qid=1621104007&amp;sr=8-1\" target=\"blank\" rel=\"noopener\">(Lien)<\/a><\/td>\n    <td class=\"tg-z9od\">(UL)<\/td>\n    <td class=\"tg-z9od\">581g<\/td>\n  <\/tr>\n  <tr>\n    <td class=\"tg-aabp\">Tente Nordisk Telemark 2 UL avec sac, armature, piquets (tente 2 personnes)<\/td>\n    <td class=\"tg-aabp\"><a href=\"https:\/\/www.amazon.de\/Zelt-Nordisk-Telemark-LW-gr%C3%BCn\/dp\/B01HTUF0US\/ref=sr_1_1?__mk_de_DE=%C3%85M%C3%85%C5%BD%C3%95%C3%91&amp;dchild=1&amp;keywords=nordisk+telemark+2&amp;qid=1621104120&amp;sr=8-1\">(Lien)<\/a><\/td>\n    <td class=\"tg-aabp\">(LW)<\/td>\n    <td class=\"tg-aabp\">972g<\/td>\n  <\/tr>\n  <tr>\n    <td class=\"tg-z9od\">Tente MSR Carbon Reflex 3 avec sac, armature, piquets (tente 3 personnes)<\/td>\n    <td class=\"tg-z9od\"><a href=\"https:\/\/www.trekking-lite-store.com\/msr-carbon-reflex-3-green-zelt.html\" target=\"blank\" rel=\"noopener\">(Lien)<\/a><\/td>\n    <td class=\"tg-z9od\">(UL)<\/td>\n    <td class=\"tg-z9od\">1135g<\/td>\n  <\/tr>\n  <tr>\n    <td class=\"tg-aabp\">Hamac AMAZONAS Ultra-Light Adventure Hammock Coyote<\/td>\n    <td class=\"tg-aabp\"><a href=\"https:\/\/www.amazon.de\/gp\/product\/B0721MZT2T\/ref=ppx_yo_dt_b_search_asin_title?ie=UTF8&amp;psc=1\" target=\"blank\" rel=\"noopener\">(Lien)<\/a><\/td>\n    <td class=\"tg-aabp\">(UL)<\/td>\n    <td class=\"tg-aabp\">188g<\/td>\n  <\/tr>\n  <tr>\n    <td class=\"tg-z9od\">Hamac Esprit libre ESPRIT LIBRE<\/td>\n    <td class=\"tg-z9od\"><a href=\"https:\/\/www.amazon.de\/freigeist-Ultraleicht-H%C3%A4ngematte-Personen-Fallschirmseide\/dp\/B0779F7KQV\/ref=sr_1_1_sspa?dchild=1&amp;keywords=H%C3%A4ngematte+Freigeist+ESPRIT+LIBRE&amp;qid=1621104357&amp;sr=8-1-spons&amp;psc=1&amp;spLa=ZW5jcnlwdGVkUXVhbGlmaWVyPUEyS1hOWjlTVkUwS1pZJmVuY3J5cHRlZElkPUEwNjIwMTk2MjcyRU5WV1VQOTA2MSZlbmNyeXB0ZWRBZElkPUEwMTE4NzgyMk1UUExVTzdGQTg1RCZ3aWRnZXROYW1lPXNwX2F0ZiZhY3Rpb249Y2xpY2tSZWRpcmVjdCZkb05vdExvZ0NsaWNrPXRydWU=\" target=\"blank\" rel=\"noopener\">(Lien)<\/a><\/td>\n    <td class=\"tg-z9od\">(LW)<\/td>\n    <td class=\"tg-z9od\"><\/td>\n  <\/tr>\n  <tr>\n    <td class=\"tg-aabp\">Tarp AMAZONAS Ultra-Light Adventure Wing Tarp<\/td>\n    <td class=\"tg-aabp\"><a href=\"https:\/\/www.amazon.de\/gp\/product\/B07NPQFRPV\/ref=ppx_yo_dt_b_search_asin_title?ie=UTF8&amp;psc=1\" target=\"blank\" rel=\"noopener\">(Lien)<\/a><\/td>\n    <td class=\"tg-aabp\">(UL)<\/td>\n    <td class=\"tg-aabp\">680g<\/td>\n  <\/tr>\n  <tr>\n    <td class=\"tg-z9od\">R\u00e9chaud \u00e0 gaz Optimus Vega avec protection contre le vent et sac de rangement<\/td>\n    <td class=\"tg-z9od\"><a href=\"https:\/\/www.amazon.de\/Optimus-Kocher-Vega-Silber-Size\/dp\/B00A1OOHUE\/ref=sr_1_3?__mk_de_DE=%C3%85M%C3%85%C5%BD%C3%95%C3%91&amp;dchild=1&amp;keywords=Optimus+Vega&amp;qid=1621104395&amp;sr=8-3\">(Lien)<\/a><\/td>\n    <td class=\"tg-z9od\">(LW)<\/td>\n    <td class=\"tg-z9od\">251g<\/td>\n  <\/tr>\n  <tr>\n    <td class=\"tg-aabp\">Br\u00fbleur Toaks avec casserole de 1,6l<\/td>\n    <td class=\"tg-aabp\"><a href=\"https:\/\/www.amazon.de\/Titanium-Backpacking-Woodburning-Stove-Small\/dp\/B01I4FMPQY\/ref=sr_1_2?__mk_de_DE=%C3%85M%C3%85%C5%BD%C3%95%C3%91&amp;dchild=1&amp;keywords=toaks+kocher&amp;qid=1621104797&amp;sr=8-2\" target=\"blank\" rel=\"noopener\">(Lien)<\/a><\/td>\n    <td class=\"tg-aabp\">(LW)<\/td>\n    <td class=\"tg-aabp\">229g<\/td>\n  <\/tr>\n  <tr>\n    <td class=\"tg-z9od\">B\u00e2tons de trekking LEKI Khumbu Lite AS<\/td>\n    <td class=\"tg-z9od\"><a href=\"https:\/\/www.amazon.de\/gp\/product\/B07KGRQ23M\/ref=ppx_yo_dt_b_search_asin_title?ie=UTF8&amp;psc=1\" target=\"blank\" rel=\"noopener\">(Lien)<\/a><\/td>\n    <td class=\"tg-z9od\">(LW)<\/td>\n    <td class=\"tg-z9od\">506g<\/td>\n  <\/tr>\n  <tr>\n    <td class=\"tg-aabp\">B\u00e2tons de trekking LEKI<\/td>\n    <td class=\"tg-aabp\">(Lien)<\/td>\n    <td class=\"tg-aabp\"><\/td>\n    <td class=\"tg-aabp\"><\/td>\n  <\/tr>\n<\/tbody>\n<\/table>\n\n\n\n<h3 class=\"wp-block-heading\"><br>Technique<\/h3>\n\n\n\n<style type=\"text\/css\">\n.tg  {border-collapse:collapse;border-spacing:0;}\n.tg td{border-color:black;border-style:solid;border-width:1px;font-family:Arial, sans-serif;font-size:14px;\n  overflow:hidden;padding:10px 5px;word-break:normal;}\n.tg th{border-color:black;border-style:solid;border-width:1px;font-family:Arial, sans-serif;font-size:14px;\n  font-weight:normal;overflow:hidden;padding:10px 5px;word-break:normal;}\n.tg .tg-z9od{font-size:12px;text-align:left;vertical-align:top}\n.tg .tg-xsvg{font-size:12px;font-weight:bold;text-align:left;vertical-align:top}\n.tg .tg-aabp{background-color:#efefef;font-size:12px;text-align:left;vertical-align:top}\n<\/style>\n<table class=\"tg\" style=\"undefined;table-layout: fixed; width: 100%\">\n<colgroup>\n<col style=\"width: 70%\">\n<col style=\"width: 15%\">\n<col style=\"width: 15%\">\n<\/colgroup>\n<thead>\n  <tr>\n    <th class=\"tg-xsvg\">Objet<\/th>\n    <th class=\"tg-xsvg\">Lien<\/th>\n    <th class=\"tg-xsvg\">Poids<\/th>\n  <\/tr>\n<\/thead>\n<tbody>\n  <tr>\n    <td class=\"tg-aabp\">Montre GPS Garmin Fenix 6S Pro<\/td>\n    <td class=\"tg-aabp\">(Lien)<\/td>\n    <td class=\"tg-aabp\"><\/td>\n  <\/tr>\n  <tr>\n    <td class=\"tg-z9od\">Lampe frontale LED Lenser<\/td>\n    <td class=\"tg-z9od\">(Lien)<\/td>\n    <td class=\"tg-z9od\">166g<\/td>\n  <\/tr>\n  <tr>\n    <td class=\"tg-aabp\">Banque de puissance<\/td>\n    <td class=\"tg-aabp\">(Lien)<\/td>\n    <td class=\"tg-aabp\">338g<\/td>\n  <\/tr>\n  <tr>\n    <td class=\"tg-z9od\">Panneau solaire<\/td>\n    <td class=\"tg-z9od\">(Lien)<\/td>\n    <td class=\"tg-z9od\">361g<\/td>\n  <\/tr>\n  <tr>\n    <td class=\"tg-aabp\">Divers c\u00e2bles de chargement<\/td>\n    <td class=\"tg-aabp\">(Lien)<\/td>\n    <td class=\"tg-aabp\">70g<\/td>\n  <\/tr>\n  <tr>\n    <td class=\"tg-z9od\">Go Pro Hero 9 noir<\/td>\n    <td class=\"tg-z9od\">(Lien)<\/td>\n    <td class=\"tg-z9od\"><\/td>\n  <\/tr>\n  <tr>\n    <td class=\"tg-aabp\">Go Pro Hero 7 noir<\/td>\n    <td class=\"tg-aabp\">(Lien)<\/td>\n    <td class=\"tg-aabp\">113g<\/td>\n  <\/tr>\n  <tr>\n    <td class=\"tg-z9od\">Batteries de rechange Go Pro Hero 7 (3x)<\/td>\n    <td class=\"tg-z9od\">(Lien)<\/td>\n    <td class=\"tg-z9od\">22g<\/td>\n  <\/tr>\n  <tr>\n    <td class=\"tg-aabp\">Appareil photo Sony Alpha 7M2<\/td>\n    <td class=\"tg-aabp\">(Lien)<\/td>\n    <td class=\"tg-aabp\">601g<\/td>\n  <\/tr>\n  <tr>\n    <td class=\"tg-z9od\">Batteries de rechange pour appareil photo<\/td>\n    <td class=\"tg-z9od\">(Lien)<\/td>\n    <td class=\"tg-z9od\">43 g<\/td>\n  <\/tr>\n  <tr>\n    <td class=\"tg-aabp\">Objectif<\/td>\n    <td class=\"tg-aabp\">(Lien)<\/td>\n    <td class=\"tg-aabp\"><\/td>\n  <\/tr>\n  <tr>\n    <td class=\"tg-z9od\">Objectif<\/td>\n    <td class=\"tg-z9od\">(Lien)<\/td>\n    <td class=\"tg-z9od\"><\/td>\n  <\/tr>\n  <tr>\n    <td class=\"tg-aabp\">\u00c9quipement pour time-lapse<\/td>\n    <td class=\"tg-aabp\">(Lien)<\/td>\n    <td class=\"tg-aabp\">343g<\/td>\n  <\/tr>\n  <tr>\n    <td class=\"tg-z9od\">Mini tr\u00e9pied Gorilla<\/td>\n    <td class=\"tg-z9od\">(Lien)<\/td>\n    <td class=\"tg-z9od\">387g<\/td>\n  <\/tr>\n  <tr>\n    <td class=\"tg-aabp\">Chargeur de t\u00e9l\u00e9phone portable<\/td>\n    <td class=\"tg-aabp\">(Lien)<\/td>\n    <td class=\"tg-aabp\">72g<\/td>\n  <\/tr>\n<\/tbody>\n<\/table>","protected":false},"excerpt":{"rendered":"<p>Une liste de notre \u00e9quipement et quelques mots sur la randonn\u00e9e ultra-l\u00e9g\u00e8re. <\/p>\n<p>\u142f<br \/>\u142f<br \/>\u142f<\/p>","protected":false},"author":1,"featured_media":1080,"parent":0,"menu_order":0,"comment_status":"open","ping_status":"closed","template":"","meta":{"ngg_post_thumbnail":0,"jetpack_post_was_ever_published":false,"footnotes":""},"class_list":["post-357","page","type-page","status-publish","has-post-thumbnail","hentry"],"jetpack_sharing_enabled":true,"jetpack_likes_enabled":true,"_links":{"self":[{"href":"https:\/\/twofeetadventures.de\/fr\/wp-json\/wp\/v2\/pages\/357","targetHints":{"allow":["GET"]}}],"collection":[{"href":"https:\/\/twofeetadventures.de\/fr\/wp-json\/wp\/v2\/pages"}],"about":[{"href":"https:\/\/twofeetadventures.de\/fr\/wp-json\/wp\/v2\/types\/page"}],"author":[{"embeddable":true,"href":"https:\/\/twofeetadventures.de\/fr\/wp-json\/wp\/v2\/users\/1"}],"replies":[{"embeddable":true,"href":"https:\/\/twofeetadventures.de\/fr\/wp-json\/wp\/v2\/comments?post=357"}],"version-history":[{"count":39,"href":"https:\/\/twofeetadventures.de\/fr\/wp-json\/wp\/v2\/pages\/357\/revisions"}],"predecessor-version":[{"id":3018,"href":"https:\/\/twofeetadventures.de\/fr\/wp-json\/wp\/v2\/pages\/357\/revisions\/3018"}],"wp:featuredmedia":[{"embeddable":true,"href":"https:\/\/twofeetadventures.de\/fr\/wp-json\/wp\/v2\/media\/1080"}],"wp:attachment":[{"href":"https:\/\/twofeetadventures.de\/fr\/wp-json\/wp\/v2\/media?parent=357"}],"curies":[{"name":"wp","href":"https:\/\/api.w.org\/{rel}","templated":true}]}}