{"id":354,"date":"2021-04-18T16:21:20","date_gmt":"2021-04-18T14:21:20","guid":{"rendered":"http:\/\/twofeetadventures.de\/?page_id=354"},"modified":"2022-12-17T13:22:22","modified_gmt":"2022-12-17T12:22:22","slug":"wer-wir-sind","status":"publish","type":"page","link":"https:\/\/twofeetadventures.de\/it\/chi-siamo\/","title":{"rendered":"CHI SIAMO"},"content":{"rendered":"<figure class=\"wp-block-image size-large is-resized\"><img loading=\"lazy\" decoding=\"async\" data-attachment-id=\"1023\" data-permalink=\"https:\/\/twofeetadventures.de\/it\/sequenz-01-00_06_44_25-standbild007\/\" data-orig-file=\"https:\/\/twofeetadventures.de\/wp-content\/uploads\/2021\/05\/Sequenz-01.00_06_44_25.Standbild007-scaled.jpg\" data-orig-size=\"2560,1440\" data-comments-opened=\"1\" data-image-meta=\"{&quot;aperture&quot;:&quot;0&quot;,&quot;credit&quot;:&quot;&quot;,&quot;camera&quot;:&quot;&quot;,&quot;caption&quot;:&quot;&quot;,&quot;created_timestamp&quot;:&quot;0&quot;,&quot;copyright&quot;:&quot;&quot;,&quot;focal_length&quot;:&quot;0&quot;,&quot;iso&quot;:&quot;0&quot;,&quot;shutter_speed&quot;:&quot;0&quot;,&quot;title&quot;:&quot;&quot;,&quot;orientation&quot;:&quot;0&quot;}\" data-image-title=\"Sequenz 01.00_06_44_25.Standbild007\" data-image-description=\"\" data-image-caption=\"\" data-medium-file=\"https:\/\/twofeetadventures.de\/wp-content\/uploads\/2021\/05\/Sequenz-01.00_06_44_25.Standbild007-300x169.jpg\" data-large-file=\"https:\/\/twofeetadventures.de\/wp-content\/uploads\/2021\/05\/Sequenz-01.00_06_44_25.Standbild007-1024x576.jpg\" src=\"http:\/\/twofeetadventures.de\/wp-content\/uploads\/2021\/05\/Sequenz-01.00_06_44_25.Standbild007-1024x576.jpg\" alt=\"\" class=\"wp-image-1023\" width=\"1180\" height=\"664\" srcset=\"https:\/\/twofeetadventures.de\/wp-content\/uploads\/2021\/05\/Sequenz-01.00_06_44_25.Standbild007-1024x576.jpg 1024w, https:\/\/twofeetadventures.de\/wp-content\/uploads\/2021\/05\/Sequenz-01.00_06_44_25.Standbild007-300x169.jpg 300w, https:\/\/twofeetadventures.de\/wp-content\/uploads\/2021\/05\/Sequenz-01.00_06_44_25.Standbild007-768x432.jpg 768w, https:\/\/twofeetadventures.de\/wp-content\/uploads\/2021\/05\/Sequenz-01.00_06_44_25.Standbild007-1536x864.jpg 1536w, https:\/\/twofeetadventures.de\/wp-content\/uploads\/2021\/05\/Sequenz-01.00_06_44_25.Standbild007-2048x1152.jpg 2048w, https:\/\/twofeetadventures.de\/wp-content\/uploads\/2021\/05\/Sequenz-01.00_06_44_25.Standbild007-541x304.jpg 541w\" sizes=\"auto, (max-width: 1180px) 100vw, 1180px\" \/><\/figure>\n\n\n\n<p><\/p>\n\n\n\n<figure class=\"wp-block-pullquote has-text-align-left has-background has-sitebg-background-color is-style-solid-color has-headings-color has-text-color\" style=\"font-size:14px\"><blockquote><p>Il piacere di vagare consiste nel godere della mancanza di uno scopo. Trovare soddisfazione in se stessi \u00e8 il livello pi\u00f9 alto del vagabondaggio.<\/p><cite>Lieh Tse<\/cite><\/blockquote><\/figure>\n\n\n\n<h1 class=\"wp-block-heading\"><br><br><strong>Circa <em>avventure a due piedi<\/em><\/strong><\/h1>\n\n\n\n<p>L'escursionismo \u00e8 la nostra passione, le avventure su due piedi. Scoprire piccole e grandi cose sui sentieri del mondo.  Connettersi con la natura. Ridurre al minimo la vita lontano dalla frenesia della vita quotidiana. Vivere e godere del mondo e della natura in modo consapevole e autentico.<\/p>\n\n\n\n<h1 class=\"wp-block-heading\"><strong>Gli inizi<\/strong><\/h1>\n\n\n\n<p>Facciamo escursioni da molti anni. Per lo pi\u00f9 si trattava di escursioni brevi, come i sentieri circolari di qualit\u00e0 superiore che completavamo la domenica pomeriggio. \u00c8 stato cos\u00ec per molti anni e c'\u00e8 sempre stato il sogno di oltrepassare la soglia dei normali sentieri circolari e di mettere piede su percorsi pi\u00f9 ampi. Nel 2020 abbiamo iniziato a estendere i nostri tour e a percorrere itinerari personalizzati. All'inizio volevamo battere il nostro record di 36 chilometri in una sola volta. Questo \u00e8 avvenuto in tempi relativamente brevi. I successivi obiettivi di +40 e +50 sono stati raggiunti non molto tempo dopo e quindi il nostro record attuale \u00e8 di 56 chilometri in un giorno. <\/p>\n\n\n\n<p>La nostra ritrovata forma fisica ci ha spronato ad affrontare il vecchio sogno di preparare lo zaino con tenda, sacco a pelo e fornello ed esplorare la campagna per diversi giorni alla volta. In qualche modo, mancava sempre l'ultimo passo per provarlo e cos\u00ec abbiamo aspettato troppo a lungo per iniziare la nostra attuale passione: il thru-hiking. Con questo termine si intende generalmente l'escursionismo su un percorso di lunga distanza dall'inizio alla fine. <br><br><\/p>\n\n\n\n<figure class=\"wp-block-image size-large is-resized\"><img loading=\"lazy\" decoding=\"async\" data-attachment-id=\"1017\" data-permalink=\"https:\/\/twofeetadventures.de\/it\/cropped-cropped-dsc00228_a-scaled-1-jpg\/\" data-orig-file=\"https:\/\/twofeetadventures.de\/wp-content\/uploads\/2021\/04\/cropped-cropped-DSC00228_a-scaled-1.jpg\" data-orig-size=\"1920,1080\" data-comments-opened=\"1\" data-image-meta=\"{&quot;aperture&quot;:&quot;0&quot;,&quot;credit&quot;:&quot;&quot;,&quot;camera&quot;:&quot;&quot;,&quot;caption&quot;:&quot;&quot;,&quot;created_timestamp&quot;:&quot;0&quot;,&quot;copyright&quot;:&quot;&quot;,&quot;focal_length&quot;:&quot;0&quot;,&quot;iso&quot;:&quot;0&quot;,&quot;shutter_speed&quot;:&quot;0&quot;,&quot;title&quot;:&quot;&quot;,&quot;orientation&quot;:&quot;0&quot;}\" data-image-title=\"cropped-cropped-DSC00228_a-scaled-1.jpg\" data-image-description=\"\" data-image-caption=\"\" data-medium-file=\"https:\/\/twofeetadventures.de\/wp-content\/uploads\/2021\/04\/cropped-cropped-DSC00228_a-scaled-1-300x169.jpg\" data-large-file=\"https:\/\/twofeetadventures.de\/wp-content\/uploads\/2021\/04\/cropped-cropped-DSC00228_a-scaled-1-1024x576.jpg\" src=\"http:\/\/twofeetadventures.de\/wp-content\/uploads\/2021\/04\/cropped-cropped-DSC00228_a-scaled-1-1024x576.jpg\" alt=\"\" class=\"wp-image-1017\" width=\"1179\" height=\"663\" srcset=\"https:\/\/twofeetadventures.de\/wp-content\/uploads\/2021\/04\/cropped-cropped-DSC00228_a-scaled-1-1024x576.jpg 1024w, https:\/\/twofeetadventures.de\/wp-content\/uploads\/2021\/04\/cropped-cropped-DSC00228_a-scaled-1-300x169.jpg 300w, https:\/\/twofeetadventures.de\/wp-content\/uploads\/2021\/04\/cropped-cropped-DSC00228_a-scaled-1-768x432.jpg 768w, https:\/\/twofeetadventures.de\/wp-content\/uploads\/2021\/04\/cropped-cropped-DSC00228_a-scaled-1-1536x864.jpg 1536w, https:\/\/twofeetadventures.de\/wp-content\/uploads\/2021\/04\/cropped-cropped-DSC00228_a-scaled-1-541x304.jpg 541w, https:\/\/twofeetadventures.de\/wp-content\/uploads\/2021\/04\/cropped-cropped-DSC00228_a-scaled-1.jpg 1920w\" sizes=\"auto, (max-width: 1179px) 100vw, 1179px\" \/><\/figure>\n\n\n\n<h1 class=\"wp-block-heading\"><br><strong>L'Eifelsteig<\/strong><\/h1>\n\n\n\n<p>Abbiamo fatto il nostro primo passo nel 2020 con l'Eifelsteig Thru-Hike. In 11 giorni abbiamo percorso 319 chilometri in una sola volta. Ci aspettava una dimensione completamente nuova dell'escursionismo. Durante la fase di pianificazione, \u00e8 stato chiaro fin dall'inizio che avremmo dato priorit\u00e0 al pernottamento all'aria aperta. <\/p>\n\n\n\n<p>Nove notti su dieci abbiamo avuto la fortuna di trovare un rifugio alla fine di ogni giornata, che \u00e8 servito da campo per la notte. \u00c8 stata un'esperienza completamente nuova iniziare la giornata al mattino con una meta vaga alla sera. Il rifugio segnato sulla mappa esiste davvero? Se s\u00ec, \u00e8 forse occupato e dobbiamo cercare qualcos'altro? Oppure riusciremo ad arrivare fino a l\u00ec? Naturalmente avevamo con noi la tenda come emergenza, ma non l'abbiamo disfatta nemmeno una volta. Possiamo solo raccomandare i rifugi dell'Eifel a tutti gli escursionisti che vogliono fare un tour come questo. Di solito sono puliti e offrono un panorama fantastico. Se siete fortunati, troverete anche rifugi con un frigorifero per la birra incassato nel terreno. Aprite il coperchio, mettete un euro in cassa e godetevi una birra ben temperata la sera dopo una lunga escursione. <\/p>\n\n\n\n<p>I nostri zaini erano pieni al massimo dell'essenziale, ma anche di molte cose che, col senno di poi, si sono rivelate troppo pesanti e inutili. Va detto che viaggiavamo con due cani e, naturalmente, anche loro dovevano essere riforniti di cibo e acqua. Quindi il peso di base, senza acqua e cibo, era tra i 10 e i 13 chili. Includendo il fabbisogno di acqua e le provviste per due persone pi\u00f9 due cani in tour di oltre 30 chilometri al giorno in estate, a volte raggiungevamo pesi iniziali giornalieri di 18 chili (Marion) e 20 chili (Carsten). Il mal di schiena era quindi inevitabile ed era uno sforzo enorme portare questo carico per diversi giorni. Tuttavia, l'Eifelsteig \u00e8 stata una scintilla iniziale e alla fine del tour era chiaro che gli ultimi 319 chilometri sarebbero stati l'inizio di qualcosa di completamente nuovo. Questo per quanto riguarda la recensione dell'Eifelsteig, la nostra prima Thru-Hike.<\/p>\n\n\n\n<h1 class=\"wp-block-heading\"><strong>Riduzione del peso<\/strong><\/h1>\n\n\n\n<p>Seguirono altre escursioni a lunga distanza. A cavallo tra il 2020 e il 2021, abbiamo trascorso alcuni giorni di escursioni sul GR6 nel Luberon\/Francia, anche se con pernottamenti in auto. Diverse tappe sul <a href=\"http:\/\/twofeetadventures.de\/it\/category\/adventures\/luxemburg\/gr5\/\" data-type=\"category\" data-id=\"30\">GR5 in Lussemburgo<\/a>dove abbiamo nuovamente pernottato durante il fine settimana. Nella primavera del 2020, un'escursione a piedi del <a href=\"http:\/\/twofeetadventures.de\/it\/category\/adventures\/deutschland\/pfaelzer-weinsteig\/\" data-type=\"category\" data-id=\"28\">Strada del vino del Palatinato<\/a> e poi distribuito su pi\u00f9 fine settimana il <a href=\"http:\/\/twofeetadventures.de\/it\/category\/adventures\/deutschland\/pfaelzer-waldpfad\/\" data-type=\"category\" data-id=\"29\">Sentiero della foresta del Palatinato<\/a>. Abbiamo ottimizzato il nostro equipaggiamento e cercato modi per ridurre il peso, soprattutto per quanto riguarda le escursioni con i cani. L'onnipresente tema del trekking ultraleggero (UL) ci spinge ovviamente ad andare avanti, ma non vogliamo e non vogliamo raggiungere un peso di base dello zaino di massimo 5 chili (definizione di ultraleggero), perch\u00e9 non vogliamo rinunciare a un certo livello di comfort, tecnologia e cura decente per i cani. Dare peso ai nostri cani ci ha fatto fare un grande passo avanti. Sono gi\u00e0 abbastanza in forma dopo molti chilometri di cammino e si sono abituati rapidamente ai loro nuovi zaini per cani. Proprio come gli esseri umani, i cani possono trasportare fino a 20% del proprio peso corporeo. Cos\u00ec abbiamo potuto consegnare fino a tre chili ai nostri compagni. Un enorme sollievo per noi!<br><br><\/p>\n\n\n\n<p class=\"has-background\" style=\"background-color:#bdbdbd\">Link: Qui potete trovare maggiori informazioni sulle nostre attrezzature con i dettagli sul peso: <a href=\"https:\/\/twofeetadventures.de\/it\/attrezzature\/\" data-type=\"page\" data-id=\"357\">ATTREZZATURE<\/a><\/p>\n\n\n\n<p><br><\/p>\n\n\n\n<div class=\"wp-block-columns is-layout-flex wp-container-core-columns-is-layout-9d6595d7 wp-block-columns-is-layout-flex\">\n<div class=\"wp-block-column is-layout-flow wp-block-column-is-layout-flow\">\n<figure class=\"wp-block-image size-large\"><a href=\"http:\/\/twofeetadventures.de\/it\/category\/adventures\/deutschland\/eifelsteig\/\"><img loading=\"lazy\" decoding=\"async\" width=\"300\" height=\"300\" data-attachment-id=\"1068\" data-permalink=\"https:\/\/twofeetadventures.de\/it\/chi-siamo\/eifelsteig\/\" data-orig-file=\"https:\/\/twofeetadventures.de\/wp-content\/uploads\/2021\/05\/eifelsteig.jpg\" data-orig-size=\"300,300\" data-comments-opened=\"1\" data-image-meta=\"{&quot;aperture&quot;:&quot;0&quot;,&quot;credit&quot;:&quot;&quot;,&quot;camera&quot;:&quot;&quot;,&quot;caption&quot;:&quot;&quot;,&quot;created_timestamp&quot;:&quot;0&quot;,&quot;copyright&quot;:&quot;&quot;,&quot;focal_length&quot;:&quot;0&quot;,&quot;iso&quot;:&quot;0&quot;,&quot;shutter_speed&quot;:&quot;0&quot;,&quot;title&quot;:&quot;&quot;,&quot;orientation&quot;:&quot;0&quot;}\" data-image-title=\"eifelsteig\" data-image-description=\"\" data-image-caption=\"\" data-medium-file=\"https:\/\/twofeetadventures.de\/wp-content\/uploads\/2021\/05\/eifelsteig.jpg\" data-large-file=\"https:\/\/twofeetadventures.de\/wp-content\/uploads\/2021\/05\/eifelsteig.jpg\" src=\"http:\/\/twofeetadventures.de\/wp-content\/uploads\/2021\/05\/eifelsteig.jpg\" alt=\"\" class=\"wp-image-1068\" srcset=\"https:\/\/twofeetadventures.de\/wp-content\/uploads\/2021\/05\/eifelsteig.jpg 300w, https:\/\/twofeetadventures.de\/wp-content\/uploads\/2021\/05\/eifelsteig-150x150.jpg 150w\" sizes=\"auto, (max-width: 300px) 100vw, 300px\" \/><\/a><\/figure>\n<\/div>\n\n\n\n<div class=\"wp-block-column is-layout-flow wp-block-column-is-layout-flow\">\n<figure class=\"wp-block-image size-large\"><a href=\"http:\/\/twofeetadventures.de\/it\/category\/adventures\/frankreich\/auf-dem-gr6\/\"><img loading=\"lazy\" decoding=\"async\" width=\"300\" height=\"300\" data-attachment-id=\"1069\" data-permalink=\"https:\/\/twofeetadventures.de\/it\/chi-siamo\/gr6\/\" data-orig-file=\"https:\/\/twofeetadventures.de\/wp-content\/uploads\/2021\/05\/gr6.jpg\" data-orig-size=\"300,300\" data-comments-opened=\"1\" data-image-meta=\"{&quot;aperture&quot;:&quot;0&quot;,&quot;credit&quot;:&quot;&quot;,&quot;camera&quot;:&quot;&quot;,&quot;caption&quot;:&quot;&quot;,&quot;created_timestamp&quot;:&quot;0&quot;,&quot;copyright&quot;:&quot;&quot;,&quot;focal_length&quot;:&quot;0&quot;,&quot;iso&quot;:&quot;0&quot;,&quot;shutter_speed&quot;:&quot;0&quot;,&quot;title&quot;:&quot;&quot;,&quot;orientation&quot;:&quot;0&quot;}\" data-image-title=\"gr6\" data-image-description=\"\" data-image-caption=\"\" data-medium-file=\"https:\/\/twofeetadventures.de\/wp-content\/uploads\/2021\/05\/gr6.jpg\" data-large-file=\"https:\/\/twofeetadventures.de\/wp-content\/uploads\/2021\/05\/gr6.jpg\" src=\"http:\/\/twofeetadventures.de\/wp-content\/uploads\/2021\/05\/gr6.jpg\" alt=\"\" class=\"wp-image-1069\" srcset=\"https:\/\/twofeetadventures.de\/wp-content\/uploads\/2021\/05\/gr6.jpg 300w, https:\/\/twofeetadventures.de\/wp-content\/uploads\/2021\/05\/gr6-150x150.jpg 150w\" sizes=\"auto, (max-width: 300px) 100vw, 300px\" \/><\/a><\/figure>\n<\/div>\n\n\n\n<div class=\"wp-block-column is-layout-flow wp-block-column-is-layout-flow\">\n<figure class=\"wp-block-image size-large\"><a href=\"http:\/\/twofeetadventures.de\/it\/category\/adventures\/deutschland\/pfaelzer-weinsteig\/\"><img loading=\"lazy\" decoding=\"async\" width=\"300\" height=\"300\" data-attachment-id=\"1070\" data-permalink=\"https:\/\/twofeetadventures.de\/it\/chi-siamo\/pfaelzer-weinsteig\/\" data-orig-file=\"https:\/\/twofeetadventures.de\/wp-content\/uploads\/2021\/05\/pfaelzer-weinsteig.jpg\" data-orig-size=\"300,300\" data-comments-opened=\"1\" data-image-meta=\"{&quot;aperture&quot;:&quot;0&quot;,&quot;credit&quot;:&quot;&quot;,&quot;camera&quot;:&quot;&quot;,&quot;caption&quot;:&quot;&quot;,&quot;created_timestamp&quot;:&quot;0&quot;,&quot;copyright&quot;:&quot;&quot;,&quot;focal_length&quot;:&quot;0&quot;,&quot;iso&quot;:&quot;0&quot;,&quot;shutter_speed&quot;:&quot;0&quot;,&quot;title&quot;:&quot;&quot;,&quot;orientation&quot;:&quot;0&quot;}\" data-image-title=\"pf\u00e4lzer-weinsteig\" data-image-description=\"\" data-image-caption=\"\" data-medium-file=\"https:\/\/twofeetadventures.de\/wp-content\/uploads\/2021\/05\/pfaelzer-weinsteig.jpg\" data-large-file=\"https:\/\/twofeetadventures.de\/wp-content\/uploads\/2021\/05\/pfaelzer-weinsteig.jpg\" src=\"http:\/\/twofeetadventures.de\/wp-content\/uploads\/2021\/05\/pfaelzer-weinsteig.jpg\" alt=\"\" class=\"wp-image-1070\" srcset=\"https:\/\/twofeetadventures.de\/wp-content\/uploads\/2021\/05\/pfaelzer-weinsteig.jpg 300w, https:\/\/twofeetadventures.de\/wp-content\/uploads\/2021\/05\/pfaelzer-weinsteig-150x150.jpg 150w\" sizes=\"auto, (max-width: 300px) 100vw, 300px\" \/><\/a><\/figure>\n<\/div>\n\n\n\n<div class=\"wp-block-column is-layout-flow wp-block-column-is-layout-flow\">\n<figure class=\"wp-block-image size-large\"><a href=\"http:\/\/twofeetadventures.de\/it\/category\/adventures\/deutschland\/pfaelzer-waldpfad\/\"><img loading=\"lazy\" decoding=\"async\" width=\"300\" height=\"300\" data-attachment-id=\"1071\" data-permalink=\"https:\/\/twofeetadventures.de\/it\/chi-siamo\/pfaelzer-waldpfad\/\" data-orig-file=\"https:\/\/twofeetadventures.de\/wp-content\/uploads\/2021\/05\/pfaelzer-waldpfad.jpg\" data-orig-size=\"300,300\" data-comments-opened=\"1\" data-image-meta=\"{&quot;aperture&quot;:&quot;0&quot;,&quot;credit&quot;:&quot;&quot;,&quot;camera&quot;:&quot;&quot;,&quot;caption&quot;:&quot;&quot;,&quot;created_timestamp&quot;:&quot;0&quot;,&quot;copyright&quot;:&quot;&quot;,&quot;focal_length&quot;:&quot;0&quot;,&quot;iso&quot;:&quot;0&quot;,&quot;shutter_speed&quot;:&quot;0&quot;,&quot;title&quot;:&quot;&quot;,&quot;orientation&quot;:&quot;0&quot;}\" data-image-title=\"pf\u00e4lzer-waldpfad\" data-image-description=\"\" data-image-caption=\"\" data-medium-file=\"https:\/\/twofeetadventures.de\/wp-content\/uploads\/2021\/05\/pfaelzer-waldpfad.jpg\" data-large-file=\"https:\/\/twofeetadventures.de\/wp-content\/uploads\/2021\/05\/pfaelzer-waldpfad.jpg\" src=\"http:\/\/twofeetadventures.de\/wp-content\/uploads\/2021\/05\/pfaelzer-waldpfad.jpg\" alt=\"\" class=\"wp-image-1071\" srcset=\"https:\/\/twofeetadventures.de\/wp-content\/uploads\/2021\/05\/pfaelzer-waldpfad.jpg 300w, https:\/\/twofeetadventures.de\/wp-content\/uploads\/2021\/05\/pfaelzer-waldpfad-150x150.jpg 150w\" sizes=\"auto, (max-width: 300px) 100vw, 300px\" \/><\/a><\/figure>\n<\/div>\n<\/div>\n\n\n\n<figure class=\"wp-block-pullquote is-style-solid-color\" style=\"font-size:14px\"><blockquote><p>Lo scopo del viaggio \u00e8 raggiungere una destinazione, lo scopo dell'escursionismo \u00e8 essere in movimento.<\/p><cite>Theodor Heuss<\/cite><\/blockquote><\/figure>\n\n\n\n<h1 class=\"wp-block-heading\"><strong>Attuale<\/strong><\/h1>\n\n\n\n<p>Dopo lunghi preparativi e alcuni mesi senza esperienze escursionistiche, abbiamo iniziato il nostro grande viaggio nel dicembre 2022. Questa volta abbiamo il supporto del nostro grande camper, che ci porter\u00e0 nei posti pi\u00f9 belli - anche per fare escursioni, ma molto di pi\u00f9. Viaggeremo per almeno un anno e mezzo. Il nostro itinerario ci porter\u00e0 in Francia, Spagna, Marocco e Portogallo nell'inverno 2022\/2023. In primavera faremo un'altra breve visita in Germania per riorganizzarci. Poi proseguiremo senza soluzione di continuit\u00e0 verso la Scandinavia, gli Stati baltici e l'Europa orientale. Nell'autunno 2023, il nostro itinerario ci porter\u00e0 nel Mediterraneo orientale con i Balcani, la Grecia e la Turchia. <\/p>\n\n\n\n<h1 class=\"wp-block-heading\"><br><strong>Prospettiva<\/strong><\/h1>\n\n\n\n<p>Come tutti sappiamo, nella vita si hanno molti obiettivi. Il nostro sogno \u00e8 ovviamente quello di percorrere un giorno il PCT (Pacific Crest Trail, 4265 km). Ma abbiamo anche visioni pi\u00f9 piccole, come percorrere il GR5 a tappe dal Mare del Nord al Mediterraneo, la GTA in Italia o anche una o due salite in Germania.<br><br><\/p>\n\n\n\n<figure class=\"wp-block-image size-large is-resized\"><img loading=\"lazy\" decoding=\"async\" data-attachment-id=\"1059\" data-permalink=\"https:\/\/twofeetadventures.de\/it\/cropped-20210321_174734_a-scaled-1-jpg\/\" data-orig-file=\"https:\/\/twofeetadventures.de\/wp-content\/uploads\/2021\/04\/cropped-20210321_174734_a-scaled-1.jpg\" data-orig-size=\"1920,1080\" data-comments-opened=\"1\" data-image-meta=\"{&quot;aperture&quot;:&quot;0&quot;,&quot;credit&quot;:&quot;&quot;,&quot;camera&quot;:&quot;&quot;,&quot;caption&quot;:&quot;&quot;,&quot;created_timestamp&quot;:&quot;0&quot;,&quot;copyright&quot;:&quot;&quot;,&quot;focal_length&quot;:&quot;0&quot;,&quot;iso&quot;:&quot;0&quot;,&quot;shutter_speed&quot;:&quot;0&quot;,&quot;title&quot;:&quot;&quot;,&quot;orientation&quot;:&quot;0&quot;}\" data-image-title=\"cropped-20210321_174734_a-scaled-1.jpg\" data-image-description=\"\" data-image-caption=\"\" data-medium-file=\"https:\/\/twofeetadventures.de\/wp-content\/uploads\/2021\/04\/cropped-20210321_174734_a-scaled-1-300x169.jpg\" data-large-file=\"https:\/\/twofeetadventures.de\/wp-content\/uploads\/2021\/04\/cropped-20210321_174734_a-scaled-1-1024x576.jpg\" src=\"http:\/\/twofeetadventures.de\/wp-content\/uploads\/2021\/04\/cropped-20210321_174734_a-scaled-1-1024x576.jpg\" alt=\"\" class=\"wp-image-1059\" width=\"1179\" height=\"663\" srcset=\"https:\/\/twofeetadventures.de\/wp-content\/uploads\/2021\/04\/cropped-20210321_174734_a-scaled-1-1024x576.jpg 1024w, https:\/\/twofeetadventures.de\/wp-content\/uploads\/2021\/04\/cropped-20210321_174734_a-scaled-1-300x169.jpg 300w, https:\/\/twofeetadventures.de\/wp-content\/uploads\/2021\/04\/cropped-20210321_174734_a-scaled-1-768x432.jpg 768w, https:\/\/twofeetadventures.de\/wp-content\/uploads\/2021\/04\/cropped-20210321_174734_a-scaled-1-1536x864.jpg 1536w, https:\/\/twofeetadventures.de\/wp-content\/uploads\/2021\/04\/cropped-20210321_174734_a-scaled-1-541x304.jpg 541w, https:\/\/twofeetadventures.de\/wp-content\/uploads\/2021\/04\/cropped-20210321_174734_a-scaled-1.jpg 1920w\" sizes=\"auto, (max-width: 1179px) 100vw, 1179px\" \/><\/figure>","protected":false},"excerpt":{"rendered":"<p>L'escursionismo \u00e8 la nostra passione, le avventure su due piedi. Scoprire piccole e grandi cose sui sentieri del mondo. Essere connessi con la natura. Tenere la vita lontana dalla frenesia quotidiana al minimo. Vivere e godere del mondo e della natura in modo consapevole e autentico.<\/p>\n<p>\u142f<br \/>\u142f<br \/>\u142f<\/p>","protected":false},"author":1,"featured_media":1023,"parent":0,"menu_order":0,"comment_status":"closed","ping_status":"closed","template":"","meta":{"ngg_post_thumbnail":0,"jetpack_post_was_ever_published":false,"footnotes":""},"class_list":["post-354","page","type-page","status-publish","has-post-thumbnail","hentry"],"jetpack_sharing_enabled":true,"jetpack_likes_enabled":true,"_links":{"self":[{"href":"https:\/\/twofeetadventures.de\/it\/wp-json\/wp\/v2\/pages\/354","targetHints":{"allow":["GET"]}}],"collection":[{"href":"https:\/\/twofeetadventures.de\/it\/wp-json\/wp\/v2\/pages"}],"about":[{"href":"https:\/\/twofeetadventures.de\/it\/wp-json\/wp\/v2\/types\/page"}],"author":[{"embeddable":true,"href":"https:\/\/twofeetadventures.de\/it\/wp-json\/wp\/v2\/users\/1"}],"replies":[{"embeddable":true,"href":"https:\/\/twofeetadventures.de\/it\/wp-json\/wp\/v2\/comments?post=354"}],"version-history":[{"count":19,"href":"https:\/\/twofeetadventures.de\/it\/wp-json\/wp\/v2\/pages\/354\/revisions"}],"predecessor-version":[{"id":1413,"href":"https:\/\/twofeetadventures.de\/it\/wp-json\/wp\/v2\/pages\/354\/revisions\/1413"}],"wp:featuredmedia":[{"embeddable":true,"href":"https:\/\/twofeetadventures.de\/it\/wp-json\/wp\/v2\/media\/1023"}],"wp:attachment":[{"href":"https:\/\/twofeetadventures.de\/it\/wp-json\/wp\/v2\/media?parent=354"}],"curies":[{"name":"wp","href":"https:\/\/api.w.org\/{rel}","templated":true}]}}