{"id":354,"date":"2021-04-18T16:21:20","date_gmt":"2021-04-18T14:21:20","guid":{"rendered":"http:\/\/twofeetadventures.de\/?page_id=354"},"modified":"2022-12-17T13:22:22","modified_gmt":"2022-12-17T12:22:22","slug":"wer-wir-sind","status":"publish","type":"page","link":"https:\/\/twofeetadventures.de\/nb\/hvem-vi-er\/","title":{"rendered":"HVEM VI ER"},"content":{"rendered":"<figure class=\"wp-block-image size-large is-resized\"><img loading=\"lazy\" decoding=\"async\" data-attachment-id=\"1023\" data-permalink=\"https:\/\/twofeetadventures.de\/nb\/sequenz-01-00_06_44_25-standbild007\/\" data-orig-file=\"https:\/\/twofeetadventures.de\/wp-content\/uploads\/2021\/05\/Sequenz-01.00_06_44_25.Standbild007-scaled.jpg\" data-orig-size=\"2560,1440\" data-comments-opened=\"1\" data-image-meta=\"{&quot;aperture&quot;:&quot;0&quot;,&quot;credit&quot;:&quot;&quot;,&quot;camera&quot;:&quot;&quot;,&quot;caption&quot;:&quot;&quot;,&quot;created_timestamp&quot;:&quot;0&quot;,&quot;copyright&quot;:&quot;&quot;,&quot;focal_length&quot;:&quot;0&quot;,&quot;iso&quot;:&quot;0&quot;,&quot;shutter_speed&quot;:&quot;0&quot;,&quot;title&quot;:&quot;&quot;,&quot;orientation&quot;:&quot;0&quot;}\" data-image-title=\"Sequenz 01.00_06_44_25.Standbild007\" data-image-description=\"\" data-image-caption=\"\" data-medium-file=\"https:\/\/twofeetadventures.de\/wp-content\/uploads\/2021\/05\/Sequenz-01.00_06_44_25.Standbild007-300x169.jpg\" data-large-file=\"https:\/\/twofeetadventures.de\/wp-content\/uploads\/2021\/05\/Sequenz-01.00_06_44_25.Standbild007-1024x576.jpg\" src=\"http:\/\/twofeetadventures.de\/wp-content\/uploads\/2021\/05\/Sequenz-01.00_06_44_25.Standbild007-1024x576.jpg\" alt=\"\" class=\"wp-image-1023\" width=\"1180\" height=\"664\" srcset=\"https:\/\/twofeetadventures.de\/wp-content\/uploads\/2021\/05\/Sequenz-01.00_06_44_25.Standbild007-1024x576.jpg 1024w, https:\/\/twofeetadventures.de\/wp-content\/uploads\/2021\/05\/Sequenz-01.00_06_44_25.Standbild007-300x169.jpg 300w, https:\/\/twofeetadventures.de\/wp-content\/uploads\/2021\/05\/Sequenz-01.00_06_44_25.Standbild007-768x432.jpg 768w, https:\/\/twofeetadventures.de\/wp-content\/uploads\/2021\/05\/Sequenz-01.00_06_44_25.Standbild007-1536x864.jpg 1536w, https:\/\/twofeetadventures.de\/wp-content\/uploads\/2021\/05\/Sequenz-01.00_06_44_25.Standbild007-2048x1152.jpg 2048w, https:\/\/twofeetadventures.de\/wp-content\/uploads\/2021\/05\/Sequenz-01.00_06_44_25.Standbild007-541x304.jpg 541w\" sizes=\"auto, (max-width: 1180px) 100vw, 1180px\" \/><\/figure>\n\n\n\n<p><\/p>\n\n\n\n<figure class=\"wp-block-pullquote has-text-align-left has-background has-sitebg-background-color is-style-solid-color has-headings-color has-text-color\" style=\"font-size:14px\"><blockquote><p>Gleden ved \u00e5 vandre er \u00e5 nyte mangelen p\u00e5 form\u00e5l. \u00c5 finne tilfredsstillelse i seg selv er det h\u00f8yeste niv\u00e5et av vandring.<\/p><cite>Lieh Tse<\/cite><\/blockquote><\/figure>\n\n\n\n<h1 class=\"wp-block-heading\"><br><br><strong>Om <em>to f\u00f8tter eventyr<\/em><\/strong><\/h1>\n\n\n\n<p>Fotturer er v\u00e5r lidenskap, eventyr p\u00e5 to f\u00f8tter. \u00c5 oppdage sm\u00e5 og store ting p\u00e5 verdens stier.  \u00c5 komme i kontakt med naturen. \u00c5 redusere livet borte fra hverdagens kjas og mas til et minimum. Bevisst og ekte oppleve og nyte verden og naturen.<\/p>\n\n\n\n<h1 class=\"wp-block-heading\"><strong>Begynnelsen<\/strong><\/h1>\n\n\n\n<p>Vi har v\u00e6rt p\u00e5 tur i mange \u00e5r n\u00e5. De fleste av dem har v\u00e6rt korte turer, som for eksempel f\u00f8rsteklasses rundl\u00f8yper som vi har g\u00e5tt en s\u00f8ndag ettermiddag. Slik var det i mange \u00e5r, og det var alltid en dr\u00f8m om \u00e5 krysse terskelen til de vanlige rundl\u00f8ypene og sette foten p\u00e5 st\u00f8rre stier. I 2020 begynte vi \u00e5 utvide turene v\u00e5re og g\u00e5 v\u00e5re egne, selvlagde ruter. Til \u00e5 begynne med \u00f8nsket vi \u00e5 sl\u00e5 v\u00e5r egen mange\u00e5rige rekord p\u00e5 36 kilometer i ett strekk. Det skjedde relativt raskt. De neste m\u00e5lene p\u00e5 +40 og +50 ble n\u00e5dd kort tid senere, og den n\u00e5v\u00e6rende rekorden er 56 kilometer p\u00e5 \u00e9n dag. <\/p>\n\n\n\n<p>V\u00e5r nyvunne kondisjon ansporet oss til \u00e5 ta fatt p\u00e5 den gamle dr\u00f8mmen om \u00e5 pakke ryggsekken med telt, sovepose og kokeapparat og utforske landskapet i flere dager av gangen. P\u00e5 en eller annen m\u00e5te manglet alltid det siste trinnet med \u00e5 pr\u00f8ve det ut, og derfor ventet vi altfor lenge med \u00e5 starte p\u00e5 v\u00e5r n\u00e5v\u00e6rende lidenskap - thru-hiking. Dette begrepet beskriver generelt det \u00e5 g\u00e5 en langtur fra start til m\u00e5l. <br><br><\/p>\n\n\n\n<figure class=\"wp-block-image size-large is-resized\"><img loading=\"lazy\" decoding=\"async\" data-attachment-id=\"1017\" data-permalink=\"https:\/\/twofeetadventures.de\/nb\/cropped-cropped-dsc00228_a-scaled-1-jpg\/\" data-orig-file=\"https:\/\/twofeetadventures.de\/wp-content\/uploads\/2021\/04\/cropped-cropped-DSC00228_a-scaled-1.jpg\" data-orig-size=\"1920,1080\" data-comments-opened=\"1\" data-image-meta=\"{&quot;aperture&quot;:&quot;0&quot;,&quot;credit&quot;:&quot;&quot;,&quot;camera&quot;:&quot;&quot;,&quot;caption&quot;:&quot;&quot;,&quot;created_timestamp&quot;:&quot;0&quot;,&quot;copyright&quot;:&quot;&quot;,&quot;focal_length&quot;:&quot;0&quot;,&quot;iso&quot;:&quot;0&quot;,&quot;shutter_speed&quot;:&quot;0&quot;,&quot;title&quot;:&quot;&quot;,&quot;orientation&quot;:&quot;0&quot;}\" data-image-title=\"cropped-cropped-DSC00228_a-scaled-1.jpg\" data-image-description=\"\" data-image-caption=\"\" data-medium-file=\"https:\/\/twofeetadventures.de\/wp-content\/uploads\/2021\/04\/cropped-cropped-DSC00228_a-scaled-1-300x169.jpg\" data-large-file=\"https:\/\/twofeetadventures.de\/wp-content\/uploads\/2021\/04\/cropped-cropped-DSC00228_a-scaled-1-1024x576.jpg\" src=\"http:\/\/twofeetadventures.de\/wp-content\/uploads\/2021\/04\/cropped-cropped-DSC00228_a-scaled-1-1024x576.jpg\" alt=\"\" class=\"wp-image-1017\" width=\"1179\" height=\"663\" srcset=\"https:\/\/twofeetadventures.de\/wp-content\/uploads\/2021\/04\/cropped-cropped-DSC00228_a-scaled-1-1024x576.jpg 1024w, https:\/\/twofeetadventures.de\/wp-content\/uploads\/2021\/04\/cropped-cropped-DSC00228_a-scaled-1-300x169.jpg 300w, https:\/\/twofeetadventures.de\/wp-content\/uploads\/2021\/04\/cropped-cropped-DSC00228_a-scaled-1-768x432.jpg 768w, https:\/\/twofeetadventures.de\/wp-content\/uploads\/2021\/04\/cropped-cropped-DSC00228_a-scaled-1-1536x864.jpg 1536w, https:\/\/twofeetadventures.de\/wp-content\/uploads\/2021\/04\/cropped-cropped-DSC00228_a-scaled-1-541x304.jpg 541w, https:\/\/twofeetadventures.de\/wp-content\/uploads\/2021\/04\/cropped-cropped-DSC00228_a-scaled-1.jpg 1920w\" sizes=\"auto, (max-width: 1179px) 100vw, 1179px\" \/><\/figure>\n\n\n\n<h1 class=\"wp-block-heading\"><br><strong>Eifelsteig<\/strong><\/h1>\n\n\n\n<p>Vi tok v\u00e5rt f\u00f8rste skritt i 2020 med Eifelsteig Thru-Hike. I l\u00f8pet av 11 dager tilbakela vi 319 kilometer i ett strekk. En helt ny dimensjon av fotturer l\u00e5 foran oss. Allerede i planleggingsfasen var det klart at vi ville prioritere \u00e5 overnatte ute i naturen. <\/p>\n\n\n\n<p>Ni av ti netter var vi heldige nok til \u00e5 finne et ly p\u00e5 slutten av dagen, som fungerte som leir for natten. Det var en helt ny opplevelse \u00e5 starte dagen om morgenen med et uklart m\u00e5l om kvelden. Finnes virkelig hytta som er avmerket p\u00e5 kartet? Er den i s\u00e5 fall okkupert, slik at vi m\u00e5 lete etter noe annet? Eller kommer vi i det hele tatt s\u00e5 langt? Vi hadde selvf\u00f8lgelig med oss teltet i n\u00f8dstilfeller, men vi pakket det ikke ut en eneste gang. Vi kan bare anbefale fjellhyttene i Eifel til alle turg\u00e5ere som \u00f8nsker \u00e5 dra p\u00e5 en slik tur. De er som regel rene og har en fantastisk panoramautsikt. Hvis du er heldig, finner du til og med hytter med et \u00f8lkj\u00f8leskap innebygd i bakken. \u00c5pne lokket, legg en euro i kassa og nyt en veltempereret \u00f8l om kvelden etter en lang fottur. <\/p>\n\n\n\n<p>Ryggsekkene v\u00e5re var pakket maksimalt med det aller n\u00f8dvendigste, men ogs\u00e5 mye som i ettertid viste seg \u00e5 v\u00e6re for tungt og un\u00f8dvendig. Det skal sies at vi hadde med oss to hunder, og de m\u00e5tte selvf\u00f8lgelig ogs\u00e5 ha mat og vann. S\u00e5 grunnvekten uten vann og mat var mellom 10 og 13 kilo. Medregnet vannbehov og proviant for to personer pluss to hunder p\u00e5 turer p\u00e5 mer enn 30 kilometer om dagen om sommeren, var vi noen ganger oppe i en daglig startvekt p\u00e5 18 kilo (Marion) og 20 kilo (Carsten). Ryggsmerter var uunng\u00e5elige, og det var en enorm anstrengelse \u00e5 b\u00e6re denne belastningen over flere dager. Likevel var Eifelsteig en f\u00f8rste gnist, og p\u00e5 slutten av turen var det tydelig at de siste 319 kilometerne skulle bli starten p\u00e5 noe helt nytt. S\u00e5 mye for en gjennomgang av Eifelsteig, v\u00e5r f\u00f8rste Thru-Hike.<\/p>\n\n\n\n<h1 class=\"wp-block-heading\"><strong>Vektreduksjon<\/strong><\/h1>\n\n\n\n<p>Flere langturer fulgte. Ved \u00e5rsskiftet 2020\/2021 tilbrakte vi noen dager p\u00e5 GR6 i Luberon\/Frankrike, riktignok med overnattinger i bilen. Flere etapper p\u00e5 <a href=\"http:\/\/twofeetadventures.de\/nb\/category\/adventures\/luxemburg\/gr5\/\" data-type=\"category\" data-id=\"30\">GR5 i Luxembourg<\/a>hvor vi igjen overnattet i helgen. V\u00e5ren 2020 ble det gjennomf\u00f8rt en gjennomg\u00e5ende vandring av <a href=\"http:\/\/twofeetadventures.de\/nb\/category\/adventures\/deutschland\/pfaelzer-weinsteig\/\" data-type=\"category\" data-id=\"28\">Vinstien i Pfalz<\/a> og deretter fordelt over flere helger <a href=\"http:\/\/twofeetadventures.de\/nb\/category\/adventures\/deutschland\/pfaelzer-waldpfad\/\" data-type=\"category\" data-id=\"29\">Pfalz Forest Trail<\/a>. Vi optimaliserte utstyret v\u00e5rt og lette etter m\u00e5ter \u00e5 redusere vekten p\u00e5, spesielt med tanke p\u00e5 turer med hund. Det allestedsn\u00e6rv\u00e6rende temaet ultralight trekking (UL) driver oss selvf\u00f8lgelig ogs\u00e5 fremover, men vi verken vil eller \u00f8nsker \u00e5 oppn\u00e5 en grunnvekt p\u00e5 maks. 5 kilo (definisjon av ultralight), da vi ikke vil gi avkall p\u00e5 et visst niv\u00e5 av komfort, teknologi og anstendig stell av hundene. Vi har tatt et stort skritt fremover ved \u00e5 gi hundene v\u00e5re mer vekt. De er i god form etter mange kilometer p\u00e5 tur, og ble raskt vant til de nye sekkene. Akkurat som mennesker kan hunder b\u00e6re opptil 20% av sin egen kroppsvekt. S\u00e5 n\u00e5 kunne vi overlate opptil tre kilo til v\u00e5re f\u00f8lgesvenner. En stor lettelse for oss!<br><br><\/p>\n\n\n\n<p class=\"has-background\" style=\"background-color:#bdbdbd\">Lenke: Du kan finne ut mer om utstyret v\u00e5rt med vektinformasjon her: <a href=\"https:\/\/twofeetadventures.de\/nb\/utstyr\/\" data-type=\"page\" data-id=\"357\">UTSTYR<\/a><\/p>\n\n\n\n<p><br><\/p>\n\n\n\n<div class=\"wp-block-columns is-layout-flex wp-container-core-columns-is-layout-9d6595d7 wp-block-columns-is-layout-flex\">\n<div class=\"wp-block-column is-layout-flow wp-block-column-is-layout-flow\">\n<figure class=\"wp-block-image size-large\"><a href=\"http:\/\/twofeetadventures.de\/nb\/category\/adventures\/deutschland\/eifelsteig\/\"><img loading=\"lazy\" decoding=\"async\" width=\"300\" height=\"300\" data-attachment-id=\"1068\" data-permalink=\"https:\/\/twofeetadventures.de\/nb\/hvem-vi-er\/eifelsteig\/\" data-orig-file=\"https:\/\/twofeetadventures.de\/wp-content\/uploads\/2021\/05\/eifelsteig.jpg\" data-orig-size=\"300,300\" data-comments-opened=\"1\" data-image-meta=\"{&quot;aperture&quot;:&quot;0&quot;,&quot;credit&quot;:&quot;&quot;,&quot;camera&quot;:&quot;&quot;,&quot;caption&quot;:&quot;&quot;,&quot;created_timestamp&quot;:&quot;0&quot;,&quot;copyright&quot;:&quot;&quot;,&quot;focal_length&quot;:&quot;0&quot;,&quot;iso&quot;:&quot;0&quot;,&quot;shutter_speed&quot;:&quot;0&quot;,&quot;title&quot;:&quot;&quot;,&quot;orientation&quot;:&quot;0&quot;}\" data-image-title=\"eifelsteig\" data-image-description=\"\" data-image-caption=\"\" data-medium-file=\"https:\/\/twofeetadventures.de\/wp-content\/uploads\/2021\/05\/eifelsteig.jpg\" data-large-file=\"https:\/\/twofeetadventures.de\/wp-content\/uploads\/2021\/05\/eifelsteig.jpg\" src=\"http:\/\/twofeetadventures.de\/wp-content\/uploads\/2021\/05\/eifelsteig.jpg\" alt=\"\" class=\"wp-image-1068\" srcset=\"https:\/\/twofeetadventures.de\/wp-content\/uploads\/2021\/05\/eifelsteig.jpg 300w, https:\/\/twofeetadventures.de\/wp-content\/uploads\/2021\/05\/eifelsteig-150x150.jpg 150w\" sizes=\"auto, (max-width: 300px) 100vw, 300px\" \/><\/a><\/figure>\n<\/div>\n\n\n\n<div class=\"wp-block-column is-layout-flow wp-block-column-is-layout-flow\">\n<figure class=\"wp-block-image size-large\"><a href=\"http:\/\/twofeetadventures.de\/nb\/category\/adventures\/frankreich\/auf-dem-gr6\/\"><img loading=\"lazy\" decoding=\"async\" width=\"300\" height=\"300\" data-attachment-id=\"1069\" data-permalink=\"https:\/\/twofeetadventures.de\/nb\/hvem-vi-er\/gr6\/\" data-orig-file=\"https:\/\/twofeetadventures.de\/wp-content\/uploads\/2021\/05\/gr6.jpg\" data-orig-size=\"300,300\" data-comments-opened=\"1\" data-image-meta=\"{&quot;aperture&quot;:&quot;0&quot;,&quot;credit&quot;:&quot;&quot;,&quot;camera&quot;:&quot;&quot;,&quot;caption&quot;:&quot;&quot;,&quot;created_timestamp&quot;:&quot;0&quot;,&quot;copyright&quot;:&quot;&quot;,&quot;focal_length&quot;:&quot;0&quot;,&quot;iso&quot;:&quot;0&quot;,&quot;shutter_speed&quot;:&quot;0&quot;,&quot;title&quot;:&quot;&quot;,&quot;orientation&quot;:&quot;0&quot;}\" data-image-title=\"gr6\" data-image-description=\"\" data-image-caption=\"\" data-medium-file=\"https:\/\/twofeetadventures.de\/wp-content\/uploads\/2021\/05\/gr6.jpg\" data-large-file=\"https:\/\/twofeetadventures.de\/wp-content\/uploads\/2021\/05\/gr6.jpg\" src=\"http:\/\/twofeetadventures.de\/wp-content\/uploads\/2021\/05\/gr6.jpg\" alt=\"\" class=\"wp-image-1069\" srcset=\"https:\/\/twofeetadventures.de\/wp-content\/uploads\/2021\/05\/gr6.jpg 300w, https:\/\/twofeetadventures.de\/wp-content\/uploads\/2021\/05\/gr6-150x150.jpg 150w\" sizes=\"auto, (max-width: 300px) 100vw, 300px\" \/><\/a><\/figure>\n<\/div>\n\n\n\n<div class=\"wp-block-column is-layout-flow wp-block-column-is-layout-flow\">\n<figure class=\"wp-block-image size-large\"><a href=\"http:\/\/twofeetadventures.de\/nb\/category\/adventures\/deutschland\/pfaelzer-weinsteig\/\"><img loading=\"lazy\" decoding=\"async\" width=\"300\" height=\"300\" data-attachment-id=\"1070\" data-permalink=\"https:\/\/twofeetadventures.de\/nb\/hvem-vi-er\/pfaelzer-weinsteig\/\" data-orig-file=\"https:\/\/twofeetadventures.de\/wp-content\/uploads\/2021\/05\/pfaelzer-weinsteig.jpg\" data-orig-size=\"300,300\" data-comments-opened=\"1\" data-image-meta=\"{&quot;aperture&quot;:&quot;0&quot;,&quot;credit&quot;:&quot;&quot;,&quot;camera&quot;:&quot;&quot;,&quot;caption&quot;:&quot;&quot;,&quot;created_timestamp&quot;:&quot;0&quot;,&quot;copyright&quot;:&quot;&quot;,&quot;focal_length&quot;:&quot;0&quot;,&quot;iso&quot;:&quot;0&quot;,&quot;shutter_speed&quot;:&quot;0&quot;,&quot;title&quot;:&quot;&quot;,&quot;orientation&quot;:&quot;0&quot;}\" data-image-title=\"pf\u00e4lzer-weinsteig\" data-image-description=\"\" data-image-caption=\"\" data-medium-file=\"https:\/\/twofeetadventures.de\/wp-content\/uploads\/2021\/05\/pfaelzer-weinsteig.jpg\" data-large-file=\"https:\/\/twofeetadventures.de\/wp-content\/uploads\/2021\/05\/pfaelzer-weinsteig.jpg\" src=\"http:\/\/twofeetadventures.de\/wp-content\/uploads\/2021\/05\/pfaelzer-weinsteig.jpg\" alt=\"\" class=\"wp-image-1070\" srcset=\"https:\/\/twofeetadventures.de\/wp-content\/uploads\/2021\/05\/pfaelzer-weinsteig.jpg 300w, https:\/\/twofeetadventures.de\/wp-content\/uploads\/2021\/05\/pfaelzer-weinsteig-150x150.jpg 150w\" sizes=\"auto, (max-width: 300px) 100vw, 300px\" \/><\/a><\/figure>\n<\/div>\n\n\n\n<div class=\"wp-block-column is-layout-flow wp-block-column-is-layout-flow\">\n<figure class=\"wp-block-image size-large\"><a href=\"http:\/\/twofeetadventures.de\/nb\/category\/adventures\/deutschland\/pfaelzer-waldpfad\/\"><img loading=\"lazy\" decoding=\"async\" width=\"300\" height=\"300\" data-attachment-id=\"1071\" data-permalink=\"https:\/\/twofeetadventures.de\/nb\/hvem-vi-er\/pfaelzer-waldpfad\/\" data-orig-file=\"https:\/\/twofeetadventures.de\/wp-content\/uploads\/2021\/05\/pfaelzer-waldpfad.jpg\" data-orig-size=\"300,300\" data-comments-opened=\"1\" data-image-meta=\"{&quot;aperture&quot;:&quot;0&quot;,&quot;credit&quot;:&quot;&quot;,&quot;camera&quot;:&quot;&quot;,&quot;caption&quot;:&quot;&quot;,&quot;created_timestamp&quot;:&quot;0&quot;,&quot;copyright&quot;:&quot;&quot;,&quot;focal_length&quot;:&quot;0&quot;,&quot;iso&quot;:&quot;0&quot;,&quot;shutter_speed&quot;:&quot;0&quot;,&quot;title&quot;:&quot;&quot;,&quot;orientation&quot;:&quot;0&quot;}\" data-image-title=\"pf\u00e4lzer-waldpfad\" data-image-description=\"\" data-image-caption=\"\" data-medium-file=\"https:\/\/twofeetadventures.de\/wp-content\/uploads\/2021\/05\/pfaelzer-waldpfad.jpg\" data-large-file=\"https:\/\/twofeetadventures.de\/wp-content\/uploads\/2021\/05\/pfaelzer-waldpfad.jpg\" src=\"http:\/\/twofeetadventures.de\/wp-content\/uploads\/2021\/05\/pfaelzer-waldpfad.jpg\" alt=\"\" class=\"wp-image-1071\" srcset=\"https:\/\/twofeetadventures.de\/wp-content\/uploads\/2021\/05\/pfaelzer-waldpfad.jpg 300w, https:\/\/twofeetadventures.de\/wp-content\/uploads\/2021\/05\/pfaelzer-waldpfad-150x150.jpg 150w\" sizes=\"auto, (max-width: 300px) 100vw, 300px\" \/><\/a><\/figure>\n<\/div>\n<\/div>\n\n\n\n<figure class=\"wp-block-pullquote is-style-solid-color\" style=\"font-size:14px\"><blockquote><p>Poenget med \u00e5 reise er \u00e5 komme seg til en destinasjon, poenget med \u00e5 vandre er \u00e5 v\u00e6re i bevegelse.<\/p><cite>Theodor Heuss<\/cite><\/blockquote><\/figure>\n\n\n\n<h1 class=\"wp-block-heading\"><strong>N\u00e5v\u00e6rende<\/strong><\/h1>\n\n\n\n<p>Etter lange forberedelser og noen m\u00e5neder uten turopplevelser startet vi v\u00e5r store tur i desember 2022. Denne gangen f\u00e5r vi hjelp av den store bobilen v\u00e5r, som skal ta oss til de vakreste stedene - ogs\u00e5 for fotturer, men mye mer enn det. Vi kommer til \u00e5 reise i minst 1,5 \u00e5r. Vinteren 2022\/2023 skal vi reise gjennom Frankrike, Spania, Marokko og Portugal, og til v\u00e5ren skal vi p\u00e5 et kort bes\u00f8k i Tyskland for \u00e5 omorganisere. Deretter fortsetter vi s\u00f8ml\u00f8st mot Skandinavia, Baltikum og \u00d8st-Europa. H\u00f8sten 2023 g\u00e5r turen til det \u00f8stlige Middelhavet med Balkan, Hellas og Tyrkia. <\/p>\n\n\n\n<h1 class=\"wp-block-heading\"><br><strong>Utsikter<\/strong><\/h1>\n\n\n\n<p>Som vi alle vet, har man mange m\u00e5l i livet. Dr\u00f8mmen v\u00e5r er selvf\u00f8lgelig \u00e5 g\u00e5 PCT (Pacific Crest Trail, 4265 km) en dag. Men vi har ogs\u00e5 mindre visjoner, som \u00e5 g\u00e5 GR5 i etapper fra Nordsj\u00f8en til Middelhavet, GTA i Italia eller til og med en klatretur eller to i Tyskland.<br><br><\/p>\n\n\n\n<figure class=\"wp-block-image size-large is-resized\"><img loading=\"lazy\" decoding=\"async\" data-attachment-id=\"1059\" data-permalink=\"https:\/\/twofeetadventures.de\/nb\/cropped-20210321_174734_a-scaled-1-jpg\/\" data-orig-file=\"https:\/\/twofeetadventures.de\/wp-content\/uploads\/2021\/04\/cropped-20210321_174734_a-scaled-1.jpg\" data-orig-size=\"1920,1080\" data-comments-opened=\"1\" data-image-meta=\"{&quot;aperture&quot;:&quot;0&quot;,&quot;credit&quot;:&quot;&quot;,&quot;camera&quot;:&quot;&quot;,&quot;caption&quot;:&quot;&quot;,&quot;created_timestamp&quot;:&quot;0&quot;,&quot;copyright&quot;:&quot;&quot;,&quot;focal_length&quot;:&quot;0&quot;,&quot;iso&quot;:&quot;0&quot;,&quot;shutter_speed&quot;:&quot;0&quot;,&quot;title&quot;:&quot;&quot;,&quot;orientation&quot;:&quot;0&quot;}\" data-image-title=\"cropped-20210321_174734_a-scaled-1.jpg\" data-image-description=\"\" data-image-caption=\"\" data-medium-file=\"https:\/\/twofeetadventures.de\/wp-content\/uploads\/2021\/04\/cropped-20210321_174734_a-scaled-1-300x169.jpg\" data-large-file=\"https:\/\/twofeetadventures.de\/wp-content\/uploads\/2021\/04\/cropped-20210321_174734_a-scaled-1-1024x576.jpg\" src=\"http:\/\/twofeetadventures.de\/wp-content\/uploads\/2021\/04\/cropped-20210321_174734_a-scaled-1-1024x576.jpg\" alt=\"\" class=\"wp-image-1059\" width=\"1179\" height=\"663\" srcset=\"https:\/\/twofeetadventures.de\/wp-content\/uploads\/2021\/04\/cropped-20210321_174734_a-scaled-1-1024x576.jpg 1024w, https:\/\/twofeetadventures.de\/wp-content\/uploads\/2021\/04\/cropped-20210321_174734_a-scaled-1-300x169.jpg 300w, https:\/\/twofeetadventures.de\/wp-content\/uploads\/2021\/04\/cropped-20210321_174734_a-scaled-1-768x432.jpg 768w, https:\/\/twofeetadventures.de\/wp-content\/uploads\/2021\/04\/cropped-20210321_174734_a-scaled-1-1536x864.jpg 1536w, https:\/\/twofeetadventures.de\/wp-content\/uploads\/2021\/04\/cropped-20210321_174734_a-scaled-1-541x304.jpg 541w, https:\/\/twofeetadventures.de\/wp-content\/uploads\/2021\/04\/cropped-20210321_174734_a-scaled-1.jpg 1920w\" sizes=\"auto, (max-width: 1179px) 100vw, 1179px\" \/><\/figure>","protected":false},"excerpt":{"rendered":"<p>Vandring er v\u00e5r lidenskap, eventyr p\u00e5 to f\u00f8tter. \u00c5 oppdage sm\u00e5 og store ting p\u00e5 verdens stier. \u00c5 v\u00e6re forbundet med naturen. \u00c5 holde livet borte fra det daglige kjas og mas til et minimum. \u00c5 oppleve og nyte verden og naturen bevisst og ekte.<\/p>\n<p>\u142f<br \/>\u142f<br \/>\u142f<\/p>","protected":false},"author":1,"featured_media":1023,"parent":0,"menu_order":0,"comment_status":"closed","ping_status":"closed","template":"","meta":{"ngg_post_thumbnail":0,"jetpack_post_was_ever_published":false,"footnotes":""},"class_list":["post-354","page","type-page","status-publish","has-post-thumbnail","hentry"],"jetpack_sharing_enabled":true,"jetpack_likes_enabled":true,"_links":{"self":[{"href":"https:\/\/twofeetadventures.de\/nb\/wp-json\/wp\/v2\/pages\/354","targetHints":{"allow":["GET"]}}],"collection":[{"href":"https:\/\/twofeetadventures.de\/nb\/wp-json\/wp\/v2\/pages"}],"about":[{"href":"https:\/\/twofeetadventures.de\/nb\/wp-json\/wp\/v2\/types\/page"}],"author":[{"embeddable":true,"href":"https:\/\/twofeetadventures.de\/nb\/wp-json\/wp\/v2\/users\/1"}],"replies":[{"embeddable":true,"href":"https:\/\/twofeetadventures.de\/nb\/wp-json\/wp\/v2\/comments?post=354"}],"version-history":[{"count":19,"href":"https:\/\/twofeetadventures.de\/nb\/wp-json\/wp\/v2\/pages\/354\/revisions"}],"predecessor-version":[{"id":1413,"href":"https:\/\/twofeetadventures.de\/nb\/wp-json\/wp\/v2\/pages\/354\/revisions\/1413"}],"wp:featuredmedia":[{"embeddable":true,"href":"https:\/\/twofeetadventures.de\/nb\/wp-json\/wp\/v2\/media\/1023"}],"wp:attachment":[{"href":"https:\/\/twofeetadventures.de\/nb\/wp-json\/wp\/v2\/media?parent=354"}],"curies":[{"name":"wp","href":"https:\/\/api.w.org\/{rel}","templated":true}]}}