{"id":357,"date":"2021-04-18T16:22:54","date_gmt":"2021-04-18T14:22:54","guid":{"rendered":"http:\/\/twofeetadventures.de\/?page_id=357"},"modified":"2023-04-23T19:19:36","modified_gmt":"2023-04-23T17:19:36","slug":"ausruestung","status":"publish","type":"page","link":"https:\/\/twofeetadventures.de\/nb\/utstyr\/","title":{"rendered":"UTSTYR"},"content":{"rendered":"<figure class=\"wp-block-image size-large is-resized\"><img loading=\"lazy\" decoding=\"async\" data-attachment-id=\"1082\" data-permalink=\"https:\/\/twofeetadventures.de\/nb\/utstyr\/20210325_062919_a-2\/\" data-orig-file=\"https:\/\/twofeetadventures.de\/wp-content\/uploads\/2021\/05\/20210325_062919_a.jpg\" data-orig-size=\"1500,845\" data-comments-opened=\"1\" data-image-meta=\"{&quot;aperture&quot;:&quot;0&quot;,&quot;credit&quot;:&quot;&quot;,&quot;camera&quot;:&quot;&quot;,&quot;caption&quot;:&quot;&quot;,&quot;created_timestamp&quot;:&quot;0&quot;,&quot;copyright&quot;:&quot;&quot;,&quot;focal_length&quot;:&quot;0&quot;,&quot;iso&quot;:&quot;0&quot;,&quot;shutter_speed&quot;:&quot;0&quot;,&quot;title&quot;:&quot;&quot;,&quot;orientation&quot;:&quot;0&quot;}\" data-image-title=\"20210325_062919_a\" data-image-description=\"\" data-image-caption=\"\" data-medium-file=\"https:\/\/twofeetadventures.de\/wp-content\/uploads\/2021\/05\/20210325_062919_a-300x169.jpg\" data-large-file=\"https:\/\/twofeetadventures.de\/wp-content\/uploads\/2021\/05\/20210325_062919_a-1024x577.jpg\" src=\"http:\/\/twofeetadventures.de\/wp-content\/uploads\/2021\/05\/20210325_062919_a-1024x577.jpg\" alt=\"\" class=\"wp-image-1082\" width=\"1179\" height=\"664\" srcset=\"https:\/\/twofeetadventures.de\/wp-content\/uploads\/2021\/05\/20210325_062919_a-1024x577.jpg 1024w, https:\/\/twofeetadventures.de\/wp-content\/uploads\/2021\/05\/20210325_062919_a-300x169.jpg 300w, https:\/\/twofeetadventures.de\/wp-content\/uploads\/2021\/05\/20210325_062919_a-768x433.jpg 768w, https:\/\/twofeetadventures.de\/wp-content\/uploads\/2021\/05\/20210325_062919_a-541x305.jpg 541w, https:\/\/twofeetadventures.de\/wp-content\/uploads\/2021\/05\/20210325_062919_a.jpg 1500w\" sizes=\"auto, (max-width: 1179px) 100vw, 1179px\" \/><\/figure>\n\n\n\n<h1 class=\"wp-block-heading\"><br>Utstyret til <strong><em>twofeetadventures<\/em><\/strong><\/h1>\n\n\n\n<p>Da vi startet den f\u00f8rste Thru-Hike av Eifelsteig i 2020, gikk vi med en grunnvekt (uten proviant og vann) p\u00e5 mellom 12 og 15 kilo. I mellomtiden reduserte vi vekten til omtrent 8 kilo. Vi kvittet oss med un\u00f8dvendige ting og byttet ut forskjellige deler av utstyret mot lette eller ultralette. <\/p>\n\n\n\n<p>I den f\u00f8lgende oversikten viser vi standardutstyret v\u00e5rt. Ikke alle elementene er fullstendig pakket for hver tur, men de varierer avhengig av kravene og kravene til turen. Vi har merket ultralette gjenstander med en (UL), lette gjenstander med en (LW). Merk likevel: V\u00e5rt prim\u00e6re m\u00e5l er ikke \u00e5 g\u00e5 UL, men \u00e5 redusere vekten s\u00e5 mye som mulig.  Et ord om ultralette fotturer. Man snakker om ultralett \/ ultralett n\u00e5r alle redskapene som trengs for gjennomvandringen, dvs. inkludert telt, sovepose, liggeunderlag, etc., men uten vann og proviant, har en vekt p\u00e5 mindre enn 5 kilo. Hvis vekten er mellom 5 og 9 kilo, kalles det lett trekking; alt over det kalles tradisjonell trekking.<\/p>\n\n\n\n<p>Har du sp\u00f8rsm\u00e5l om de enkelte utstyrselementene? Legg igjen en kommentar eller skriv til oss <a href=\"https:\/\/twofeetadventures.de\/nb\/kontakt\/\" data-type=\"page\" data-id=\"43\">Melding<\/a>.<br><\/p>\n\n\n\n<h3 class=\"wp-block-heading\">Ryggsekk, sovepose, telt osv.<\/h3>\n\n\n\n<style type=\"text\/css\">\n.tg  {border-collapse:collapse;border-spacing:0;}\n.tg td{border-style:solid;border-width:0px;font-family:Arial, sans-serif;font-size:14px;overflow:hidden;\n  padding:10px 5px;word-break:normal;}\n.tg th{border-style:solid;border-width:0px;font-family:Arial, sans-serif;font-size:14px;font-weight:normal;\n  overflow:hidden;padding:10px 5px;word-break:normal;}\n.tg .tg-hzho{background-color:#efefef;font-size:12px;font-weight:bold;text-align:left;vertical-align:top}\n.tg .tg-z9od{font-size:12px;text-align:left;vertical-align:top}\n.tg .tg-aabp{background-color:#efefef;font-size:12px;text-align:left;vertical-align:top}\n<\/style>\n<table class=\"tg\" style=\"undefined;table-layout: fixed; width: 100%\">\n<colgroup>\n<col style=\"width: 55%\">\n<col style=\"width: 15%\">\n<col style=\"width: 15%\">\n<col style=\"width: 15&amp;\">\n<\/colgroup>\n<thead>\n  <tr>\n    <th class=\"tg-hzho\">Emne<\/th>\n    <th class=\"tg-hzho\">Link<\/th>\n    <th class=\"tg-hzho\">Klassifisering<\/th>\n    <th class=\"tg-hzho\">Vekt<\/th>\n  <\/tr>\n<\/thead>\n<tbody>\n  <tr>\n    <td class=\"tg-z9od\">Osprey Rook 65 ryggsekk<\/td>\n    <td class=\"tg-z9od\"><a target=\"_blank\" href=\"https:\/\/www.amazon.de\/Osprey-Rook-Mens-Ventilated-Backpacking\/dp\/B07GH7KDSK\/ref=sr_1_2?__mk_de_DE=%25C3%2585M%25C3%2585%25C5%25BD%25C3%2595%25C3%2591&amp;crid=38CZVA2KRZVCF&amp;keywords=Rucksack%252BOsprey%252BRook%252B65&amp;qid=1682192169&amp;sprefix=rucksack%252Bosprey%252Brook%252B65%252Caps%252C142&amp;sr=8-2&amp;th=1&#038;_encoding=UTF8&#038;tag=300175-21&#038;linkCode=ur2&#038;linkId=6f2fdf49debd52c4a207c567b0e239a8&#038;camp=1638&#038;creative=6742\" rel=\"noopener\">Osprey Rook 65 ryggsekk<\/a> (annonse)<\/td>\n    <td class=\"tg-z9od\"><\/td>\n    <td class=\"tg-z9od\">1740g<\/td>\n  <\/tr>\n  <tr>\n    <td class=\"tg-aabp\">Osprey Xena 70 ryggsekk<\/td>\n    <td class=\"tg-aabp\"><a target=\"_blank\" href=\"https:\/\/www.amazon.de\/Osprey-Xena-Womens-Backpacking-Pack\/dp\/B077YQJX3B\/ref=sr_1_2?dchild=1&amp;amp&amp;keywords=osprey+xena+70&amp;amp&amp;qid=1621105102&amp;amp&amp;sr=8-2&#038;_encoding=UTF8&#038;tag=300175-21&#038;linkCode=ur2&#038;linkId=102ea403371cf771655c2a1186221b5e&#038;camp=1638&#038;creative=6742\" rel=\"noopener\">Osprey Xena 70 ryggsekk<\/a> (annonse)<\/td>\n    <td class=\"tg-aabp\"><\/td>\n    <td class=\"tg-aabp\">2260g<\/td>\n  <\/tr>\n  <tr>\n    <td class=\"tg-z9od\">Ryggsekk Deuter<\/td>\n    <td class=\"tg-z9od\"><\/td>\n    <td class=\"tg-z9od\"><\/td>\n    <td class=\"tg-z9od\"><\/td>\n  <\/tr>\n  <tr>\n    <td class=\"tg-aabp\">Sovepose Big Agnes Hitchens 850 UL inkl. pose<\/td>\n    <td class=\"tg-aabp\"><\/td>\n    <td class=\"tg-aabp\">(UL)<\/td>\n    <td class=\"tg-aabp\">850g<\/td>\n  <\/tr>\n  <tr>\n    <td class=\"tg-z9od\">Sovepose Y fra Nordisk Passion Five<\/td>\n    <td class=\"tg-z9od\"><a target=\"_blank\" href=\"https:\/\/www.amazon.de\/Nordisk-Passion-Five-Daunenschlafsack-Mumienform\/dp\/B08V87CLXL\/ref=sr_1_1?__mk_de_DE=%25C3%2585M%25C3%2585%25C5%25BD%25C3%2595%25C3%2591&amp;crid=GTBRQQRZQZEI&amp;keywords=Schlafsack+Y+by+Nordisk+Passion+Five&amp;qid=1682192553&amp;sprefix=schlafsack+y+by+nordisk+passion+five%252Caps%252C206&amp;sr=8-1&#038;_encoding=UTF8&#038;tag=300175-21&#038;linkCode=ur2&#038;linkId=c3fdc0141245d2899253e50eeba833a4&#038;camp=1638&#038;creative=6742\" rel=\"noopener\">Sovepose Y fra Nordisk Passion Five<\/a> (annonse)<\/td>\n    <td class=\"tg-z9od\">(UL)<\/td>\n    <td class=\"tg-z9od\">835g<\/td>\n  <\/tr>\n  <tr>\n    <td class=\"tg-aabp\">Therm-a-Rest NeoAir Xlite liggematte<\/td>\n    <td class=\"tg-aabp\"><a href=\"https:\/\/www.amazon.de\/Therm-Rest-THERMAREST-NeoAir%C2%AE-Winglock\/dp\/B07YFX3X31\/ref=sr_1_2?__mk_de_DE=%C3%85M%C3%85%C5%BD%C3%95%C3%91&amp;dchild=1&amp;keywords=thermarest+neoair+xlite&amp;qid=1621103962&amp;sr=8-2\" target=\"blank\" rel=\"noopener\">(Lenke)<\/a><\/td>\n    <td class=\"tg-aabp\">(UL)<\/td>\n    <td class=\"tg-aabp\">420g<\/td>\n  <\/tr>\n  <tr>\n    <td class=\"tg-z9od\">Therm-a-Rest NeoAir XTherm liggematte<\/td>\n    <td class=\"tg-z9od\"><a href=\"https:\/\/www.amazon.de\/Therm-Rest-NeoAir-XTherm-Gr%C3%B6%C3%9Fe\/dp\/B07YDHLZZB\/ref=sr_1_1?__mk_de_DE=%C3%85M%C3%85%C5%BD%C3%95%C3%91&amp;dchild=1&amp;keywords=thermarest+neoair+xtherm&amp;qid=1621104007&amp;sr=8-1\" target=\"blank\" rel=\"noopener\">(Lenke)<\/a><\/td>\n    <td class=\"tg-z9od\">(UL)<\/td>\n    <td class=\"tg-z9od\">581g<\/td>\n  <\/tr>\n  <tr>\n    <td class=\"tg-aabp\">Telt Nordisk Telemark 2 UL inkl. bag, staver, plugg (2 personers telt)<\/td>\n    <td class=\"tg-aabp\"><a href=\"https:\/\/www.amazon.de\/Zelt-Nordisk-Telemark-LW-gr%C3%BCn\/dp\/B01HTUF0US\/ref=sr_1_1?__mk_de_DE=%C3%85M%C3%85%C5%BD%C3%95%C3%91&amp;dchild=1&amp;keywords=nordisk+telemark+2&amp;qid=1621104120&amp;sr=8-1\">(Lenke)<\/a><\/td>\n    <td class=\"tg-aabp\">(LW)<\/td>\n    <td class=\"tg-aabp\">972g<\/td>\n  <\/tr>\n  <tr>\n    <td class=\"tg-z9od\">MSR Carbon Reflex 3 telt inkl. bag, staver, plugg (3 personers telt)<\/td>\n    <td class=\"tg-z9od\"><a href=\"https:\/\/www.trekking-lite-store.com\/msr-carbon-reflex-3-green-zelt.html\" target=\"blank\" rel=\"noopener\">(Lenke)<\/a><\/td>\n    <td class=\"tg-z9od\">(UL)<\/td>\n    <td class=\"tg-z9od\">1135g<\/td>\n  <\/tr>\n  <tr>\n    <td class=\"tg-aabp\">Hengek\u00f8ye AMAZONAS Ultra-Light Adventure Hammock Coyote<\/td>\n    <td class=\"tg-aabp\"><a href=\"https:\/\/www.amazon.de\/gp\/product\/B0721MZT2T\/ref=ppx_yo_dt_b_search_asin_title?ie=UTF8&amp;psc=1\" target=\"blank\" rel=\"noopener\">(Lenke)<\/a><\/td>\n    <td class=\"tg-aabp\">(UL)<\/td>\n    <td class=\"tg-aabp\">188g<\/td>\n  <\/tr>\n  <tr>\n    <td class=\"tg-z9od\">Hengek\u00f8ye Free Spirit ESPRIT LIBRE<\/td>\n    <td class=\"tg-z9od\"><a href=\"https:\/\/www.amazon.de\/freigeist-Ultraleicht-H%C3%A4ngematte-Personen-Fallschirmseide\/dp\/B0779F7KQV\/ref=sr_1_1_sspa?dchild=1&amp;keywords=H%C3%A4ngematte+Freigeist+ESPRIT+LIBRE&amp;qid=1621104357&amp;sr=8-1-spons&amp;psc=1&amp;spLa=ZW5jcnlwdGVkUXVhbGlmaWVyPUEyS1hOWjlTVkUwS1pZJmVuY3J5cHRlZElkPUEwNjIwMTk2MjcyRU5WV1VQOTA2MSZlbmNyeXB0ZWRBZElkPUEwMTE4NzgyMk1UUExVTzdGQTg1RCZ3aWRnZXROYW1lPXNwX2F0ZiZhY3Rpb249Y2xpY2tSZWRpcmVjdCZkb05vdExvZ0NsaWNrPXRydWU=\" target=\"blank\" rel=\"noopener\">(Lenke)<\/a><\/td>\n    <td class=\"tg-z9od\">(LW)<\/td>\n    <td class=\"tg-z9od\"><\/td>\n  <\/tr>\n  <tr>\n    <td class=\"tg-aabp\">Presenning AMAZONAS Ultra-Light Adventure Wing Presenning<\/td>\n    <td class=\"tg-aabp\"><a href=\"https:\/\/www.amazon.de\/gp\/product\/B07NPQFRPV\/ref=ppx_yo_dt_b_search_asin_title?ie=UTF8&amp;psc=1\" target=\"blank\" rel=\"noopener\">(Lenke)<\/a><\/td>\n    <td class=\"tg-aabp\">(UL)<\/td>\n    <td class=\"tg-aabp\">680g<\/td>\n  <\/tr>\n  <tr>\n    <td class=\"tg-z9od\">Optimus Vega gasskomfyr inkl. vindskjerm og veske<\/td>\n    <td class=\"tg-z9od\"><a href=\"https:\/\/www.amazon.de\/Optimus-Kocher-Vega-Silber-Size\/dp\/B00A1OOHUE\/ref=sr_1_3?__mk_de_DE=%C3%85M%C3%85%C5%BD%C3%95%C3%91&amp;dchild=1&amp;keywords=Optimus+Vega&amp;qid=1621104395&amp;sr=8-3\">(Lenke)<\/a><\/td>\n    <td class=\"tg-z9od\">(LW)<\/td>\n    <td class=\"tg-z9od\">251g<\/td>\n  <\/tr>\n  <tr>\n    <td class=\"tg-aabp\">Toaks-brenner inkl. 1,6l gryte<\/td>\n    <td class=\"tg-aabp\"><a href=\"https:\/\/www.amazon.de\/Titanium-Backpacking-Woodburning-Stove-Small\/dp\/B01I4FMPQY\/ref=sr_1_2?__mk_de_DE=%C3%85M%C3%85%C5%BD%C3%95%C3%91&amp;dchild=1&amp;keywords=toaks+kocher&amp;qid=1621104797&amp;sr=8-2\" target=\"blank\" rel=\"noopener\">(Lenke)<\/a><\/td>\n    <td class=\"tg-aabp\">(LW)<\/td>\n    <td class=\"tg-aabp\">229g<\/td>\n  <\/tr>\n  <tr>\n    <td class=\"tg-z9od\">Trekking staver LEKI Khumbu Lite AS<\/td>\n    <td class=\"tg-z9od\"><a href=\"https:\/\/www.amazon.de\/gp\/product\/B07KGRQ23M\/ref=ppx_yo_dt_b_search_asin_title?ie=UTF8&amp;psc=1\" target=\"blank\" rel=\"noopener\">(Lenke)<\/a><\/td>\n    <td class=\"tg-z9od\">(LW)<\/td>\n    <td class=\"tg-z9od\">506g<\/td>\n  <\/tr>\n  <tr>\n    <td class=\"tg-aabp\">Trekking staver LEKI<\/td>\n    <td class=\"tg-aabp\">(Lenke)<\/td>\n    <td class=\"tg-aabp\"><\/td>\n    <td class=\"tg-aabp\"><\/td>\n  <\/tr>\n<\/tbody>\n<\/table>\n\n\n\n<h3 class=\"wp-block-heading\"><br>Teknologi<\/h3>\n\n\n\n<style type=\"text\/css\">\n.tg  {border-collapse:collapse;border-spacing:0;}\n.tg td{border-color:black;border-style:solid;border-width:1px;font-family:Arial, sans-serif;font-size:14px;\n  overflow:hidden;padding:10px 5px;word-break:normal;}\n.tg th{border-color:black;border-style:solid;border-width:1px;font-family:Arial, sans-serif;font-size:14px;\n  font-weight:normal;overflow:hidden;padding:10px 5px;word-break:normal;}\n.tg .tg-z9od{font-size:12px;text-align:left;vertical-align:top}\n.tg .tg-xsvg{font-size:12px;font-weight:bold;text-align:left;vertical-align:top}\n.tg .tg-aabp{background-color:#efefef;font-size:12px;text-align:left;vertical-align:top}\n<\/style>\n<table class=\"tg\" style=\"undefined;table-layout: fixed; width: 100%\">\n<colgroup>\n<col style=\"width: 70%\">\n<col style=\"width: 15%\">\n<col style=\"width: 15%\">\n<\/colgroup>\n<thead>\n  <tr>\n    <th class=\"tg-xsvg\">Emne<\/th>\n    <th class=\"tg-xsvg\">Link<\/th>\n    <th class=\"tg-xsvg\">Vekt<\/th>\n  <\/tr>\n<\/thead>\n<tbody>\n  <tr>\n    <td class=\"tg-aabp\">Garmin Fenix 6S Pro GPS-klokke<\/td>\n    <td class=\"tg-aabp\">(Lenke)<\/td>\n    <td class=\"tg-aabp\"><\/td>\n  <\/tr>\n  <tr>\n    <td class=\"tg-z9od\">Hodelykt LED Lenser<\/td>\n    <td class=\"tg-z9od\">(Lenke)<\/td>\n    <td class=\"tg-z9od\">166g<\/td>\n  <\/tr>\n  <tr>\n    <td class=\"tg-aabp\">Powerbank<\/td>\n    <td class=\"tg-aabp\">(Lenke)<\/td>\n    <td class=\"tg-aabp\">338g<\/td>\n  <\/tr>\n  <tr>\n    <td class=\"tg-z9od\">Solcellepanel<\/td>\n    <td class=\"tg-z9od\">(Lenke)<\/td>\n    <td class=\"tg-z9od\">361g<\/td>\n  <\/tr>\n  <tr>\n    <td class=\"tg-aabp\">Ulike ladekabler<\/td>\n    <td class=\"tg-aabp\">(Lenke)<\/td>\n    <td class=\"tg-aabp\">70g<\/td>\n  <\/tr>\n  <tr>\n    <td class=\"tg-z9od\">Go Pro Hero 9 Black<\/td>\n    <td class=\"tg-z9od\">(Lenke)<\/td>\n    <td class=\"tg-z9od\"><\/td>\n  <\/tr>\n  <tr>\n    <td class=\"tg-aabp\">Go Pro Hero 7 Black<\/td>\n    <td class=\"tg-aabp\">(Lenke)<\/td>\n    <td class=\"tg-aabp\">113g<\/td>\n  <\/tr>\n  <tr>\n    <td class=\"tg-z9od\">Go Pro Hero 7 erstatningsbatterier (3 x)<\/td>\n    <td class=\"tg-z9od\">(Lenke)<\/td>\n    <td class=\"tg-z9od\">22g<\/td>\n  <\/tr>\n  <tr>\n    <td class=\"tg-aabp\">Kamera Sony Alpha 7M2<\/td>\n    <td class=\"tg-aabp\">(Lenke)<\/td>\n    <td class=\"tg-aabp\">601g<\/td>\n  <\/tr>\n  <tr>\n    <td class=\"tg-z9od\">Reservebatterier kamera<\/td>\n    <td class=\"tg-z9od\">(Lenke)<\/td>\n    <td class=\"tg-z9od\">43 g<\/td>\n  <\/tr>\n  <tr>\n    <td class=\"tg-aabp\">Objektiv<\/td>\n    <td class=\"tg-aabp\">(Lenke)<\/td>\n    <td class=\"tg-aabp\"><\/td>\n  <\/tr>\n  <tr>\n    <td class=\"tg-z9od\">Objektiv<\/td>\n    <td class=\"tg-z9od\">(Lenke)<\/td>\n    <td class=\"tg-z9od\"><\/td>\n  <\/tr>\n  <tr>\n    <td class=\"tg-aabp\">Utstyr for tidsforl\u00f8p<\/td>\n    <td class=\"tg-aabp\">(Lenke)<\/td>\n    <td class=\"tg-aabp\">343g<\/td>\n  <\/tr>\n  <tr>\n    <td class=\"tg-z9od\">Gorilla mini stativ<\/td>\n    <td class=\"tg-z9od\">(Lenke)<\/td>\n    <td class=\"tg-z9od\">387g<\/td>\n  <\/tr>\n  <tr>\n    <td class=\"tg-aabp\">Mobiltelefon lader<\/td>\n    <td class=\"tg-aabp\">(Lenke)<\/td>\n    <td class=\"tg-aabp\">72g<\/td>\n  <\/tr>\n<\/tbody>\n<\/table>","protected":false},"excerpt":{"rendered":"<p>En liste over utstyret v\u00e5rt og noen ord om ultralette fotturer. <\/p>\n<p>\u142f<br \/>\u142f<br \/>\u142f<\/p>","protected":false},"author":1,"featured_media":1080,"parent":0,"menu_order":0,"comment_status":"open","ping_status":"closed","template":"","meta":{"ngg_post_thumbnail":0,"jetpack_post_was_ever_published":false,"footnotes":""},"class_list":["post-357","page","type-page","status-publish","has-post-thumbnail","hentry"],"jetpack_sharing_enabled":true,"jetpack_likes_enabled":true,"_links":{"self":[{"href":"https:\/\/twofeetadventures.de\/nb\/wp-json\/wp\/v2\/pages\/357","targetHints":{"allow":["GET"]}}],"collection":[{"href":"https:\/\/twofeetadventures.de\/nb\/wp-json\/wp\/v2\/pages"}],"about":[{"href":"https:\/\/twofeetadventures.de\/nb\/wp-json\/wp\/v2\/types\/page"}],"author":[{"embeddable":true,"href":"https:\/\/twofeetadventures.de\/nb\/wp-json\/wp\/v2\/users\/1"}],"replies":[{"embeddable":true,"href":"https:\/\/twofeetadventures.de\/nb\/wp-json\/wp\/v2\/comments?post=357"}],"version-history":[{"count":39,"href":"https:\/\/twofeetadventures.de\/nb\/wp-json\/wp\/v2\/pages\/357\/revisions"}],"predecessor-version":[{"id":3018,"href":"https:\/\/twofeetadventures.de\/nb\/wp-json\/wp\/v2\/pages\/357\/revisions\/3018"}],"wp:featuredmedia":[{"embeddable":true,"href":"https:\/\/twofeetadventures.de\/nb\/wp-json\/wp\/v2\/media\/1080"}],"wp:attachment":[{"href":"https:\/\/twofeetadventures.de\/nb\/wp-json\/wp\/v2\/media?parent=357"}],"curies":[{"name":"wp","href":"https:\/\/api.w.org\/{rel}","templated":true}]}}