{"id":354,"date":"2021-04-18T16:21:20","date_gmt":"2021-04-18T14:21:20","guid":{"rendered":"http:\/\/twofeetadventures.de\/?page_id=354"},"modified":"2022-12-17T13:22:22","modified_gmt":"2022-12-17T12:22:22","slug":"wer-wir-sind","status":"publish","type":"page","link":"https:\/\/twofeetadventures.de\/pt\/quem-somos\/","title":{"rendered":"QUEM SOMOS"},"content":{"rendered":"<figure class=\"wp-block-image size-large is-resized\"><img loading=\"lazy\" decoding=\"async\" data-attachment-id=\"1023\" data-permalink=\"https:\/\/twofeetadventures.de\/pt\/sequenz-01-00_06_44_25-standbild007\/\" data-orig-file=\"https:\/\/twofeetadventures.de\/wp-content\/uploads\/2021\/05\/Sequenz-01.00_06_44_25.Standbild007-scaled.jpg\" data-orig-size=\"2560,1440\" data-comments-opened=\"1\" data-image-meta=\"{&quot;aperture&quot;:&quot;0&quot;,&quot;credit&quot;:&quot;&quot;,&quot;camera&quot;:&quot;&quot;,&quot;caption&quot;:&quot;&quot;,&quot;created_timestamp&quot;:&quot;0&quot;,&quot;copyright&quot;:&quot;&quot;,&quot;focal_length&quot;:&quot;0&quot;,&quot;iso&quot;:&quot;0&quot;,&quot;shutter_speed&quot;:&quot;0&quot;,&quot;title&quot;:&quot;&quot;,&quot;orientation&quot;:&quot;0&quot;}\" data-image-title=\"Sequenz 01.00_06_44_25.Standbild007\" data-image-description=\"\" data-image-caption=\"\" data-medium-file=\"https:\/\/twofeetadventures.de\/wp-content\/uploads\/2021\/05\/Sequenz-01.00_06_44_25.Standbild007-300x169.jpg\" data-large-file=\"https:\/\/twofeetadventures.de\/wp-content\/uploads\/2021\/05\/Sequenz-01.00_06_44_25.Standbild007-1024x576.jpg\" src=\"http:\/\/twofeetadventures.de\/wp-content\/uploads\/2021\/05\/Sequenz-01.00_06_44_25.Standbild007-1024x576.jpg\" alt=\"\" class=\"wp-image-1023\" width=\"1180\" height=\"664\" srcset=\"https:\/\/twofeetadventures.de\/wp-content\/uploads\/2021\/05\/Sequenz-01.00_06_44_25.Standbild007-1024x576.jpg 1024w, https:\/\/twofeetadventures.de\/wp-content\/uploads\/2021\/05\/Sequenz-01.00_06_44_25.Standbild007-300x169.jpg 300w, https:\/\/twofeetadventures.de\/wp-content\/uploads\/2021\/05\/Sequenz-01.00_06_44_25.Standbild007-768x432.jpg 768w, https:\/\/twofeetadventures.de\/wp-content\/uploads\/2021\/05\/Sequenz-01.00_06_44_25.Standbild007-1536x864.jpg 1536w, https:\/\/twofeetadventures.de\/wp-content\/uploads\/2021\/05\/Sequenz-01.00_06_44_25.Standbild007-2048x1152.jpg 2048w, https:\/\/twofeetadventures.de\/wp-content\/uploads\/2021\/05\/Sequenz-01.00_06_44_25.Standbild007-541x304.jpg 541w\" sizes=\"auto, (max-width: 1180px) 100vw, 1180px\" \/><\/figure>\n\n\n\n<p><\/p>\n\n\n\n<figure class=\"wp-block-pullquote has-text-align-left has-background has-sitebg-background-color is-style-solid-color has-headings-color has-text-color\" style=\"font-size:14px\"><blockquote><p>O prazer de vaguear \u00e9 desfrutar da falta de objetivo. Encontrar satisfa\u00e7\u00e3o em si pr\u00f3prio \u00e9 o n\u00edvel mais elevado de vaguear.<\/p><cite>Lieh Tse<\/cite><\/blockquote><\/figure>\n\n\n\n<h1 class=\"wp-block-heading\"><br><br><strong>Sobre <em>aventuras de dois p\u00e9s<\/em><\/strong><\/h1>\n\n\n\n<p>As caminhadas s\u00e3o a nossa paix\u00e3o, aventuras a dois p\u00e9s. Descobrir pequenas e grandes coisas nos caminhos do mundo.  Ligarmo-nos \u00e0 natureza. Reduzir ao m\u00ednimo a vida longe da az\u00e1fama do quotidiano. Experimentar e apreciar o mundo e a natureza de forma consciente e verdadeira.<\/p>\n\n\n\n<h1 class=\"wp-block-heading\"><strong>Os in\u00edcios<\/strong><\/h1>\n\n\n\n<p>H\u00e1 muitos anos que fazemos caminhadas. A maior parte delas eram caminhadas curtas, como os trilhos circulares de qualidade, que complet\u00e1vamos numa tarde de domingo. Foi assim durante muitos anos e sempre existiu o sonho de ultrapassar o limiar dos trilhos circulares normais e de pisar caminhos maiores. Em 2020, come\u00e7\u00e1mos a alargar os nossos passeios e a fazer os nossos pr\u00f3prios percursos, concebidos por n\u00f3s. No in\u00edcio, quer\u00edamos bater o nosso pr\u00f3prio recorde de longa data de 36 quil\u00f3metros de uma s\u00f3 vez. Isso aconteceu relativamente depressa. Os objectivos seguintes de +40 e +50 foram alcan\u00e7ados n\u00e3o muito mais tarde, pelo que o nosso recorde atual \u00e9 de 56 quil\u00f3metros num dia. <\/p>\n\n\n\n<p>A nossa nova forma f\u00edsica levou-nos agora a realizar o velho sonho de arrumar a mochila com tenda, saco-cama e fog\u00e3o e explorar o campo durante v\u00e1rios dias de cada vez. De alguma forma, faltava sempre o \u00faltimo passo para experimentar e, por isso, esper\u00e1mos demasiado tempo para come\u00e7ar a nossa paix\u00e3o atual - o thru-hiking. Este termo descreve, de um modo geral, a caminhada de um trilho de longa dist\u00e2ncia do princ\u00edpio ao fim. <br><br><\/p>\n\n\n\n<figure class=\"wp-block-image size-large is-resized\"><img loading=\"lazy\" decoding=\"async\" data-attachment-id=\"1017\" data-permalink=\"https:\/\/twofeetadventures.de\/pt\/cropped-cropped-dsc00228_a-scaled-1-jpg\/\" data-orig-file=\"https:\/\/twofeetadventures.de\/wp-content\/uploads\/2021\/04\/cropped-cropped-DSC00228_a-scaled-1.jpg\" data-orig-size=\"1920,1080\" data-comments-opened=\"1\" data-image-meta=\"{&quot;aperture&quot;:&quot;0&quot;,&quot;credit&quot;:&quot;&quot;,&quot;camera&quot;:&quot;&quot;,&quot;caption&quot;:&quot;&quot;,&quot;created_timestamp&quot;:&quot;0&quot;,&quot;copyright&quot;:&quot;&quot;,&quot;focal_length&quot;:&quot;0&quot;,&quot;iso&quot;:&quot;0&quot;,&quot;shutter_speed&quot;:&quot;0&quot;,&quot;title&quot;:&quot;&quot;,&quot;orientation&quot;:&quot;0&quot;}\" data-image-title=\"cropped-cropped-DSC00228_a-scaled-1.jpg\" data-image-description=\"\" data-image-caption=\"\" data-medium-file=\"https:\/\/twofeetadventures.de\/wp-content\/uploads\/2021\/04\/cropped-cropped-DSC00228_a-scaled-1-300x169.jpg\" data-large-file=\"https:\/\/twofeetadventures.de\/wp-content\/uploads\/2021\/04\/cropped-cropped-DSC00228_a-scaled-1-1024x576.jpg\" src=\"http:\/\/twofeetadventures.de\/wp-content\/uploads\/2021\/04\/cropped-cropped-DSC00228_a-scaled-1-1024x576.jpg\" alt=\"\" class=\"wp-image-1017\" width=\"1179\" height=\"663\" srcset=\"https:\/\/twofeetadventures.de\/wp-content\/uploads\/2021\/04\/cropped-cropped-DSC00228_a-scaled-1-1024x576.jpg 1024w, https:\/\/twofeetadventures.de\/wp-content\/uploads\/2021\/04\/cropped-cropped-DSC00228_a-scaled-1-300x169.jpg 300w, https:\/\/twofeetadventures.de\/wp-content\/uploads\/2021\/04\/cropped-cropped-DSC00228_a-scaled-1-768x432.jpg 768w, https:\/\/twofeetadventures.de\/wp-content\/uploads\/2021\/04\/cropped-cropped-DSC00228_a-scaled-1-1536x864.jpg 1536w, https:\/\/twofeetadventures.de\/wp-content\/uploads\/2021\/04\/cropped-cropped-DSC00228_a-scaled-1-541x304.jpg 541w, https:\/\/twofeetadventures.de\/wp-content\/uploads\/2021\/04\/cropped-cropped-DSC00228_a-scaled-1.jpg 1920w\" sizes=\"auto, (max-width: 1179px) 100vw, 1179px\" \/><\/figure>\n\n\n\n<h1 class=\"wp-block-heading\"><br><strong>O Eifelsteig<\/strong><\/h1>\n\n\n\n<p>Demos o nosso primeiro passo em 2020 com a Eifelsteig Thru-Hike. Percorremos 319 quil\u00f3metros de uma s\u00f3 vez em 11 dias. Uma dimens\u00e3o completamente nova de caminhadas estava \u00e0 nossa frente. Durante a fase de planeamento, ficou claro desde o in\u00edcio que dar\u00edamos prioridade a passar a noite ao ar livre. <\/p>\n\n\n\n<p>Nove noites em cada dez, tivemos a sorte de encontrar um abrigo no final de cada dia, que nos serviu de acampamento para a noite. Foi uma experi\u00eancia completamente nova come\u00e7ar o dia de manh\u00e3 com um destino vago \u00e0 noite. Ser\u00e1 que a cabana marcada no mapa existe mesmo? Se sim, ser\u00e1 que est\u00e1 ocupada e temos de procurar outra coisa? Ou ser\u00e1 que vamos conseguir chegar t\u00e3o longe? Claro que t\u00ednhamos a nossa tenda connosco como emerg\u00eancia, mas n\u00e3o a desfizemos uma \u00fanica vez. S\u00f3 podemos recomendar as cabanas de montanha no Eifel a qualquer caminhante que queira fazer uma excurs\u00e3o como esta. Normalmente, s\u00e3o limpas e oferecem um panorama c\u00e9nico fant\u00e1stico. Se tiver sorte, encontrar\u00e1 at\u00e9 cabanas com um frigor\u00edfico de cerveja embutido no ch\u00e3o. Abra a tampa, ponha um euro na caixa e desfrute de uma cerveja bem temperada \u00e0 noite, depois de uma longa caminhada. <\/p>\n\n\n\n<p>As nossas mochilas estavam cheias at\u00e9 ao limite com o essencial, mas tamb\u00e9m com muitas coisas que, em retrospetiva, se revelaram demasiado pesadas e desnecess\u00e1rias. \u00c9 preciso dizer que est\u00e1vamos a viajar com dois c\u00e3es e, naturalmente, eles tamb\u00e9m precisavam de ser abastecidos com comida e \u00e1gua. Assim, o peso b\u00e1sico sem \u00e1gua e comida situava-se entre os 10 e os 13 quilos. Incluindo as necessidades de \u00e1gua e as provis\u00f5es para duas pessoas e dois c\u00e3es em viagens de mais de 30 quil\u00f3metros por dia no ver\u00e3o, cheg\u00e1vamos por vezes a pesos iniciais di\u00e1rios de 18 quilos (Marion) e 20 quilos (Carsten). Assim, as dores de costas eram inevit\u00e1veis e era um esfor\u00e7o enorme carregar esta carga durante v\u00e1rios dias. No entanto, o Eifelsteig foi uma primeira fa\u00edsca e, no final do percurso, ficou claro que os \u00faltimos 319 quil\u00f3metros seriam o in\u00edcio de algo completamente novo. E assim se termina a resenha do Eifelsteig, o nosso primeiro Thru-Hike.<\/p>\n\n\n\n<h1 class=\"wp-block-heading\"><strong>Redu\u00e7\u00e3o do peso<\/strong><\/h1>\n\n\n\n<p>Seguiram-se mais caminhadas de longa dist\u00e2ncia. Na viragem do ano 2020\/2021, pass\u00e1mos alguns dias a fazer caminhadas no GR6 no Luberon\/Fran\u00e7a, embora com dormidas no ve\u00edculo. V\u00e1rias etapas do <a href=\"http:\/\/twofeetadventures.de\/pt\/category\/adventures\/luxemburg\/gr5\/\" data-type=\"category\" data-id=\"30\">GR5 no Luxemburgo<\/a>onde volt\u00e1mos a viajar durante a noite no fim de semana. Na primavera de 2020, uma caminhada pelo <a href=\"http:\/\/twofeetadventures.de\/pt\/category\/adventures\/deutschland\/pfaelzer-weinsteig\/\" data-type=\"category\" data-id=\"28\">Percurso dos vinhos do Palatinado<\/a> e, em seguida, distribuir por v\u00e1rios fins-de-semana o <a href=\"http:\/\/twofeetadventures.de\/pt\/category\/adventures\/deutschland\/pfaelzer-waldpfad\/\" data-type=\"category\" data-id=\"29\">Trilha da Floresta Palatinado<\/a>. Optimiz\u00e1mos o nosso equipamento e procur\u00e1mos formas de reduzir o peso, especialmente no que diz respeito a caminhadas com c\u00e3es. O tema omnipresente do trekking ultraleve (UL) tamb\u00e9m nos faz avan\u00e7ar, naturalmente, mas n\u00e3o vamos nem queremos atingir um peso b\u00e1sico de mochila de, no m\u00e1ximo, 5 quilos (defini\u00e7\u00e3o de ultraleve), pois n\u00e3o queremos prescindir de um certo n\u00edvel de conforto, tecnologia e cuidados decentes para os c\u00e3es. Dar peso aos nossos c\u00e3es trouxe-nos um grande passo em frente. Eles est\u00e3o suficientemente em forma depois de muitos quil\u00f3metros de caminhada e habituaram-se rapidamente \u00e0s suas novas mochilas para c\u00e3es. Tal como os humanos, os c\u00e3es podem carregar at\u00e9 20% do seu pr\u00f3prio peso corporal. Assim, pudemos agora entregar at\u00e9 tr\u00eas quilos aos nossos companheiros. Um grande al\u00edvio para n\u00f3s!<br><br><\/p>\n\n\n\n<p class=\"has-background\" style=\"background-color:#bdbdbd\">Liga\u00e7\u00e3o: Pode obter mais informa\u00e7\u00f5es sobre o nosso equipamento com detalhes de peso aqui: <a href=\"https:\/\/twofeetadventures.de\/pt\/equipamento\/\" data-type=\"page\" data-id=\"357\">EQUIPAMENTO<\/a><\/p>\n\n\n\n<p><br><\/p>\n\n\n\n<div class=\"wp-block-columns is-layout-flex wp-container-core-columns-is-layout-9d6595d7 wp-block-columns-is-layout-flex\">\n<div class=\"wp-block-column is-layout-flow wp-block-column-is-layout-flow\">\n<figure class=\"wp-block-image size-large\"><a href=\"http:\/\/twofeetadventures.de\/pt\/category\/adventures\/deutschland\/eifelsteig\/\"><img loading=\"lazy\" decoding=\"async\" width=\"300\" height=\"300\" data-attachment-id=\"1068\" data-permalink=\"https:\/\/twofeetadventures.de\/pt\/quem-somos\/eifelsteig\/\" data-orig-file=\"https:\/\/twofeetadventures.de\/wp-content\/uploads\/2021\/05\/eifelsteig.jpg\" data-orig-size=\"300,300\" data-comments-opened=\"1\" data-image-meta=\"{&quot;aperture&quot;:&quot;0&quot;,&quot;credit&quot;:&quot;&quot;,&quot;camera&quot;:&quot;&quot;,&quot;caption&quot;:&quot;&quot;,&quot;created_timestamp&quot;:&quot;0&quot;,&quot;copyright&quot;:&quot;&quot;,&quot;focal_length&quot;:&quot;0&quot;,&quot;iso&quot;:&quot;0&quot;,&quot;shutter_speed&quot;:&quot;0&quot;,&quot;title&quot;:&quot;&quot;,&quot;orientation&quot;:&quot;0&quot;}\" data-image-title=\"eifelsteig\" data-image-description=\"\" data-image-caption=\"\" data-medium-file=\"https:\/\/twofeetadventures.de\/wp-content\/uploads\/2021\/05\/eifelsteig.jpg\" data-large-file=\"https:\/\/twofeetadventures.de\/wp-content\/uploads\/2021\/05\/eifelsteig.jpg\" src=\"http:\/\/twofeetadventures.de\/wp-content\/uploads\/2021\/05\/eifelsteig.jpg\" alt=\"\" class=\"wp-image-1068\" srcset=\"https:\/\/twofeetadventures.de\/wp-content\/uploads\/2021\/05\/eifelsteig.jpg 300w, https:\/\/twofeetadventures.de\/wp-content\/uploads\/2021\/05\/eifelsteig-150x150.jpg 150w\" sizes=\"auto, (max-width: 300px) 100vw, 300px\" \/><\/a><\/figure>\n<\/div>\n\n\n\n<div class=\"wp-block-column is-layout-flow wp-block-column-is-layout-flow\">\n<figure class=\"wp-block-image size-large\"><a href=\"http:\/\/twofeetadventures.de\/pt\/category\/adventures\/frankreich\/auf-dem-gr6\/\"><img loading=\"lazy\" decoding=\"async\" width=\"300\" height=\"300\" data-attachment-id=\"1069\" data-permalink=\"https:\/\/twofeetadventures.de\/pt\/quem-somos\/gr6\/\" data-orig-file=\"https:\/\/twofeetadventures.de\/wp-content\/uploads\/2021\/05\/gr6.jpg\" data-orig-size=\"300,300\" data-comments-opened=\"1\" data-image-meta=\"{&quot;aperture&quot;:&quot;0&quot;,&quot;credit&quot;:&quot;&quot;,&quot;camera&quot;:&quot;&quot;,&quot;caption&quot;:&quot;&quot;,&quot;created_timestamp&quot;:&quot;0&quot;,&quot;copyright&quot;:&quot;&quot;,&quot;focal_length&quot;:&quot;0&quot;,&quot;iso&quot;:&quot;0&quot;,&quot;shutter_speed&quot;:&quot;0&quot;,&quot;title&quot;:&quot;&quot;,&quot;orientation&quot;:&quot;0&quot;}\" data-image-title=\"gr6\" data-image-description=\"\" data-image-caption=\"\" data-medium-file=\"https:\/\/twofeetadventures.de\/wp-content\/uploads\/2021\/05\/gr6.jpg\" data-large-file=\"https:\/\/twofeetadventures.de\/wp-content\/uploads\/2021\/05\/gr6.jpg\" src=\"http:\/\/twofeetadventures.de\/wp-content\/uploads\/2021\/05\/gr6.jpg\" alt=\"\" class=\"wp-image-1069\" srcset=\"https:\/\/twofeetadventures.de\/wp-content\/uploads\/2021\/05\/gr6.jpg 300w, https:\/\/twofeetadventures.de\/wp-content\/uploads\/2021\/05\/gr6-150x150.jpg 150w\" sizes=\"auto, (max-width: 300px) 100vw, 300px\" \/><\/a><\/figure>\n<\/div>\n\n\n\n<div class=\"wp-block-column is-layout-flow wp-block-column-is-layout-flow\">\n<figure class=\"wp-block-image size-large\"><a href=\"http:\/\/twofeetadventures.de\/pt\/category\/adventures\/deutschland\/pfaelzer-weinsteig\/\"><img loading=\"lazy\" decoding=\"async\" width=\"300\" height=\"300\" data-attachment-id=\"1070\" data-permalink=\"https:\/\/twofeetadventures.de\/pt\/quem-somos\/pfaelzer-weinsteig\/\" data-orig-file=\"https:\/\/twofeetadventures.de\/wp-content\/uploads\/2021\/05\/pfaelzer-weinsteig.jpg\" data-orig-size=\"300,300\" data-comments-opened=\"1\" data-image-meta=\"{&quot;aperture&quot;:&quot;0&quot;,&quot;credit&quot;:&quot;&quot;,&quot;camera&quot;:&quot;&quot;,&quot;caption&quot;:&quot;&quot;,&quot;created_timestamp&quot;:&quot;0&quot;,&quot;copyright&quot;:&quot;&quot;,&quot;focal_length&quot;:&quot;0&quot;,&quot;iso&quot;:&quot;0&quot;,&quot;shutter_speed&quot;:&quot;0&quot;,&quot;title&quot;:&quot;&quot;,&quot;orientation&quot;:&quot;0&quot;}\" data-image-title=\"pf\u00e4lzer-weinsteig\" data-image-description=\"\" data-image-caption=\"\" data-medium-file=\"https:\/\/twofeetadventures.de\/wp-content\/uploads\/2021\/05\/pfaelzer-weinsteig.jpg\" data-large-file=\"https:\/\/twofeetadventures.de\/wp-content\/uploads\/2021\/05\/pfaelzer-weinsteig.jpg\" src=\"http:\/\/twofeetadventures.de\/wp-content\/uploads\/2021\/05\/pfaelzer-weinsteig.jpg\" alt=\"\" class=\"wp-image-1070\" srcset=\"https:\/\/twofeetadventures.de\/wp-content\/uploads\/2021\/05\/pfaelzer-weinsteig.jpg 300w, https:\/\/twofeetadventures.de\/wp-content\/uploads\/2021\/05\/pfaelzer-weinsteig-150x150.jpg 150w\" sizes=\"auto, (max-width: 300px) 100vw, 300px\" \/><\/a><\/figure>\n<\/div>\n\n\n\n<div class=\"wp-block-column is-layout-flow wp-block-column-is-layout-flow\">\n<figure class=\"wp-block-image size-large\"><a href=\"http:\/\/twofeetadventures.de\/pt\/category\/adventures\/deutschland\/pfaelzer-waldpfad\/\"><img loading=\"lazy\" decoding=\"async\" width=\"300\" height=\"300\" data-attachment-id=\"1071\" data-permalink=\"https:\/\/twofeetadventures.de\/pt\/quem-somos\/pfaelzer-waldpfad\/\" data-orig-file=\"https:\/\/twofeetadventures.de\/wp-content\/uploads\/2021\/05\/pfaelzer-waldpfad.jpg\" data-orig-size=\"300,300\" data-comments-opened=\"1\" data-image-meta=\"{&quot;aperture&quot;:&quot;0&quot;,&quot;credit&quot;:&quot;&quot;,&quot;camera&quot;:&quot;&quot;,&quot;caption&quot;:&quot;&quot;,&quot;created_timestamp&quot;:&quot;0&quot;,&quot;copyright&quot;:&quot;&quot;,&quot;focal_length&quot;:&quot;0&quot;,&quot;iso&quot;:&quot;0&quot;,&quot;shutter_speed&quot;:&quot;0&quot;,&quot;title&quot;:&quot;&quot;,&quot;orientation&quot;:&quot;0&quot;}\" data-image-title=\"pf\u00e4lzer-waldpfad\" data-image-description=\"\" data-image-caption=\"\" data-medium-file=\"https:\/\/twofeetadventures.de\/wp-content\/uploads\/2021\/05\/pfaelzer-waldpfad.jpg\" data-large-file=\"https:\/\/twofeetadventures.de\/wp-content\/uploads\/2021\/05\/pfaelzer-waldpfad.jpg\" src=\"http:\/\/twofeetadventures.de\/wp-content\/uploads\/2021\/05\/pfaelzer-waldpfad.jpg\" alt=\"\" class=\"wp-image-1071\" srcset=\"https:\/\/twofeetadventures.de\/wp-content\/uploads\/2021\/05\/pfaelzer-waldpfad.jpg 300w, https:\/\/twofeetadventures.de\/wp-content\/uploads\/2021\/05\/pfaelzer-waldpfad-150x150.jpg 150w\" sizes=\"auto, (max-width: 300px) 100vw, 300px\" \/><\/a><\/figure>\n<\/div>\n<\/div>\n\n\n\n<figure class=\"wp-block-pullquote is-style-solid-color\" style=\"font-size:14px\"><blockquote><p>O objetivo da viagem \u00e9 chegar a um destino, o objetivo da caminhada \u00e9 estar em movimento.<\/p><cite>Theodor Heuss<\/cite><\/blockquote><\/figure>\n\n\n\n<h1 class=\"wp-block-heading\"><strong>Atual<\/strong><\/h1>\n\n\n\n<p>Ap\u00f3s longos preparativos e alguns meses sem experi\u00eancias de caminhadas, come\u00e7\u00e1mos a nossa grande viagem em dezembro de 2022. Desta vez, temos o apoio da nossa grande carrinha de campismo, que nos levar\u00e1 aos lugares mais bonitos - tamb\u00e9m para fazer caminhadas, mas muito mais do que isso. Vamos viajar durante pelo menos 1,5 anos. Durante o inverno de 2022\/2023, o nosso itiner\u00e1rio vai levar-nos por Fran\u00e7a, Espanha, Marrocos e Portugal e, na primavera, faremos uma breve visita \u00e0 Alemanha para nos reorganizarmos. Depois, continuaremos sem problemas em dire\u00e7\u00e3o \u00e0 Escandin\u00e1via, aos Estados B\u00e1lticos e \u00e0 Europa de Leste. No outono de 2023, a nossa rota levar-nos-\u00e1 ao Mediterr\u00e2neo Oriental com os Balc\u00e3s, a Gr\u00e9cia e a Turquia. <\/p>\n\n\n\n<h1 class=\"wp-block-heading\"><br><strong>Perspectivas<\/strong><\/h1>\n\n\n\n<p>Como todos sabemos, temos muitos objectivos na vida. O nosso sonho \u00e9, obviamente, percorrer um dia o PCT (Pacific Crest Trail, 4265 km). Mas tamb\u00e9m temos vis\u00f5es mais pequenas, como percorrer a GR5 por etapas, desde o Mar do Norte at\u00e9 ao Mediterr\u00e2neo, a GTA em It\u00e1lia, ou mesmo uma ou duas escaladas na Alemanha.<br><br><\/p>\n\n\n\n<figure class=\"wp-block-image size-large is-resized\"><img loading=\"lazy\" decoding=\"async\" data-attachment-id=\"1059\" data-permalink=\"https:\/\/twofeetadventures.de\/pt\/cropped-20210321_174734_a-scaled-1-jpg\/\" data-orig-file=\"https:\/\/twofeetadventures.de\/wp-content\/uploads\/2021\/04\/cropped-20210321_174734_a-scaled-1.jpg\" data-orig-size=\"1920,1080\" data-comments-opened=\"1\" data-image-meta=\"{&quot;aperture&quot;:&quot;0&quot;,&quot;credit&quot;:&quot;&quot;,&quot;camera&quot;:&quot;&quot;,&quot;caption&quot;:&quot;&quot;,&quot;created_timestamp&quot;:&quot;0&quot;,&quot;copyright&quot;:&quot;&quot;,&quot;focal_length&quot;:&quot;0&quot;,&quot;iso&quot;:&quot;0&quot;,&quot;shutter_speed&quot;:&quot;0&quot;,&quot;title&quot;:&quot;&quot;,&quot;orientation&quot;:&quot;0&quot;}\" data-image-title=\"cropped-20210321_174734_a-scaled-1.jpg\" data-image-description=\"\" data-image-caption=\"\" data-medium-file=\"https:\/\/twofeetadventures.de\/wp-content\/uploads\/2021\/04\/cropped-20210321_174734_a-scaled-1-300x169.jpg\" data-large-file=\"https:\/\/twofeetadventures.de\/wp-content\/uploads\/2021\/04\/cropped-20210321_174734_a-scaled-1-1024x576.jpg\" src=\"http:\/\/twofeetadventures.de\/wp-content\/uploads\/2021\/04\/cropped-20210321_174734_a-scaled-1-1024x576.jpg\" alt=\"\" class=\"wp-image-1059\" width=\"1179\" height=\"663\" srcset=\"https:\/\/twofeetadventures.de\/wp-content\/uploads\/2021\/04\/cropped-20210321_174734_a-scaled-1-1024x576.jpg 1024w, https:\/\/twofeetadventures.de\/wp-content\/uploads\/2021\/04\/cropped-20210321_174734_a-scaled-1-300x169.jpg 300w, https:\/\/twofeetadventures.de\/wp-content\/uploads\/2021\/04\/cropped-20210321_174734_a-scaled-1-768x432.jpg 768w, https:\/\/twofeetadventures.de\/wp-content\/uploads\/2021\/04\/cropped-20210321_174734_a-scaled-1-1536x864.jpg 1536w, https:\/\/twofeetadventures.de\/wp-content\/uploads\/2021\/04\/cropped-20210321_174734_a-scaled-1-541x304.jpg 541w, https:\/\/twofeetadventures.de\/wp-content\/uploads\/2021\/04\/cropped-20210321_174734_a-scaled-1.jpg 1920w\" sizes=\"auto, (max-width: 1179px) 100vw, 1179px\" \/><\/figure>","protected":false},"excerpt":{"rendered":"<p>Caminhadas \u00e9 a nossa paix\u00e3o, aventuras em dois p\u00e9s. Descobrir coisas pequenas e grandes nos caminhos do mundo. Estar ligado \u00e0 natureza. Manter a vida longe da az\u00e1fama di\u00e1ria ao m\u00ednimo. Experimentar e desfrutar do mundo e da natureza de forma consciente e verdadeira.<\/p>\n<p>\u142f<br \/>\u142f<br \/>\u142f<\/p>","protected":false},"author":1,"featured_media":1023,"parent":0,"menu_order":0,"comment_status":"closed","ping_status":"closed","template":"","meta":{"ngg_post_thumbnail":0,"jetpack_post_was_ever_published":false,"footnotes":""},"class_list":["post-354","page","type-page","status-publish","has-post-thumbnail","hentry"],"jetpack_sharing_enabled":true,"jetpack_likes_enabled":true,"_links":{"self":[{"href":"https:\/\/twofeetadventures.de\/pt\/wp-json\/wp\/v2\/pages\/354","targetHints":{"allow":["GET"]}}],"collection":[{"href":"https:\/\/twofeetadventures.de\/pt\/wp-json\/wp\/v2\/pages"}],"about":[{"href":"https:\/\/twofeetadventures.de\/pt\/wp-json\/wp\/v2\/types\/page"}],"author":[{"embeddable":true,"href":"https:\/\/twofeetadventures.de\/pt\/wp-json\/wp\/v2\/users\/1"}],"replies":[{"embeddable":true,"href":"https:\/\/twofeetadventures.de\/pt\/wp-json\/wp\/v2\/comments?post=354"}],"version-history":[{"count":19,"href":"https:\/\/twofeetadventures.de\/pt\/wp-json\/wp\/v2\/pages\/354\/revisions"}],"predecessor-version":[{"id":1413,"href":"https:\/\/twofeetadventures.de\/pt\/wp-json\/wp\/v2\/pages\/354\/revisions\/1413"}],"wp:featuredmedia":[{"embeddable":true,"href":"https:\/\/twofeetadventures.de\/pt\/wp-json\/wp\/v2\/media\/1023"}],"wp:attachment":[{"href":"https:\/\/twofeetadventures.de\/pt\/wp-json\/wp\/v2\/media?parent=354"}],"curies":[{"name":"wp","href":"https:\/\/api.w.org\/{rel}","templated":true}]}}