{"id":354,"date":"2021-04-18T16:21:20","date_gmt":"2021-04-18T14:21:20","guid":{"rendered":"http:\/\/twofeetadventures.de\/?page_id=354"},"modified":"2022-12-17T13:22:22","modified_gmt":"2022-12-17T12:22:22","slug":"wer-wir-sind","status":"publish","type":"page","link":"https:\/\/twofeetadventures.de\/sv\/vem-vi-aer\/","title":{"rendered":"VILKA VI \u00c4R"},"content":{"rendered":"<figure class=\"wp-block-image size-large is-resized\"><img loading=\"lazy\" decoding=\"async\" data-attachment-id=\"1023\" data-permalink=\"https:\/\/twofeetadventures.de\/sv\/sequenz-01-00_06_44_25-standbild007\/\" data-orig-file=\"https:\/\/twofeetadventures.de\/wp-content\/uploads\/2021\/05\/Sequenz-01.00_06_44_25.Standbild007-scaled.jpg\" data-orig-size=\"2560,1440\" data-comments-opened=\"1\" data-image-meta=\"{&quot;aperture&quot;:&quot;0&quot;,&quot;credit&quot;:&quot;&quot;,&quot;camera&quot;:&quot;&quot;,&quot;caption&quot;:&quot;&quot;,&quot;created_timestamp&quot;:&quot;0&quot;,&quot;copyright&quot;:&quot;&quot;,&quot;focal_length&quot;:&quot;0&quot;,&quot;iso&quot;:&quot;0&quot;,&quot;shutter_speed&quot;:&quot;0&quot;,&quot;title&quot;:&quot;&quot;,&quot;orientation&quot;:&quot;0&quot;}\" data-image-title=\"Sequenz 01.00_06_44_25.Standbild007\" data-image-description=\"\" data-image-caption=\"\" data-medium-file=\"https:\/\/twofeetadventures.de\/wp-content\/uploads\/2021\/05\/Sequenz-01.00_06_44_25.Standbild007-300x169.jpg\" data-large-file=\"https:\/\/twofeetadventures.de\/wp-content\/uploads\/2021\/05\/Sequenz-01.00_06_44_25.Standbild007-1024x576.jpg\" src=\"http:\/\/twofeetadventures.de\/wp-content\/uploads\/2021\/05\/Sequenz-01.00_06_44_25.Standbild007-1024x576.jpg\" alt=\"\" class=\"wp-image-1023\" width=\"1180\" height=\"664\" srcset=\"https:\/\/twofeetadventures.de\/wp-content\/uploads\/2021\/05\/Sequenz-01.00_06_44_25.Standbild007-1024x576.jpg 1024w, https:\/\/twofeetadventures.de\/wp-content\/uploads\/2021\/05\/Sequenz-01.00_06_44_25.Standbild007-300x169.jpg 300w, https:\/\/twofeetadventures.de\/wp-content\/uploads\/2021\/05\/Sequenz-01.00_06_44_25.Standbild007-768x432.jpg 768w, https:\/\/twofeetadventures.de\/wp-content\/uploads\/2021\/05\/Sequenz-01.00_06_44_25.Standbild007-1536x864.jpg 1536w, https:\/\/twofeetadventures.de\/wp-content\/uploads\/2021\/05\/Sequenz-01.00_06_44_25.Standbild007-2048x1152.jpg 2048w, https:\/\/twofeetadventures.de\/wp-content\/uploads\/2021\/05\/Sequenz-01.00_06_44_25.Standbild007-541x304.jpg 541w\" sizes=\"auto, (max-width: 1180px) 100vw, 1180px\" \/><\/figure>\n\n\n\n<p><\/p>\n\n\n\n<figure class=\"wp-block-pullquote has-text-align-left has-background has-sitebg-background-color is-style-solid-color has-headings-color has-text-color\" style=\"font-size:14px\"><blockquote><p>N\u00f6jet med att vandra \u00e4r att njuta av meningsl\u00f6sheten. Att finna tillfredsst\u00e4llelse i sitt eget jag \u00e4r vandringens h\u00f6gsta niv\u00e5.<\/p><cite>Lieh Tse<\/cite><\/blockquote><\/figure>\n\n\n\n<h1 class=\"wp-block-heading\"><br><br><strong>Om <em>\u00e4ventyr med tv\u00e5 f\u00f6tter<\/em><\/strong><\/h1>\n\n\n\n<p>Vandring \u00e4r v\u00e5r passion, \u00e4ventyr p\u00e5 tv\u00e5 f\u00f6tter. Vi uppt\u00e4cker sm\u00e5 och stora saker p\u00e5 v\u00e4rldens stigar.  Att vara i kontakt med naturen. Att h\u00e5lla livet borta fr\u00e5n det dagliga bruset till ett minimum. Att uppleva och njuta av v\u00e4rlden och naturen p\u00e5 ett medvetet och sant s\u00e4tt.<\/p>\n\n\n\n<h1 class=\"wp-block-heading\"><strong>B\u00f6rjan<\/strong><\/h1>\n\n\n\n<p>Vi har vandrat i m\u00e5nga \u00e5r. Oftast var det sm\u00e5 vandringar, som till exempel premiumrundvandringar som vi genomf\u00f6rde p\u00e5 en s\u00f6ndagseftermiddag. Det f\u00f6rblev s\u00e5 i m\u00e5nga \u00e5r och det fanns alltid en dr\u00f6m om att \u00f6vervinna denna tr\u00f6skel av normala cirkul\u00e4ra stigar och g\u00e5 in p\u00e5 st\u00f6rre stigar. \u00c5r 2020 b\u00f6rjade vi ut\u00f6ka v\u00e5ra turer och vandra v\u00e5ra egna, egenh\u00e4ndigt skapade rutter. F\u00f6rst ville vi sl\u00e5 v\u00e5rt eget l\u00e5ngvariga rekord p\u00e5 36 kilometer i str\u00e4ck. Det skedde relativt snabbt. N\u00e4sta m\u00e5l +40 och +50 uppn\u00e5ddes knappt senare och v\u00e5rt nuvarande rekord \u00e4r allts\u00e5 56 kilometer p\u00e5 en dag. <\/p>\n\n\n\n<p>Den nyvunna konditionen inspirerade oss nu att ta itu med den gamla dr\u00f6mmen om att packa ryggs\u00e4cken med t\u00e4lt, sovs\u00e4ck och kokplatta och uppt\u00e4cka landskapet under flera dagar i str\u00e4ck. P\u00e5 n\u00e5got s\u00e4tt saknade vi alltid det sista steget f\u00f6r att prova det och d\u00e4rf\u00f6r v\u00e4ntade vi alldeles f\u00f6r l\u00e4nge med att b\u00f6rja v\u00e5r nuvarande passion - vandring. Denna term beskriver i allm\u00e4nhet att man vandrar en l\u00e5ngdistans eller en l\u00e5ngdistansled fr\u00e5n b\u00f6rjan till slut. <br><br><\/p>\n\n\n\n<figure class=\"wp-block-image size-large is-resized\"><img loading=\"lazy\" decoding=\"async\" data-attachment-id=\"1017\" data-permalink=\"https:\/\/twofeetadventures.de\/sv\/cropped-cropped-dsc00228_a-scaled-1-jpg\/\" data-orig-file=\"https:\/\/twofeetadventures.de\/wp-content\/uploads\/2021\/04\/cropped-cropped-DSC00228_a-scaled-1.jpg\" data-orig-size=\"1920,1080\" data-comments-opened=\"1\" data-image-meta=\"{&quot;aperture&quot;:&quot;0&quot;,&quot;credit&quot;:&quot;&quot;,&quot;camera&quot;:&quot;&quot;,&quot;caption&quot;:&quot;&quot;,&quot;created_timestamp&quot;:&quot;0&quot;,&quot;copyright&quot;:&quot;&quot;,&quot;focal_length&quot;:&quot;0&quot;,&quot;iso&quot;:&quot;0&quot;,&quot;shutter_speed&quot;:&quot;0&quot;,&quot;title&quot;:&quot;&quot;,&quot;orientation&quot;:&quot;0&quot;}\" data-image-title=\"cropped-cropped-DSC00228_a-scaled-1.jpg\" data-image-description=\"\" data-image-caption=\"\" data-medium-file=\"https:\/\/twofeetadventures.de\/wp-content\/uploads\/2021\/04\/cropped-cropped-DSC00228_a-scaled-1-300x169.jpg\" data-large-file=\"https:\/\/twofeetadventures.de\/wp-content\/uploads\/2021\/04\/cropped-cropped-DSC00228_a-scaled-1-1024x576.jpg\" src=\"http:\/\/twofeetadventures.de\/wp-content\/uploads\/2021\/04\/cropped-cropped-DSC00228_a-scaled-1-1024x576.jpg\" alt=\"\" class=\"wp-image-1017\" width=\"1179\" height=\"663\" srcset=\"https:\/\/twofeetadventures.de\/wp-content\/uploads\/2021\/04\/cropped-cropped-DSC00228_a-scaled-1-1024x576.jpg 1024w, https:\/\/twofeetadventures.de\/wp-content\/uploads\/2021\/04\/cropped-cropped-DSC00228_a-scaled-1-300x169.jpg 300w, https:\/\/twofeetadventures.de\/wp-content\/uploads\/2021\/04\/cropped-cropped-DSC00228_a-scaled-1-768x432.jpg 768w, https:\/\/twofeetadventures.de\/wp-content\/uploads\/2021\/04\/cropped-cropped-DSC00228_a-scaled-1-1536x864.jpg 1536w, https:\/\/twofeetadventures.de\/wp-content\/uploads\/2021\/04\/cropped-cropped-DSC00228_a-scaled-1-541x304.jpg 541w, https:\/\/twofeetadventures.de\/wp-content\/uploads\/2021\/04\/cropped-cropped-DSC00228_a-scaled-1.jpg 1920w\" sizes=\"auto, (max-width: 1179px) 100vw, 1179px\" \/><\/figure>\n\n\n\n<h1 class=\"wp-block-heading\"><br><strong>Eifelsteig<\/strong><\/h1>\n\n\n\n<p>Vi tog v\u00e5rt f\u00f6rsta steg 2020 med vandringen genom Eifelsteig. Vi gick 319 kilometer i str\u00e4ck p\u00e5 11 dagar. En helt ny dimension av vandring l\u00e5g framf\u00f6r oss. Under planeringen stod det redan fr\u00e5n b\u00f6rjan klart att vi skulle prioritera att \u00f6vernatta i naturen. <\/p>\n\n\n\n<p>Nio n\u00e4tter av tio hade vi turen att hitta en skyddad plats att sl\u00e5 l\u00e4ger i i slutet av varje dag. Det var en helt ny upplevelse att b\u00f6rja dagen p\u00e5 morgonen med en vag destination p\u00e5 kv\u00e4llen. Finns stugan som \u00e4r markerad p\u00e5 kartan verkligen? \u00c4r den i s\u00e5 fall kanske upptagen och vi m\u00e5ste leta efter n\u00e5got annat? Eller kommer vi ens att komma s\u00e5 l\u00e5ngt? Naturligtvis hade vi v\u00e5rt t\u00e4lt med oss som en n\u00f6dsituation, men vi packade inte upp det en enda g\u00e5ng. Vi kan bara rekommendera skyddsrummen i Eifel till alla vandrare som vill ge sig ut p\u00e5 en s\u00e5dan tur. De \u00e4r oftast rena och erbjuder en fantastisk natursk\u00f6n utsikt. Om du har tur kan du till och med hitta hyddor med ett \u00f6lkylsk\u00e5p inb\u00e4ddat i marken. \u00d6ppna luckan, l\u00e4gg en euro i kassan och njut av en v\u00e4ltempererad \u00f6l p\u00e5 kv\u00e4llen efter en l\u00e5ng vandring. <\/p>\n\n\n\n<p>V\u00e5ra ryggs\u00e4ckar var packade till max med det n\u00f6dv\u00e4ndigaste, men ocks\u00e5 m\u00e5nga saker som i efterhand visade sig vara f\u00f6r tunga och on\u00f6diga. Det m\u00e5ste s\u00e4gas att vi reser med tv\u00e5 hundar och att de naturligtvis ocks\u00e5 m\u00e5ste f\u00f6rses med vatten och mat. S\u00e5 grundvikten utan vatten och proviant var mellan 10 och 13 kilo. Inklusive vattenbehov och proviant f\u00f6r tv\u00e5 personer plus tv\u00e5 hundar p\u00e5 turer l\u00e4ngre \u00e4n 30 kilometer per dag p\u00e5 sommaren hade vi ibland dagliga utg\u00e5ngsvikter p\u00e5 18 kilo (Marion) och 20 kilo (Carsten). Ryggsm\u00e4rtor var allts\u00e5 inte att undvika och det var en m\u00e4ktig anstr\u00e4ngning att b\u00e4ra denna last under flera dagar. Eifelsteig var dock en f\u00f6rsta gnista och i slutet av turen stod det klart att de sista 319 kilometrarna skulle bli b\u00f6rjan p\u00e5 n\u00e5got helt nytt. S\u00e5 mycket f\u00f6r en recension av Eifelsteig, v\u00e5r f\u00f6rsta Thru-Hike.<\/p>\n\n\n\n<h1 class=\"wp-block-heading\"><strong>Viktminskning<\/strong><\/h1>\n\n\n\n<p>Fler terr\u00e4ngvandringar f\u00f6ljde. Vid \u00e5rsskiftet 2020\/2021 tillbringade vi n\u00e5gra dagar p\u00e5 GR6 i Luberon\/Frankrike, men med \u00f6vernattning i fordonet. Flera etapper p\u00e5 <a href=\"http:\/\/twofeetadventures.de\/sv\/category\/adventures\/luxemburg\/gr5\/\" data-type=\"category\" data-id=\"30\">GR5 i Luxemburg<\/a>d\u00e4r vi var p\u00e5 v\u00e4g igen \u00f6ver natten i helgen. P\u00e5 v\u00e5ren 2020 kommer vi att genomf\u00f6ra en vandring i <a href=\"http:\/\/twofeetadventures.de\/sv\/category\/adventures\/deutschland\/pfaelzer-weinsteig\/\" data-type=\"category\" data-id=\"28\">Palatinate Wine Trail<\/a> och sedan utspridda \u00f6ver flera helger den <a href=\"http:\/\/twofeetadventures.de\/sv\/category\/adventures\/deutschland\/pfaelzer-waldpfad\/\" data-type=\"category\" data-id=\"29\">Palatinate Forest Trail<\/a>. Vi optimerade v\u00e5r utrustning och letade efter s\u00e4tt att minska vikten, s\u00e4rskilt n\u00e4r det g\u00e4ller vandring med hundar. Det allest\u00e4des n\u00e4rvarande \u00e4mnet ultral\u00e4tt vandring (UL) driver oss naturligtvis ocks\u00e5 fram\u00e5t, men vi kommer inte och vill inte uppn\u00e5 en basvikt p\u00e5 h\u00f6gst 5 kilo i ryggs\u00e4cken (definition ultral\u00e4tt), eftersom vi inte vill g\u00f6ra avkall p\u00e5 en viss niv\u00e5 av komfort, teknik och anst\u00e4ndig v\u00e5rd f\u00f6r hundarna. Att ge upp vikten till v\u00e5ra hundar har f\u00f6rt oss ett stort steg fram\u00e5t. De \u00e4r tillr\u00e4ckligt v\u00e4ltr\u00e4nade p\u00e5 grund av m\u00e5nga kilometers promenader och har snabbt vant sig vid sina nya hundryggs\u00e4ckar. Precis som m\u00e4nniskor kan hundar sj\u00e4lva b\u00e4ra upp till 20% av sin egen kroppsvikt. Vi kan allts\u00e5 nu ge upp till tre kilo till v\u00e5ra f\u00f6ljeslagare. En enorm l\u00e4ttnad f\u00f6r oss!<br><br><\/p>\n\n\n\n<p class=\"has-background\" style=\"background-color:#bdbdbd\">L\u00e4nk: Du kan l\u00e4sa mer om v\u00e5r utrustning med viktuppgifter h\u00e4r: <a href=\"https:\/\/twofeetadventures.de\/sv\/utrustning\/\" data-type=\"page\" data-id=\"357\">UTRUSTNING<\/a><\/p>\n\n\n\n<p><br><\/p>\n\n\n\n<div class=\"wp-block-columns is-layout-flex wp-container-core-columns-is-layout-9d6595d7 wp-block-columns-is-layout-flex\">\n<div class=\"wp-block-column is-layout-flow wp-block-column-is-layout-flow\">\n<figure class=\"wp-block-image size-large\"><a href=\"http:\/\/twofeetadventures.de\/sv\/category\/adventures\/deutschland\/eifelsteig\/\"><img loading=\"lazy\" decoding=\"async\" width=\"300\" height=\"300\" data-attachment-id=\"1068\" data-permalink=\"https:\/\/twofeetadventures.de\/sv\/vem-vi-aer\/eifelsteig\/\" data-orig-file=\"https:\/\/twofeetadventures.de\/wp-content\/uploads\/2021\/05\/eifelsteig.jpg\" data-orig-size=\"300,300\" data-comments-opened=\"1\" data-image-meta=\"{&quot;aperture&quot;:&quot;0&quot;,&quot;credit&quot;:&quot;&quot;,&quot;camera&quot;:&quot;&quot;,&quot;caption&quot;:&quot;&quot;,&quot;created_timestamp&quot;:&quot;0&quot;,&quot;copyright&quot;:&quot;&quot;,&quot;focal_length&quot;:&quot;0&quot;,&quot;iso&quot;:&quot;0&quot;,&quot;shutter_speed&quot;:&quot;0&quot;,&quot;title&quot;:&quot;&quot;,&quot;orientation&quot;:&quot;0&quot;}\" data-image-title=\"eifelsteig\" data-image-description=\"\" data-image-caption=\"\" data-medium-file=\"https:\/\/twofeetadventures.de\/wp-content\/uploads\/2021\/05\/eifelsteig.jpg\" data-large-file=\"https:\/\/twofeetadventures.de\/wp-content\/uploads\/2021\/05\/eifelsteig.jpg\" src=\"http:\/\/twofeetadventures.de\/wp-content\/uploads\/2021\/05\/eifelsteig.jpg\" alt=\"\" class=\"wp-image-1068\" srcset=\"https:\/\/twofeetadventures.de\/wp-content\/uploads\/2021\/05\/eifelsteig.jpg 300w, https:\/\/twofeetadventures.de\/wp-content\/uploads\/2021\/05\/eifelsteig-150x150.jpg 150w\" sizes=\"auto, (max-width: 300px) 100vw, 300px\" \/><\/a><\/figure>\n<\/div>\n\n\n\n<div class=\"wp-block-column is-layout-flow wp-block-column-is-layout-flow\">\n<figure class=\"wp-block-image size-large\"><a href=\"http:\/\/twofeetadventures.de\/sv\/category\/adventures\/frankreich\/auf-dem-gr6\/\"><img loading=\"lazy\" decoding=\"async\" width=\"300\" height=\"300\" data-attachment-id=\"1069\" data-permalink=\"https:\/\/twofeetadventures.de\/sv\/vem-vi-aer\/gr6\/\" data-orig-file=\"https:\/\/twofeetadventures.de\/wp-content\/uploads\/2021\/05\/gr6.jpg\" data-orig-size=\"300,300\" data-comments-opened=\"1\" data-image-meta=\"{&quot;aperture&quot;:&quot;0&quot;,&quot;credit&quot;:&quot;&quot;,&quot;camera&quot;:&quot;&quot;,&quot;caption&quot;:&quot;&quot;,&quot;created_timestamp&quot;:&quot;0&quot;,&quot;copyright&quot;:&quot;&quot;,&quot;focal_length&quot;:&quot;0&quot;,&quot;iso&quot;:&quot;0&quot;,&quot;shutter_speed&quot;:&quot;0&quot;,&quot;title&quot;:&quot;&quot;,&quot;orientation&quot;:&quot;0&quot;}\" data-image-title=\"gr6\" data-image-description=\"\" data-image-caption=\"\" data-medium-file=\"https:\/\/twofeetadventures.de\/wp-content\/uploads\/2021\/05\/gr6.jpg\" data-large-file=\"https:\/\/twofeetadventures.de\/wp-content\/uploads\/2021\/05\/gr6.jpg\" src=\"http:\/\/twofeetadventures.de\/wp-content\/uploads\/2021\/05\/gr6.jpg\" alt=\"\" class=\"wp-image-1069\" srcset=\"https:\/\/twofeetadventures.de\/wp-content\/uploads\/2021\/05\/gr6.jpg 300w, https:\/\/twofeetadventures.de\/wp-content\/uploads\/2021\/05\/gr6-150x150.jpg 150w\" sizes=\"auto, (max-width: 300px) 100vw, 300px\" \/><\/a><\/figure>\n<\/div>\n\n\n\n<div class=\"wp-block-column is-layout-flow wp-block-column-is-layout-flow\">\n<figure class=\"wp-block-image size-large\"><a href=\"http:\/\/twofeetadventures.de\/sv\/category\/adventures\/deutschland\/pfaelzer-weinsteig\/\"><img loading=\"lazy\" decoding=\"async\" width=\"300\" height=\"300\" data-attachment-id=\"1070\" data-permalink=\"https:\/\/twofeetadventures.de\/sv\/vem-vi-aer\/pfaelzer-weinsteig\/\" data-orig-file=\"https:\/\/twofeetadventures.de\/wp-content\/uploads\/2021\/05\/pfaelzer-weinsteig.jpg\" data-orig-size=\"300,300\" data-comments-opened=\"1\" data-image-meta=\"{&quot;aperture&quot;:&quot;0&quot;,&quot;credit&quot;:&quot;&quot;,&quot;camera&quot;:&quot;&quot;,&quot;caption&quot;:&quot;&quot;,&quot;created_timestamp&quot;:&quot;0&quot;,&quot;copyright&quot;:&quot;&quot;,&quot;focal_length&quot;:&quot;0&quot;,&quot;iso&quot;:&quot;0&quot;,&quot;shutter_speed&quot;:&quot;0&quot;,&quot;title&quot;:&quot;&quot;,&quot;orientation&quot;:&quot;0&quot;}\" data-image-title=\"pf\u00e4lzer-weinsteig\" data-image-description=\"\" data-image-caption=\"\" data-medium-file=\"https:\/\/twofeetadventures.de\/wp-content\/uploads\/2021\/05\/pfaelzer-weinsteig.jpg\" data-large-file=\"https:\/\/twofeetadventures.de\/wp-content\/uploads\/2021\/05\/pfaelzer-weinsteig.jpg\" src=\"http:\/\/twofeetadventures.de\/wp-content\/uploads\/2021\/05\/pfaelzer-weinsteig.jpg\" alt=\"\" class=\"wp-image-1070\" srcset=\"https:\/\/twofeetadventures.de\/wp-content\/uploads\/2021\/05\/pfaelzer-weinsteig.jpg 300w, https:\/\/twofeetadventures.de\/wp-content\/uploads\/2021\/05\/pfaelzer-weinsteig-150x150.jpg 150w\" sizes=\"auto, (max-width: 300px) 100vw, 300px\" \/><\/a><\/figure>\n<\/div>\n\n\n\n<div class=\"wp-block-column is-layout-flow wp-block-column-is-layout-flow\">\n<figure class=\"wp-block-image size-large\"><a href=\"http:\/\/twofeetadventures.de\/sv\/category\/adventures\/deutschland\/pfaelzer-waldpfad\/\"><img loading=\"lazy\" decoding=\"async\" width=\"300\" height=\"300\" data-attachment-id=\"1071\" data-permalink=\"https:\/\/twofeetadventures.de\/sv\/vem-vi-aer\/pfaelzer-waldpfad\/\" data-orig-file=\"https:\/\/twofeetadventures.de\/wp-content\/uploads\/2021\/05\/pfaelzer-waldpfad.jpg\" data-orig-size=\"300,300\" data-comments-opened=\"1\" data-image-meta=\"{&quot;aperture&quot;:&quot;0&quot;,&quot;credit&quot;:&quot;&quot;,&quot;camera&quot;:&quot;&quot;,&quot;caption&quot;:&quot;&quot;,&quot;created_timestamp&quot;:&quot;0&quot;,&quot;copyright&quot;:&quot;&quot;,&quot;focal_length&quot;:&quot;0&quot;,&quot;iso&quot;:&quot;0&quot;,&quot;shutter_speed&quot;:&quot;0&quot;,&quot;title&quot;:&quot;&quot;,&quot;orientation&quot;:&quot;0&quot;}\" data-image-title=\"pf\u00e4lzer-waldpfad\" data-image-description=\"\" data-image-caption=\"\" data-medium-file=\"https:\/\/twofeetadventures.de\/wp-content\/uploads\/2021\/05\/pfaelzer-waldpfad.jpg\" data-large-file=\"https:\/\/twofeetadventures.de\/wp-content\/uploads\/2021\/05\/pfaelzer-waldpfad.jpg\" src=\"http:\/\/twofeetadventures.de\/wp-content\/uploads\/2021\/05\/pfaelzer-waldpfad.jpg\" alt=\"\" class=\"wp-image-1071\" srcset=\"https:\/\/twofeetadventures.de\/wp-content\/uploads\/2021\/05\/pfaelzer-waldpfad.jpg 300w, https:\/\/twofeetadventures.de\/wp-content\/uploads\/2021\/05\/pfaelzer-waldpfad-150x150.jpg 150w\" sizes=\"auto, (max-width: 300px) 100vw, 300px\" \/><\/a><\/figure>\n<\/div>\n<\/div>\n\n\n\n<figure class=\"wp-block-pullquote is-style-solid-color\" style=\"font-size:14px\"><blockquote><p>Po\u00e4ngen med att resa \u00e4r att komma till en destination, po\u00e4ngen med att vandra \u00e4r att vara p\u00e5 v\u00e4gen.<\/p><cite>Theodor Heuss<\/cite><\/blockquote><\/figure>\n\n\n\n<h1 class=\"wp-block-heading\"><strong>Aktuell<\/strong><\/h1>\n\n\n\n<p>Efter l\u00e5nga f\u00f6rberedelser och flera m\u00e5nader utan vandringsupplevelser b\u00f6rjade vi v\u00e5r stora resa i december 2022. Den h\u00e4r g\u00e5ngen fick vi st\u00f6d av v\u00e5r stora husbil, som kommer att ta oss till de vackraste platserna - \u00e4ven f\u00f6r vandring, men mycket mer \u00e4n s\u00e5. Vi kommer att vara p\u00e5 resande fot i minst 1,5 \u00e5r. V\u00e5r resv\u00e4g g\u00e5r via Frankrike, Spanien, Marocko och Portugal under vintern 2022\/2023. P\u00e5 v\u00e5ren kommer vi att g\u00f6ra ett kort bes\u00f6k i Tyskland igen f\u00f6r omorganisation. Sedan forts\u00e4tter vi s\u00f6ml\u00f6st mot Skandinavien, Baltikum och \u00d6steuropa. H\u00f6sten 2023 kommer v\u00e5r rutt att leda oss till \u00f6stra Medelhavet med Balkan, Grekland och Turkiet. <\/p>\n\n\n\n<h1 class=\"wp-block-heading\"><br><strong>Outlook<\/strong><\/h1>\n\n\n\n<p>Som vi alla vet har du m\u00e5nga m\u00e5l i livet. V\u00e5r dr\u00f6m \u00e4r f\u00f6rst\u00e5s att vandra PCT (Pacific Crest Trail, 4265 km) en dag. Men vi har ocks\u00e5 mindre visioner, som att vandra GR5 i etapper fr\u00e5n Nordsj\u00f6n till Medelhavet, GTA i Italien eller till och med en eller tv\u00e5 av kl\u00e4ttringarna i Tyskland.<br><br><\/p>\n\n\n\n<figure class=\"wp-block-image size-large is-resized\"><img loading=\"lazy\" decoding=\"async\" data-attachment-id=\"1059\" data-permalink=\"https:\/\/twofeetadventures.de\/sv\/cropped-20210321_174734_a-scaled-1-jpg\/\" data-orig-file=\"https:\/\/twofeetadventures.de\/wp-content\/uploads\/2021\/04\/cropped-20210321_174734_a-scaled-1.jpg\" data-orig-size=\"1920,1080\" data-comments-opened=\"1\" data-image-meta=\"{&quot;aperture&quot;:&quot;0&quot;,&quot;credit&quot;:&quot;&quot;,&quot;camera&quot;:&quot;&quot;,&quot;caption&quot;:&quot;&quot;,&quot;created_timestamp&quot;:&quot;0&quot;,&quot;copyright&quot;:&quot;&quot;,&quot;focal_length&quot;:&quot;0&quot;,&quot;iso&quot;:&quot;0&quot;,&quot;shutter_speed&quot;:&quot;0&quot;,&quot;title&quot;:&quot;&quot;,&quot;orientation&quot;:&quot;0&quot;}\" data-image-title=\"cropped-20210321_174734_a-scaled-1.jpg\" data-image-description=\"\" data-image-caption=\"\" data-medium-file=\"https:\/\/twofeetadventures.de\/wp-content\/uploads\/2021\/04\/cropped-20210321_174734_a-scaled-1-300x169.jpg\" data-large-file=\"https:\/\/twofeetadventures.de\/wp-content\/uploads\/2021\/04\/cropped-20210321_174734_a-scaled-1-1024x576.jpg\" src=\"http:\/\/twofeetadventures.de\/wp-content\/uploads\/2021\/04\/cropped-20210321_174734_a-scaled-1-1024x576.jpg\" alt=\"\" class=\"wp-image-1059\" width=\"1179\" height=\"663\" srcset=\"https:\/\/twofeetadventures.de\/wp-content\/uploads\/2021\/04\/cropped-20210321_174734_a-scaled-1-1024x576.jpg 1024w, https:\/\/twofeetadventures.de\/wp-content\/uploads\/2021\/04\/cropped-20210321_174734_a-scaled-1-300x169.jpg 300w, https:\/\/twofeetadventures.de\/wp-content\/uploads\/2021\/04\/cropped-20210321_174734_a-scaled-1-768x432.jpg 768w, https:\/\/twofeetadventures.de\/wp-content\/uploads\/2021\/04\/cropped-20210321_174734_a-scaled-1-1536x864.jpg 1536w, https:\/\/twofeetadventures.de\/wp-content\/uploads\/2021\/04\/cropped-20210321_174734_a-scaled-1-541x304.jpg 541w, https:\/\/twofeetadventures.de\/wp-content\/uploads\/2021\/04\/cropped-20210321_174734_a-scaled-1.jpg 1920w\" sizes=\"auto, (max-width: 1179px) 100vw, 1179px\" \/><\/figure>","protected":false},"excerpt":{"rendered":"<p>Vandring \u00e4r v\u00e5r passion, \u00e4ventyr p\u00e5 tv\u00e5 f\u00f6tter. Vi uppt\u00e4cker sm\u00e5 och stora saker p\u00e5 v\u00e4rldens stigar. Att vara i kontakt med naturen. Att h\u00e5lla livet borta fr\u00e5n det dagliga bruset till ett minimum. Att uppleva och njuta av v\u00e4rlden och naturen p\u00e5 ett medvetet och sant s\u00e4tt.<\/p>\n<p>\u142f<br \/>\u142f<br \/>\u142f<\/p>","protected":false},"author":1,"featured_media":1023,"parent":0,"menu_order":0,"comment_status":"closed","ping_status":"closed","template":"","meta":{"ngg_post_thumbnail":0,"jetpack_post_was_ever_published":false,"footnotes":""},"class_list":["post-354","page","type-page","status-publish","has-post-thumbnail","hentry"],"jetpack_sharing_enabled":true,"jetpack_likes_enabled":true,"_links":{"self":[{"href":"https:\/\/twofeetadventures.de\/sv\/wp-json\/wp\/v2\/pages\/354","targetHints":{"allow":["GET"]}}],"collection":[{"href":"https:\/\/twofeetadventures.de\/sv\/wp-json\/wp\/v2\/pages"}],"about":[{"href":"https:\/\/twofeetadventures.de\/sv\/wp-json\/wp\/v2\/types\/page"}],"author":[{"embeddable":true,"href":"https:\/\/twofeetadventures.de\/sv\/wp-json\/wp\/v2\/users\/1"}],"replies":[{"embeddable":true,"href":"https:\/\/twofeetadventures.de\/sv\/wp-json\/wp\/v2\/comments?post=354"}],"version-history":[{"count":19,"href":"https:\/\/twofeetadventures.de\/sv\/wp-json\/wp\/v2\/pages\/354\/revisions"}],"predecessor-version":[{"id":1413,"href":"https:\/\/twofeetadventures.de\/sv\/wp-json\/wp\/v2\/pages\/354\/revisions\/1413"}],"wp:featuredmedia":[{"embeddable":true,"href":"https:\/\/twofeetadventures.de\/sv\/wp-json\/wp\/v2\/media\/1023"}],"wp:attachment":[{"href":"https:\/\/twofeetadventures.de\/sv\/wp-json\/wp\/v2\/media?parent=354"}],"curies":[{"name":"wp","href":"https:\/\/api.w.org\/{rel}","templated":true}]}}